{"id":1884,"date":"2024-11-15T14:52:29","date_gmt":"2024-11-15T11:52:29","guid":{"rendered":"http:\/\/drzeynepgedikozkose.com\/?page_id=1884"},"modified":"2024-11-21T14:14:21","modified_gmt":"2024-11-21T11:14:21","slug":"lazer-ile-genital-bolge-beyazlatma","status":"publish","type":"page","link":"https:\/\/drzeynepgedikozkose.com\/?page_id=1884","title":{"rendered":"Lazer uygulamalar\u0131"},"content":{"rendered":"<p>[vc_row][vc_column][vc_column_text]<\/p>\n<div class=\"title\"><span style=\"font-size: 12pt;\"><strong>Lazer ile Genital B\u00f6lge Beyazlatma<\/strong><\/span><\/div>\n<div class=\"desc\">Genital beyazlatma i\u015flemi, bikini b\u00f6lgesindeki cilt tonunu e\u015fitlemek ve kararmalar\u0131 gidermek amac\u0131yla uygulanan bir dizi estetik tedaviden olu\u015fur. Bu i\u015flemler, \u00e7o\u011funlukla ameliyats\u0131z y\u00f6ntemlerle ger\u00e7ekle\u015ftirilir ve genellikle h\u0131zl\u0131, konforsuzluk vermeden tamamlanan prosed\u00fcrlerdir. Lazer tedavisi, bu alanda en yayg\u0131n kullan\u0131lan y\u00f6ntemlerden biridir ve melanin pigmentinin a\u015f\u0131r\u0131 birikiminden kaynaklanan kararmalar\u0131 hedef al\u0131r.<\/div>\n<div><\/div>\n<div>\n<div class=\"title\"><span style=\"font-size: 12pt;\"><strong>Lazer \u0130le \u0130drar Ka\u00e7\u0131rma Tedavisi<\/strong><\/span><\/div>\n<div class=\"desc\">Lazer teknolojisi ile yap\u0131lan idrar ka\u00e7\u0131rma tedavisi, g\u00fcnl\u00fck ya\u015fam\u0131 b\u00fcy\u00fck \u00f6l\u00e7\u00fcde etkileyen bu sorunu \u00e7\u00f6zmede modern ve minimal invaziv bir yakla\u015f\u0131m sunmaktad\u0131r. Bu y\u00f6ntem, \u00f6zellikle orta ve hafif seviyedeki idrar ka\u00e7\u0131rma problemlerinin yan\u0131 s\u0131ra, kar\u0131\u015f\u0131k tip idrar ka\u00e7\u0131rma vakalar\u0131nda da etkili sonu\u00e7lar vermektedir. Lazer tedavisinde, cerrahi bir i\u015flem olmad\u0131\u011f\u0131 i\u00e7in kesik veya diki\u015f gerektirmez. Bu, tedavi s\u00fcrecinin a\u011fr\u0131s\u0131z olmas\u0131n\u0131 sa\u011flar ve hasta i\u00e7in anestezi ihtiyac\u0131n\u0131 ortadan kald\u0131r\u0131r. Tedavi, genellikle poliklinik ko\u015fullar\u0131nda, hasta ayaktayken ger\u00e7ekle\u015ftirilebilir, bu da hastalar\u0131n tedavi sonras\u0131 h\u0131zla normal ya\u015famlar\u0131na d\u00f6nebilmelerine olanak tan\u0131r.<\/div>\n<div><\/div>\n<\/div>\n<div>\n<div class=\"title\"><span style=\"font-size: 12pt;\"><strong>Lazer \u0130le Vajina Daraltma<\/strong><\/span><\/div>\n<div class=\"desc\">Lazerle vajina daraltma ve s\u0131k\u0131la\u015ft\u0131rma i\u015flemleri, cerrahi olmayan, minimal risk ta\u015f\u0131yan ve hasta konforunu \u00f6n planda tutan geli\u015fmi\u015f teknolojik y\u00f6ntemler aras\u0131nda yer almaktad\u0131r. Bu y\u00f6ntemler, genel anestezi gerektirmeksizin, h\u0131zl\u0131 ve konforlu bir iyile\u015fme s\u00fcreci sunarak, a\u011fr\u0131 veya ac\u0131 hissi olmadan uygulanabilmektedir. Son y\u0131llarda, cinsel ya\u015fam kalitesini art\u0131rmak, cinsel uyar\u0131lma ve tatmini g\u00fc\u00e7lendirmek, orgazm\u0131 kolayla\u015ft\u0131rmak ve idrar ka\u00e7\u0131rma gibi sorunlar\u0131 \u00e7\u00f6zmek amac\u0131yla tercih edilen bu i\u015flemler, pop\u00fclerli\u011fini giderek art\u0131rmaktad\u0131r.<\/div>\n<\/div>\n<div><\/div>\n<div><\/div>\n<div>\n<div>\n<p>Sayfa bilgilendirme ama\u00e7l\u0131d\u0131r. Tan\u0131 ve Tedavi i\u00e7in doktorunuza ba\u015fvurunuz.<\/p>\n<pre>G\u00fcncelleme Tarihi 18.11.2024<\/pre>\n<\/div>\n<div><\/div>\n<\/div>\n<p>[\/vc_column_text][\/vc_column][\/vc_row]<\/p>\n","protected":false},"excerpt":{"rendered":"<p>[vc_row][vc_column][vc_column_text] Lazer ile Genital B\u00f6lge Beyazlatma Genital beyazlatma i\u015flemi, bikini b\u00f6lgesindeki cilt tonunu e\u015fitlemek ve kararmalar\u0131 gidermek amac\u0131yla uygulanan bir dizi estetik tedaviden olu\u015fur. Bu i\u015flemler, \u00e7o\u011funlukla ameliyats\u0131z y\u00f6ntemlerle ger\u00e7ekle\u015ftirilir ve genellikle h\u0131zl\u0131, konforsuzluk vermeden tamamlanan prosed\u00fcrlerdir. Lazer tedavisi, bu alanda en yayg\u0131n kullan\u0131lan y\u00f6ntemlerden biridir ve melanin pigmentinin a\u015f\u0131r\u0131 birikiminden kaynaklanan kararmalar\u0131 hedef al\u0131r.&hellip;<\/p>\n","protected":false},"author":2,"featured_media":0,"parent":0,"menu_order":0,"comment_status":"closed","ping_status":"closed","template":"","meta":{"inline_featured_image":false,"_joinchat":[]},"_links":{"self":[{"href":"https:\/\/drzeynepgedikozkose.com\/index.php?rest_route=\/wp\/v2\/pages\/1884"}],"collection":[{"href":"https:\/\/drzeynepgedikozkose.com\/index.php?rest_route=\/wp\/v2\/pages"}],"about":[{"href":"https:\/\/drzeynepgedikozkose.com\/index.php?rest_route=\/wp\/v2\/types\/page"}],"author":[{"embeddable":true,"href":"https:\/\/drzeynepgedikozkose.com\/index.php?rest_route=\/wp\/v2\/users\/2"}],"replies":[{"embeddable":true,"href":"https:\/\/drzeynepgedikozkose.com\/index.php?rest_route=%2Fwp%2Fv2%2Fcomments&post=1884"}],"version-history":[{"count":5,"href":"https:\/\/drzeynepgedikozkose.com\/index.php?rest_route=\/wp\/v2\/pages\/1884\/revisions"}],"predecessor-version":[{"id":1995,"href":"https:\/\/drzeynepgedikozkose.com\/index.php?rest_route=\/wp\/v2\/pages\/1884\/revisions\/1995"}],"wp:attachment":[{"href":"https:\/\/drzeynepgedikozkose.com\/index.php?rest_route=%2Fwp%2Fv2%2Fmedia&parent=1884"}],"curies":[{"name":"wp","href":"https:\/\/api.w.org\/{rel}","templated":true}]}}