{"id":1882,"date":"2024-11-15T14:51:47","date_gmt":"2024-11-15T11:51:47","guid":{"rendered":"http:\/\/drzeynepgedikozkose.com\/?page_id=1882"},"modified":"2024-11-21T14:04:59","modified_gmt":"2024-11-21T11:04:59","slug":"genital-bolge-beyazlatma-renk-acma","status":"publish","type":"page","link":"https:\/\/drzeynepgedikozkose.com\/?page_id=1882","title":{"rendered":"Genital B\u00f6lge Beyazlatma (Renk A\u00e7ma)"},"content":{"rendered":"<p>[vc_row][vc_column][vc_column_text]<\/p>\n<h2 id=\"bikini-bolgesi-neden-kararir\"><span style=\"font-size: 12pt;\">Genital B\u00f6lge Neden Karar\u0131r?<\/span><\/h2>\n<p>Vajinan\u0131n d\u0131\u015f b\u00f6lgesi vulva olarak adland\u0131r\u0131lmaktad\u0131r. Bu b\u00f6lge genel olarak hormonal de\u011fi\u015fimlere ve ya\u015f\u0131n ilerlemesine ba\u011fl\u0131 olarak zamanla koyula\u015fmaktad\u0131r. \u00d6zellikle gebelik d\u00f6neminde \u00fcst seviyelere \u00e7\u0131kan \u00f6strojen hormonu, vulva b\u00f6lgesinin koyula\u015fmas\u0131na neden olur. Genital b\u00f6lgede meydana gelen koyula\u015fma, gebelik sonras\u0131nda da devam etmektedir. Esmer tenli bayanlarda meydana gelen bu koyula\u015fma daha belirgin bir hal almaktad\u0131r. \u00d6strojen hormonu d\u0131\u015f\u0131nda genital b\u00f6lgede koyula\u015fmaya neden olan etkenler aras\u0131nda hormonal rahats\u0131zl\u0131klar, do\u011fum kontrol hap\u0131 kullan\u0131m\u0131, cilt hastal\u0131klar\u0131 ve polikistik over sendromu yer almaktad\u0131r. Bunun yan\u0131 s\u0131ra vajina b\u00f6lgesini temizlemek i\u00e7in uygulanan yanl\u0131\u015f epilasyon; s\u0131cak a\u011fda, jilet kullan\u0131m\u0131 ve hatal\u0131 lazer epilasyon, , sentetik i\u00e7 \u00e7ama\u015f\u0131r\u0131 kullan\u0131m\u0131, a\u015f\u0131r\u0131 kilo ve dar giyinmek vajina b\u00f6lgesinde kararmaya yol a\u00e7maktad\u0131r. Vajina b\u00f6lgesinde meydana gelen koyula\u015fma t\u00fcm bunlar\u0131n d\u0131\u015f\u0131nda genetik bir durumda olabilmektedir.<\/p>\n<h2><span style=\"font-size: 12pt;\"><strong>Lazerle\u00a0Vajina Beyazlatma<\/strong>\u00a0<\/span><\/h2>\n<p>Vajina b\u00f6lgesinde meydana gelen kararmalar i\u00e7in en ba\u015far\u0131l\u0131 y\u00f6ntem Erbium Yag lazerle beyazlatma y\u00f6ntemidir. Lazer i\u015flemi \u00f6ncesinde genital b\u00f6lgeye lokal anestezik kremler s\u00fcr\u00fcl\u00fcr ve i\u015flem s\u0131ras\u0131nda a\u011fr\u0131 hissinin azalt\u0131lmas\u0131 sa\u011flan\u0131r. Toplamda 20-25 dakika s\u00fcren i\u015flem s\u0131ras\u0131nda, vajina b\u00f6lgesinde meydana gelen kararmalara lazer \u0131\u015f\u0131n\u0131 uygulan\u0131r. Uygulanan lazer \u0131\u015f\u0131nlar\u0131 melanosit h\u00fccrelerini par\u00e7alar ve melanin yap\u0131m\u0131n\u0131 engelleyerek vajina b\u00f6lgesinin beyazlamas\u0131n\u0131 sa\u011flar. \u0130\u015flem sonras\u0131nda lazer uygulanan b\u00f6lgede k\u0131zar\u0131kl\u0131k, \u015fi\u015flik, su toplanmas\u0131 ve \u00f6dem olu\u015fumu olduk\u00e7a normaldir. \u0130\u015flem sonras\u0131nda genital b\u00f6lgede koyula\u015fma meydana gelir ve sonras\u0131nda \u00f6l\u00fc cilt h\u00fccreleri d\u00f6k\u00fclerek yerine daha parlak ve beyaz bir cilt dokusu gelir.<\/p>\n<p>Lazer ile vajina beyazlatma i\u015fleminde cildin en \u00fcst\u00fcnde bulunan epidermis tabakas\u0131 soyulmaktad\u0131r. Bu tabakan\u0131n alt\u0131nda daha parlak ve pembe bir cilt tabakas\u0131 yer almaktad\u0131r. Vajina beyazlatma i\u015flemi i\u00e7in kullan\u0131lan lazer y\u00f6ntemi ile makat, vajina giri\u015fi, i\u00e7-d\u0131\u015f dudaklar ve anal b\u00f6lgenin tamam\u0131 beyazlat\u0131labilmektedir.<\/p>\n<h2><span style=\"font-size: 12pt;\">Sol\u00fcsyon ile Genital Beyazlatma<\/span><\/h2>\n<p>Genital beyazlatma y\u00f6ntemlerinden biri \u00a0\u00f6zel bir teknikle uygulanan genital b\u00f6lge renk a\u00e7\u0131c\u0131 sol\u00fcsyonlarla bu b\u00f6lgenin renginin a\u00e7\u0131lmas\u0131 y\u00f6ntemidir. \u00d6ncesinde lokal anesteziye bile gerek duyulmayan uygulama olduk\u00e7a kolay, etkili sonu\u00e7lar ald\u0131\u011f\u0131m\u0131z genital b\u00f6lge renk a\u00e7ma i\u015flemidir.<\/p>\n<p>Tam olarak bir tak\u0131m \u00a0\u00f6zel sol\u00fcsyonlar\u0131n cilt \u00fczerine uygulanmas\u0131yla sa\u011fl\u0131kl\u0131 bir derinin ortaya \u00e7\u0131kmas\u0131n\u0131 hedefleyen beyazlatma y\u00f6ntemidir. Bu y\u00f6ntem \u00fcst cilt tabakas\u0131nda mekanik bir soyulma olmadan enzimler yard\u0131m\u0131yla ak\u0131ll\u0131 peeling uygulamas\u0131d\u0131r.<\/p>\n<p>&nbsp;<\/p>\n<p>&nbsp;<\/p>\n<p>&nbsp;<\/p>\n<p>&nbsp;<\/p>\n<div>\n<p>Sayfa bilgilendirme ama\u00e7l\u0131d\u0131r. Tan\u0131 ve Tedavi i\u00e7in doktorunuza ba\u015fvurunuz.<\/p>\n<pre>G\u00fcncelleme Tarihi 18.11.2024<\/pre>\n<\/div>\n<div><\/div>\n<p>[\/vc_column_text][\/vc_column][\/vc_row]<\/p>\n","protected":false},"excerpt":{"rendered":"<p>[vc_row][vc_column][vc_column_text] Genital B\u00f6lge Neden Karar\u0131r? Vajinan\u0131n d\u0131\u015f b\u00f6lgesi vulva olarak adland\u0131r\u0131lmaktad\u0131r. Bu b\u00f6lge genel olarak hormonal de\u011fi\u015fimlere ve ya\u015f\u0131n ilerlemesine ba\u011fl\u0131 olarak zamanla koyula\u015fmaktad\u0131r. \u00d6zellikle gebelik d\u00f6neminde \u00fcst seviyelere \u00e7\u0131kan \u00f6strojen hormonu, vulva b\u00f6lgesinin koyula\u015fmas\u0131na neden olur. Genital b\u00f6lgede meydana gelen koyula\u015fma, gebelik sonras\u0131nda da devam etmektedir. Esmer tenli bayanlarda meydana gelen bu koyula\u015fma daha&hellip;<\/p>\n","protected":false},"author":2,"featured_media":0,"parent":0,"menu_order":0,"comment_status":"closed","ping_status":"closed","template":"","meta":{"inline_featured_image":false,"_joinchat":[]},"_links":{"self":[{"href":"https:\/\/drzeynepgedikozkose.com\/index.php?rest_route=\/wp\/v2\/pages\/1882"}],"collection":[{"href":"https:\/\/drzeynepgedikozkose.com\/index.php?rest_route=\/wp\/v2\/pages"}],"about":[{"href":"https:\/\/drzeynepgedikozkose.com\/index.php?rest_route=\/wp\/v2\/types\/page"}],"author":[{"embeddable":true,"href":"https:\/\/drzeynepgedikozkose.com\/index.php?rest_route=\/wp\/v2\/users\/2"}],"replies":[{"embeddable":true,"href":"https:\/\/drzeynepgedikozkose.com\/index.php?rest_route=%2Fwp%2Fv2%2Fcomments&post=1882"}],"version-history":[{"count":3,"href":"https:\/\/drzeynepgedikozkose.com\/index.php?rest_route=\/wp\/v2\/pages\/1882\/revisions"}],"predecessor-version":[{"id":1985,"href":"https:\/\/drzeynepgedikozkose.com\/index.php?rest_route=\/wp\/v2\/pages\/1882\/revisions\/1985"}],"wp:attachment":[{"href":"https:\/\/drzeynepgedikozkose.com\/index.php?rest_route=%2Fwp%2Fv2%2Fmedia&parent=1882"}],"curies":[{"name":"wp","href":"https:\/\/api.w.org\/{rel}","templated":true}]}}