{"id":1880,"date":"2024-11-15T14:51:14","date_gmt":"2024-11-15T11:51:14","guid":{"rendered":"http:\/\/drzeynepgedikozkose.com\/?page_id=1880"},"modified":"2024-11-21T14:29:49","modified_gmt":"2024-11-21T11:29:49","slug":"vajina-daraltma-vajinoplasti-sikilastirma","status":"publish","type":"page","link":"https:\/\/drzeynepgedikozkose.com\/?page_id=1880","title":{"rendered":"Vajina Daraltma (Vajinoplasti) S\u0131k\u0131la\u015ft\u0131rma"},"content":{"rendered":"<p>[vc_row][vc_column][vc_column_text]<span style=\"font-size: 12pt;\"><strong>Vajina Daraltma Nedir?<\/strong><\/span><\/p>\n<p>Vajinada belirli nedenlerden dolay\u0131 zaman i\u00e7erisinde gev\u015feme g\u00f6r\u00fclebilir. Bunun en temel sebebi, travmatik do\u011fumlard\u0131r. Ancak ya\u015f\u0131n ilerlemesi veya sadece genetik fakt\u00f6rler bile vajinan\u0131n geni\u015flemesine neden olabilir. Bu durum, cinsel isteksizlik, haz alamama gibi problemleri beraberinde getirdi\u011fi gibi ayn\u0131 zamanda ya\u015fl\u0131l\u0131k ve genetik sorunlardan da kaynaklanabilir.<\/p>\n<p>Vajinan\u0131n gev\u015femesi durumunun \u00f6n\u00fcne ge\u00e7mek i\u00e7in vajina daraltma ameliyat\u0131 yap\u0131l\u0131r. Bu i\u015flem, vajina anatomisini d\u00fczeltmek i\u00e7in ger\u00e7ekle\u015ftirilir. B\u00f6ylece vajinada ya\u015fanacak sorunlar\u0131n \u00f6n\u00fcne ge\u00e7ilir. \u00c7\u00fcnk\u00fc vajina geni\u015flemesi, cinsellikle alakal\u0131 sorunlar\u0131n yan\u0131nda enfeksiyonlara da neden olabilir. Vajinoplasti, vajina duvarlar\u0131na yap\u0131lan bir i\u015flemdir.<\/p>\n<p>Vajina Daraltma Neden Yap\u0131l\u0131r?<\/p>\n<p>Vajina daraltma operasyonu yapt\u0131rmak isteyenlerin genel olarak farkl\u0131 sebepleri vard\u0131r. Bu nedenler, cinsel ili\u015fki esnas\u0131nda al\u0131nmayan haz ya da sa\u011fl\u0131\u011f\u0131n olumsuz y\u00f6nde etkilenmesidir. Genel olarak vajinan\u0131n geni\u015flemesi sebepleri a\u015fa\u011f\u0131daki \u015fekildedir:<\/p>\n<p>Rahim Al\u0131nma Ameliyat\u0131Pelvik Cerrahi<br \/>\nMenopoz<br \/>\nH\u0131zl\u0131 Kilo Al\u0131p Vermek<br \/>\nYa\u015flanmak<br \/>\nObezite<br \/>\nPelvik Kaslar\u0131n\u0131n G\u00fc\u00e7s\u00fczl\u00fc\u011f\u00fc<br \/>\nSigara Kullan\u0131m\u0131<\/p>\n<p>&nbsp;<\/p>\n<p>&nbsp;<\/p>\n<p>&nbsp;<\/p>\n<div>\n<p>Sayfa bilgilendirme ama\u00e7l\u0131d\u0131r. Tan\u0131 ve Tedavi i\u00e7in doktorunuza ba\u015fvurunuz.<\/p>\n<pre>G\u00fcncelleme Tarihi 18.11.2024<\/pre>\n<\/div>\n<div><\/div>\n<p>[\/vc_column_text][\/vc_column][\/vc_row]<\/p>\n","protected":false},"excerpt":{"rendered":"<p>[vc_row][vc_column][vc_column_text]Vajina Daraltma Nedir? Vajinada belirli nedenlerden dolay\u0131 zaman i\u00e7erisinde gev\u015feme g\u00f6r\u00fclebilir. Bunun en temel sebebi, travmatik do\u011fumlard\u0131r. Ancak ya\u015f\u0131n ilerlemesi veya sadece genetik fakt\u00f6rler bile vajinan\u0131n geni\u015flemesine neden olabilir. Bu durum, cinsel isteksizlik, haz alamama gibi problemleri beraberinde getirdi\u011fi gibi ayn\u0131 zamanda ya\u015fl\u0131l\u0131k ve genetik sorunlardan da kaynaklanabilir. Vajinan\u0131n gev\u015femesi durumunun \u00f6n\u00fcne ge\u00e7mek i\u00e7in vajina&hellip;<\/p>\n","protected":false},"author":2,"featured_media":0,"parent":0,"menu_order":0,"comment_status":"closed","ping_status":"closed","template":"","meta":{"inline_featured_image":false,"_joinchat":[]},"_links":{"self":[{"href":"https:\/\/drzeynepgedikozkose.com\/index.php?rest_route=\/wp\/v2\/pages\/1880"}],"collection":[{"href":"https:\/\/drzeynepgedikozkose.com\/index.php?rest_route=\/wp\/v2\/pages"}],"about":[{"href":"https:\/\/drzeynepgedikozkose.com\/index.php?rest_route=\/wp\/v2\/types\/page"}],"author":[{"embeddable":true,"href":"https:\/\/drzeynepgedikozkose.com\/index.php?rest_route=\/wp\/v2\/users\/2"}],"replies":[{"embeddable":true,"href":"https:\/\/drzeynepgedikozkose.com\/index.php?rest_route=%2Fwp%2Fv2%2Fcomments&post=1880"}],"version-history":[{"count":4,"href":"https:\/\/drzeynepgedikozkose.com\/index.php?rest_route=\/wp\/v2\/pages\/1880\/revisions"}],"predecessor-version":[{"id":2006,"href":"https:\/\/drzeynepgedikozkose.com\/index.php?rest_route=\/wp\/v2\/pages\/1880\/revisions\/2006"}],"wp:attachment":[{"href":"https:\/\/drzeynepgedikozkose.com\/index.php?rest_route=%2Fwp%2Fv2%2Fmedia&parent=1880"}],"curies":[{"name":"wp","href":"https:\/\/api.w.org\/{rel}","templated":true}]}}