{"id":1878,"date":"2024-11-15T14:50:31","date_gmt":"2024-11-15T11:50:31","guid":{"rendered":"http:\/\/drzeynepgedikozkose.com\/?page_id=1878"},"modified":"2024-11-21T14:13:36","modified_gmt":"2024-11-21T11:13:36","slug":"labioplasti","status":"publish","type":"page","link":"https:\/\/drzeynepgedikozkose.com\/?page_id=1878","title":{"rendered":"Labioplasti"},"content":{"rendered":"<p>[vc_row][vc_column][vc_column_text]<\/p>\n<h2 id=\"Labioplasti_Nedir?\"><span style=\"font-size: 12pt;\"><strong>Labioplasti Nedir?<\/strong><\/span><\/h2>\n<p>Labioplasti, kad\u0131n genital b\u00f6lgesindeki dudaklara (labialar) estetik veya fonksiyonel nedenlerle yap\u0131lan cerrahi bir prosed\u00fcrd\u00fcr. Genital dudaklar, d\u0131\u015f cinsel organlar\u0131n bir par\u00e7as\u0131 olarak vulvay\u0131 olu\u015fturan labia majora (b\u00fcy\u00fck dudaklar) ve labia minora (k\u00fc\u00e7\u00fck dudaklar) olarak adland\u0131r\u0131lan iki ana b\u00f6l\u00fcme ayr\u0131l\u0131r. Labioplasti, labia majora ve labia minora&#8217;n\u0131n cerrahi yolla d\u00fczeltilmesi i\u015flemidir.<\/p>\n<h2 id=\"Labioplastiye_Neden_\u0130htiya\u00e7_Duyulur?\"><span style=\"font-size: 12pt;\"><strong>Labioplastiye Neden \u0130htiya\u00e7 Duyulur?<\/strong><\/span><\/h2>\n<p>Labioplastiye ihtiya\u00e7 duyulabilecek \u00e7e\u015fitli nedenler olabilir. Bunlar \u015funlar olabilir:<\/p>\n<ul>\n<li><strong>\u2022 Estetik Kayg\u0131lar:<\/strong> Baz\u0131 kad\u0131nlar, genital b\u00f6lgedeki dudaklar\u0131n g\u00f6r\u00fcn\u00fcm\u00fcnden ho\u015fnut olmayabilirler. Asimetri, fazla b\u00fcy\u00fckl\u00fck veya sark\u0131kl\u0131k gibi estetik sorunlar, kad\u0131nlar\u0131n labioplasti d\u00fc\u015f\u00fcnmelerine neden olabilir.<\/li>\n<li><strong>\u2022 Rahats\u0131zl\u0131k ve A\u011fr\u0131:<\/strong> B\u00fcy\u00fck veya sark\u0131k labialar, giyim veya fiziksel aktiviteler s\u0131ras\u0131nda rahats\u0131zl\u0131k veya a\u011fr\u0131ya yol a\u00e7abilir. Bu t\u00fcr sorunlar\u0131 \u00e7\u00f6zmek ve g\u00fcnl\u00fck ya\u015fam rahatl\u0131\u011f\u0131n\u0131 art\u0131rmak amac\u0131yla gerekebilir.<\/li>\n<li><strong>\u2022 Fonksiyonel Sorunlar:<\/strong> Genital b\u00f6lgedeki dudaklar\u0131n a\u015f\u0131r\u0131 b\u00fcy\u00fckl\u00fc\u011f\u00fc veya \u015fekil bozuklu\u011fu, idrar yapma veya hijyenle ilgili sorunlara neden olabilir. Labioplasti, bu t\u00fcr fonksiyonel sorunlar\u0131 d\u00fczeltebilir.<\/li>\n<li><strong>\u2022 Psikolojik Rahats\u0131zl\u0131k:<\/strong> Dudaklar\u0131n g\u00f6r\u00fcn\u00fcm\u00fc nedeniyle ki\u015finin \u00f6zsayg\u0131s\u0131 veya cinsel \u00f6zg\u00fcveni etkilenebilir. \u0130\u015flem, bu psikolojik etkileri azaltmaya yard\u0131mc\u0131 olabilir.<\/li>\n<li><strong>\u2022 Travma Sonras\u0131 D\u00fczeltme:<\/strong> Travma, do\u011fum veya cerrahi m\u00fcdahale sonras\u0131nda dudaklar hasar g\u00f6rm\u00fc\u015f veya deformasyona u\u011fram\u0131\u015fsa, labioplasti bu sorunlar\u0131 d\u00fczeltmek i\u00e7in bir se\u00e7enek olabilir.<\/li>\n<\/ul>\n<p><strong>\u2022 Cinsel Rahatl\u0131k:<\/strong> Baz\u0131 kad\u0131nlar, cinsel ili\u015fki s\u0131ras\u0131nda dudaklar\u0131n a\u015f\u0131r\u0131 b\u00fcy\u00fckl\u00fc\u011f\u00fc veya \u015fekil bozuklu\u011fu nedeniyle rahats\u0131zl\u0131k ya\u015fayabilirler. Operasyon, cinsel rahatl\u0131\u011f\u0131 art\u0131rmay\u0131 ama\u00e7layabilir.<\/p>\n<h2 id=\"Labioplasti_Kimlere_Uygulanabilir?\"><span style=\"font-size: 12pt;\"><strong>Labioplasti Kimlere Uygulanabilir?<\/strong><\/span><\/h2>\n<p>Labioplasti, \u00e7e\u015fitli nedenlerle genital b\u00f6lgedeki dudaklarda (labialar) \u015fekil de\u011fi\u015fikli\u011fi veya d\u00fczeltme ihtiyac\u0131 olan kad\u0131nlara uygulanabilir. Ancak, karar verilirken baz\u0131 fakt\u00f6rler g\u00f6z \u00f6n\u00fcnde bulundurulmal\u0131d\u0131r ve bu prosed\u00fcr\u00fcn herkese uygun olmad\u0131\u011f\u0131n\u0131 unutmaman\u0131z \u00f6nemlidir.<\/p>\n<p>&nbsp;<\/p>\n<p>&nbsp;<\/p>\n<p>&nbsp;<\/p>\n<div>\n<p>Sayfa bilgilendirme ama\u00e7l\u0131d\u0131r. Tan\u0131 ve Tedavi i\u00e7in doktorunuza ba\u015fvurunuz.<\/p>\n<pre>G\u00fcncelleme Tarihi 18.11.2024<\/pre>\n<\/div>\n<div><\/div>\n<p>[\/vc_column_text][\/vc_column][\/vc_row]<\/p>\n","protected":false},"excerpt":{"rendered":"<p>[vc_row][vc_column][vc_column_text] Labioplasti Nedir? Labioplasti, kad\u0131n genital b\u00f6lgesindeki dudaklara (labialar) estetik veya fonksiyonel nedenlerle yap\u0131lan cerrahi bir prosed\u00fcrd\u00fcr. Genital dudaklar, d\u0131\u015f cinsel organlar\u0131n bir par\u00e7as\u0131 olarak vulvay\u0131 olu\u015fturan labia majora (b\u00fcy\u00fck dudaklar) ve labia minora (k\u00fc\u00e7\u00fck dudaklar) olarak adland\u0131r\u0131lan iki ana b\u00f6l\u00fcme ayr\u0131l\u0131r. Labioplasti, labia majora ve labia minora&#8217;n\u0131n cerrahi yolla d\u00fczeltilmesi i\u015flemidir. Labioplastiye Neden \u0130htiya\u00e7&hellip;<\/p>\n","protected":false},"author":2,"featured_media":0,"parent":0,"menu_order":0,"comment_status":"closed","ping_status":"closed","template":"","meta":{"inline_featured_image":false,"_joinchat":[]},"_links":{"self":[{"href":"https:\/\/drzeynepgedikozkose.com\/index.php?rest_route=\/wp\/v2\/pages\/1878"}],"collection":[{"href":"https:\/\/drzeynepgedikozkose.com\/index.php?rest_route=\/wp\/v2\/pages"}],"about":[{"href":"https:\/\/drzeynepgedikozkose.com\/index.php?rest_route=\/wp\/v2\/types\/page"}],"author":[{"embeddable":true,"href":"https:\/\/drzeynepgedikozkose.com\/index.php?rest_route=\/wp\/v2\/users\/2"}],"replies":[{"embeddable":true,"href":"https:\/\/drzeynepgedikozkose.com\/index.php?rest_route=%2Fwp%2Fv2%2Fcomments&post=1878"}],"version-history":[{"count":3,"href":"https:\/\/drzeynepgedikozkose.com\/index.php?rest_route=\/wp\/v2\/pages\/1878\/revisions"}],"predecessor-version":[{"id":1994,"href":"https:\/\/drzeynepgedikozkose.com\/index.php?rest_route=\/wp\/v2\/pages\/1878\/revisions\/1994"}],"wp:attachment":[{"href":"https:\/\/drzeynepgedikozkose.com\/index.php?rest_route=%2Fwp%2Fv2%2Fmedia&parent=1878"}],"curies":[{"name":"wp","href":"https:\/\/api.w.org\/{rel}","templated":true}]}}