{"id":1859,"date":"2024-11-15T14:41:50","date_gmt":"2024-11-15T11:41:50","guid":{"rendered":"http:\/\/drzeynepgedikozkose.com\/?page_id=1859"},"modified":"2024-11-21T14:27:43","modified_gmt":"2024-11-21T11:27:43","slug":"sistosel-mesane-sarkmasi-ve-tedavi-secenekleri","status":"publish","type":"page","link":"https:\/\/drzeynepgedikozkose.com\/?page_id=1859","title":{"rendered":"Sistosel (Mesane Sarkmas\u0131) ve Tedavi Se\u00e7enekleri"},"content":{"rendered":"<p>[vc_row][vc_column][vc_column_text]<\/p>\n<h2><span style=\"font-size: 12pt;\">\u0130drar Torbas\u0131 Sarkmas\u0131 (Sistosel) Nedir?<\/span><\/h2>\n<p>Sistosel veya idrar torbas\u0131 sarkmas\u0131 olarak da bilinen \u00f6n vajinal prolapsus, idrar torbas\u0131n\u0131n\u00a0pelvisteki normal konumundan a\u015fa\u011f\u0131 d\u00fc\u015fmesi ve vajina duvar\u0131n\u0131 itmesidir.<\/p>\n<p>Pelvis organlar\u0131 &#8211; mesane, uterus ve ba\u011f\u0131rsaklar dahil &#8211; tipik olarak pelvik taban\u0131n kaslar\u0131 ve ba\u011f dokular\u0131 taraf\u0131ndan yerinde tutulur. \u00d6n sarkma, pelvik taban zay\u0131flad\u0131\u011f\u0131nda veya pelvik tabana \u00e7ok fazla bask\u0131 yap\u0131ld\u0131\u011f\u0131nda meydana gelir. Bu durum zamanla, vajinal do\u011fum s\u0131ras\u0131nda veya kronik kab\u0131zl\u0131k, \u015fiddetli \u00f6ks\u00fcr\u00fck veya a\u011f\u0131r y\u00fck kald\u0131rma sonucunda olu\u015fabilir.<\/p>\n<p>Sistosel tedavi edilebilir. Hafif veya orta derecede sistosel i\u00e7in ameliyats\u0131z tedavi genellikle etkilidir. Daha ciddi idrar torbas\u0131 sarkmas\u0131\u00a0vakalar\u0131nda vajina ve di\u011fer pelvik organlar\u0131 uygun pozisyonlar\u0131nda tutmak i\u00e7in sistosel ameliyat\u0131 gerekebilir.<\/p>\n<h2><span style=\"font-size: 12pt;\">\u0130drar Torbas\u0131 Sarkmas\u0131 (Sistosel) Neden Olur?<\/span><\/h2>\n<p>Pelvik taban\u0131n\u0131z, idrar torbas\u0131\u00a0ve di\u011fer pelvik organlar\u0131 destekleyen kaslar, ba\u011flar ve ba\u011f dokular\u0131ndan olu\u015fur. Pelvik organlar\u0131n\u0131z ve ba\u011flar\u0131n\u0131z aras\u0131ndaki ba\u011flant\u0131lar zamanla veya do\u011fumdan kaynaklanan travma veya kronik zorlanma sonucu zay\u0131flayabilir. Bu oldu\u011funda, mesaneniz normalden daha a\u015fa\u011f\u0131 kayabilir ve vajinan\u0131z\u0131n i\u00e7ine do\u011fru \u015fi\u015febilir (anterior prolapsus).<\/p>\n<p>&nbsp;<\/p>\n<p>Pelvik tabanda stresin nedenleri \u015funlard\u0131r:<\/p>\n<ul>\n<li>Hamilelik ve vajinal do\u011fum<\/li>\n<li>Fazla kilolu veya obez olmak<\/li>\n<li>Tekrarlanan a\u011f\u0131r y\u00fck kald\u0131rma<\/li>\n<li>A\u011fr\u0131l\u0131 ba\u011f\u0131rsak hareketleri<\/li>\n<li>Kronik \u00f6ks\u00fcr\u00fck veya bron\u015fit<\/li>\n<\/ul>\n<p>&nbsp;<\/p>\n<p>&nbsp;<\/p>\n<div>\n<p>Sayfa bilgilendirme ama\u00e7l\u0131d\u0131r. Tan\u0131 ve Tedavi i\u00e7in doktorunuza ba\u015fvurunuz.<\/p>\n<pre>G\u00fcncelleme Tarihi 18.11.2024<\/pre>\n<\/div>\n<div><\/div>\n<p>[\/vc_column_text][\/vc_column][\/vc_row]<\/p>\n","protected":false},"excerpt":{"rendered":"<p>[vc_row][vc_column][vc_column_text] \u0130drar Torbas\u0131 Sarkmas\u0131 (Sistosel) Nedir? Sistosel veya idrar torbas\u0131 sarkmas\u0131 olarak da bilinen \u00f6n vajinal prolapsus, idrar torbas\u0131n\u0131n\u00a0pelvisteki normal konumundan a\u015fa\u011f\u0131 d\u00fc\u015fmesi ve vajina duvar\u0131n\u0131 itmesidir. Pelvis organlar\u0131 &#8211; mesane, uterus ve ba\u011f\u0131rsaklar dahil &#8211; tipik olarak pelvik taban\u0131n kaslar\u0131 ve ba\u011f dokular\u0131 taraf\u0131ndan yerinde tutulur. \u00d6n sarkma, pelvik taban zay\u0131flad\u0131\u011f\u0131nda veya pelvik tabana&hellip;<\/p>\n","protected":false},"author":2,"featured_media":0,"parent":0,"menu_order":0,"comment_status":"closed","ping_status":"closed","template":"","meta":{"inline_featured_image":false,"_joinchat":[]},"_links":{"self":[{"href":"https:\/\/drzeynepgedikozkose.com\/index.php?rest_route=\/wp\/v2\/pages\/1859"}],"collection":[{"href":"https:\/\/drzeynepgedikozkose.com\/index.php?rest_route=\/wp\/v2\/pages"}],"about":[{"href":"https:\/\/drzeynepgedikozkose.com\/index.php?rest_route=\/wp\/v2\/types\/page"}],"author":[{"embeddable":true,"href":"https:\/\/drzeynepgedikozkose.com\/index.php?rest_route=\/wp\/v2\/users\/2"}],"replies":[{"embeddable":true,"href":"https:\/\/drzeynepgedikozkose.com\/index.php?rest_route=%2Fwp%2Fv2%2Fcomments&post=1859"}],"version-history":[{"count":3,"href":"https:\/\/drzeynepgedikozkose.com\/index.php?rest_route=\/wp\/v2\/pages\/1859\/revisions"}],"predecessor-version":[{"id":2004,"href":"https:\/\/drzeynepgedikozkose.com\/index.php?rest_route=\/wp\/v2\/pages\/1859\/revisions\/2004"}],"wp:attachment":[{"href":"https:\/\/drzeynepgedikozkose.com\/index.php?rest_route=%2Fwp%2Fv2%2Fmedia&parent=1859"}],"curies":[{"name":"wp","href":"https:\/\/api.w.org\/{rel}","templated":true}]}}