{"id":1857,"date":"2024-11-15T14:41:11","date_gmt":"2024-11-15T11:41:11","guid":{"rendered":"http:\/\/drzeynepgedikozkose.com\/?page_id=1857"},"modified":"2024-11-21T14:23:32","modified_gmt":"2024-11-21T11:23:32","slug":"rahim-sarkmasi-nedir","status":"publish","type":"page","link":"https:\/\/drzeynepgedikozkose.com\/?page_id=1857","title":{"rendered":"Rahim Sarkmas\u0131 Nedir?"},"content":{"rendered":"<p>[vc_row][vc_column][vc_column_text]<\/p>\n<section id=\"general\" class=\"part hashContent detailedContent general\">\n<h3>Rahim Sarkmas\u0131 Nedir?<\/h3>\n<p>Rahim ya da t\u0131p dilinde ki ad\u0131yla uterus, do\u011fum yapmam\u0131\u015f kad\u0131nlarda 5-6 cm iken, do\u011fum yapan kad\u0131nlarda 6-7 cm b\u00fcy\u00fckl\u00fc\u011f\u00fcnde ve s\u0131n\u0131rl\u0131 hareket yetene\u011fine sahip bir \u00fcreme organ\u0131na verilen isimdir.<\/p>\n<p>Pelvis kaslar ve ligament ba\u011f dokular\u0131n\u0131n zay\u0131flamas\u0131yla rahim yeterli deste\u011fi alamad\u0131\u011f\u0131 i\u00e7in a\u015fa\u011f\u0131 do\u011fru kayar ve \u00e7\u0131k\u0131nt\u0131 yapar. Buna <strong>rahim sarkmas\u0131<\/strong> ya da t\u0131p literat\u00fcr\u00fcnde ki ad\u0131yla <strong>uterus prolapsusu<\/strong> denir. Rahim sarkmas\u0131, her ya\u015ftan kad\u0131nda g\u00f6r\u00fclebilen ve kad\u0131nlar\u0131n ya\u015fam kalitesini d\u00fc\u015f\u00fcren bir sorundur.<\/p>\n<p>Her ya\u015f kad\u0131nda g\u00f6r\u00fclebildi\u011fi gibi, ileri ya\u015f ya da fazla do\u011fum say\u0131s\u0131 gibi fakt\u00f6rlerle g\u00f6r\u00fclme s\u0131kl\u0131\u011f\u0131 art\u0131\u015f g\u00f6stermektedir.<\/p>\n<p>Hafif rahim sarkmas\u0131 genellikle tedavi gerektirmez fakat sizin ya\u015fam kalitenizi d\u00fc\u015f\u00fcrd\u00fc\u011f\u00fcn\u00fc kanaatindeyseniz tedavi olanaklar\u0131ndan faydalanabilirsiniz. \u0130leri vakalarda rahim, vajina d\u0131\u015f\u0131na kadar \u00e7\u0131kabilmektedir.<\/p>\n<p>Sarkman\u0131n \u015fiddetine g\u00f6re belirtiler de\u011fi\u015fiklik g\u00f6stermektedir. Rahim sarkmas\u0131 g\u00f6stergeleri aras\u0131nda; idrar ka\u00e7\u0131rma, belin alt k\u0131sm\u0131nda meydana gelen a\u011fr\u0131, vajinadan doku g\u00f6r\u00fcnmesi, pelvis b\u00f6lgesinde a\u011f\u0131rl\u0131k ya da \u00e7ekilme hissi, kas\u0131k a\u011fr\u0131s\u0131, idrar yolu enfeksiyonlar\u0131, cinsel fonksiyon bozukluklar\u0131 ya da kab\u0131zl\u0131kt\u0131r.<\/p>\n<p>Yap\u0131lan muayene ve tetkiklerin ard\u0131ndan uygun tedavi plan\u0131 \u015fekillenir. Rahim sarkmas\u0131, 55 ya\u015f \u00fcst\u00fc kad\u0131nlar\u0131n histerektomi ge\u00e7irmesinin en etkili sebebidir.<\/p>\n<div class=\"clearFix\"><\/div>\n<\/section>\n<section id=\"nedenleri\" class=\"part hashContent detailedContent nedenleri\">Rahim Sarkmas\u0131 Neden Olur?<\/p>\n<ul>\n<li>Gebelik<\/li>\n<li>\u0130leri ya\u015f<\/li>\n<li>\u00c7ok say\u0131da do\u011fum yapm\u0131\u015f olmak<\/li>\n<li>\u00c7o\u011ful gebelik<\/li>\n<li>Do\u011fum esnas\u0131nda veya do\u011fum sonras\u0131 ya\u015fanan travma<\/li>\n<li>\u0130ri bebek d\u00fcnyaya getirmek<\/li>\n<li>A\u015f\u0131r\u0131 kilolu ya da obez olmak<\/li>\n<li>Menopoz sonras\u0131 zay\u0131flama ve doku tonu kayb\u0131<\/li>\n<li>Do\u011fal \u00f6strojen seviyesinde azalma<\/li>\n<li>Kronik \u00f6ks\u00fcr\u00fck<\/li>\n<li>Kronik kab\u0131zl\u0131k<\/li>\n<li>Pelvik t\u00fcm\u00f6rler<\/li>\n<li>Ge\u00e7irilmi\u015f pelvis operasyonlar\u0131<\/li>\n<li>Sigara i\u00e7mek<\/li>\n<li>Aile \u00f6yk\u00fcs\u00fc<\/li>\n<\/ul>\n<p><strong>Sark\u0131k rahim nedenlerinden<\/strong> baz\u0131lar\u0131 ayn\u0131 zamanda risk fakt\u00f6r\u00fc olarak de\u011ferlendirilmektedir. Kronik kab\u0131zl\u0131k, \u00f6ks\u00fcr\u00fck ya da s\u00fcrekli a\u011f\u0131r kald\u0131rmak gibi sebepler <strong>rahim sarkmas\u0131<\/strong> i\u00e7in risk olu\u015fturmaktad\u0131r. G\u00f6rmezden gelen unsurlar\u0131n d\u00fczeltilmesi, ya\u015fam bi\u00e7iminde yap\u0131lan iyile\u015ftirme neticesinde rahim sarkmas\u0131n\u0131n \u00f6n\u00fcne ge\u00e7ilmesine yard\u0131mc\u0131 olunabilir.<\/p>\n<p>\u00d6zellikle ailesinde rahim sarkmas\u0131 \u00f6yk\u00fcs\u00fc bulunan kad\u0131nlar\u0131n, fazla kilolar\u0131ndan ar\u0131nmas\u0131, alt kar\u0131n kaslar\u0131n\u0131 g\u00fc\u00e7lendirmek amac\u0131yla d\u00fczenli egzersiz yapmas\u0131 ve uzun s\u00fcren kab\u0131zl\u0131k \u015fikayetlerinin kontrol alt\u0131na al\u0131nmas\u0131, sigara kullan\u0131m\u0131n\u0131n \u00f6n\u00fcne ge\u00e7ilmesi, \u00f6ks\u00fcr\u00fc\u011fe sebep olabilecek hastal\u0131\u011f\u0131n tedavi edilmesi, rahim sarkmas\u0131n\u0131 \u00f6nledi\u011fi bilinmektedir.<\/p>\n<div class=\"clearFix\"><\/div>\n<\/section>\n<section id=\"belirtiler\" class=\"part hashContent detailedContent belirtiler\">\n<h3>Rahim Sarkmas\u0131 Belirtileri Nelerdir?<\/h3>\n<p>Hafif <strong>rahim sarkmas\u0131<\/strong> genellikle belirtilere sebebiyet vermez. Orta ya da \u015fiddetli rahim sarkmas\u0131nda g\u00f6r\u00fclen belirtiler \u015funlard\u0131r:<\/p>\n<ul>\n<li>Vajinan\u0131zdan d\u0131\u015far\u0131 \u00e7\u0131kan doku.<\/li>\n<li>Rahiminizde a\u011f\u0131rl\u0131k hissi ya da pelvis kaslar\u0131n\u0131zda ya\u015fanan \u00e7ekme.<\/li>\n<li>\u0130drar ka\u00e7a\u011f\u0131, idrar yapamama, idrar yolu enfeksiyonlar\u0131 gibi problemler.<\/li>\n<li>Vajinal dokudaki gev\u015feklik hissi gibi cinsel endi\u015feler.<\/li>\n<li>Vajinal kanama ve ak\u0131nt\u0131 miktar\u0131ndaki art\u0131\u015f.<\/li>\n<li>K\u00fc\u00e7\u00fck bir topun \u00fczerinde oturuyormu\u015fsunuz gibi hissetmek.<\/li>\n<li>Ba\u011f\u0131rsak hareketlerinde problemler, kab\u0131zl\u0131k.<\/li>\n<li>Belin alt k\u0131sm\u0131nda meydana gelen a\u011fr\u0131.<\/li>\n<li>Kas\u0131k a\u011fr\u0131s\u0131.<\/li>\n<\/ul>\n<p>Genellikle belirtiler sabah saatlerinde daha az rahats\u0131z etmektedir fakat g\u00fcn ge\u00e7tik\u00e7e k\u00f6t\u00fcle\u015fmektedir.<\/p>\n<\/section>\n<p>&nbsp;<\/p>\n<p>&nbsp;<\/p>\n<div>\n<p>Sayfa bilgilendirme ama\u00e7l\u0131d\u0131r. Tan\u0131 ve Tedavi i\u00e7in doktorunuza ba\u015fvurunuz.<\/p>\n<pre>G\u00fcncelleme Tarihi 18.11.2024<\/pre>\n<\/div>\n<div><\/div>\n<p>[\/vc_column_text][\/vc_column][\/vc_row]<\/p>\n","protected":false},"excerpt":{"rendered":"<p>[vc_row][vc_column][vc_column_text] Rahim Sarkmas\u0131 Nedir? Rahim ya da t\u0131p dilinde ki ad\u0131yla uterus, do\u011fum yapmam\u0131\u015f kad\u0131nlarda 5-6 cm iken, do\u011fum yapan kad\u0131nlarda 6-7 cm b\u00fcy\u00fckl\u00fc\u011f\u00fcnde ve s\u0131n\u0131rl\u0131 hareket yetene\u011fine sahip bir \u00fcreme organ\u0131na verilen isimdir. Pelvis kaslar ve ligament ba\u011f dokular\u0131n\u0131n zay\u0131flamas\u0131yla rahim yeterli deste\u011fi alamad\u0131\u011f\u0131 i\u00e7in a\u015fa\u011f\u0131 do\u011fru kayar ve \u00e7\u0131k\u0131nt\u0131 yapar. Buna rahim sarkmas\u0131&hellip;<\/p>\n","protected":false},"author":2,"featured_media":0,"parent":0,"menu_order":0,"comment_status":"closed","ping_status":"closed","template":"","meta":{"inline_featured_image":false,"_joinchat":[]},"_links":{"self":[{"href":"https:\/\/drzeynepgedikozkose.com\/index.php?rest_route=\/wp\/v2\/pages\/1857"}],"collection":[{"href":"https:\/\/drzeynepgedikozkose.com\/index.php?rest_route=\/wp\/v2\/pages"}],"about":[{"href":"https:\/\/drzeynepgedikozkose.com\/index.php?rest_route=\/wp\/v2\/types\/page"}],"author":[{"embeddable":true,"href":"https:\/\/drzeynepgedikozkose.com\/index.php?rest_route=\/wp\/v2\/users\/2"}],"replies":[{"embeddable":true,"href":"https:\/\/drzeynepgedikozkose.com\/index.php?rest_route=%2Fwp%2Fv2%2Fcomments&post=1857"}],"version-history":[{"count":3,"href":"https:\/\/drzeynepgedikozkose.com\/index.php?rest_route=\/wp\/v2\/pages\/1857\/revisions"}],"predecessor-version":[{"id":2001,"href":"https:\/\/drzeynepgedikozkose.com\/index.php?rest_route=\/wp\/v2\/pages\/1857\/revisions\/2001"}],"wp:attachment":[{"href":"https:\/\/drzeynepgedikozkose.com\/index.php?rest_route=%2Fwp%2Fv2%2Fmedia&parent=1857"}],"curies":[{"name":"wp","href":"https:\/\/api.w.org\/{rel}","templated":true}]}}