{"id":1853,"date":"2024-11-15T14:40:08","date_gmt":"2024-11-15T11:40:08","guid":{"rendered":"http:\/\/drzeynepgedikozkose.com\/?page_id=1853"},"modified":"2024-11-21T14:09:09","modified_gmt":"2024-11-21T11:09:09","slug":"istenmeyen-gebelikler-kuretaj-islemi","status":"publish","type":"page","link":"https:\/\/drzeynepgedikozkose.com\/?page_id=1853","title":{"rendered":"\u0130stenmeyen Gebelikler-K\u00fcretaj \u0130\u015flemi"},"content":{"rendered":"<p>[vc_row][vc_column][vc_column_text]<\/p>\n<h2><span style=\"font-size: 12pt;\">K\u00fcrtaj Nedir?<\/span><\/h2>\n<p><strong>K\u00fcrtaj<\/strong>, t\u0131bbi olarak bir k\u00fcretin, kep\u00e7e veya kaz\u0131ma ile doku \u00e7\u0131karmaya denir. K\u00fcrtaj i\u015flemi vakum olu\u015fturan bir enjekt\u00f6r mekanizmas\u0131yla ger\u00e7ekle\u015ftirilir.\u00a0Anestezi verildikten sonra 10-15 dakika s\u00fcrer.<\/p>\n<p>K\u00fcrtajdan sonra yar\u0131m saatlik bir dinlenme ile hasta antibiotik ve a\u011fr\u0131 kesicisini al\u0131p g\u00fcnl\u00fck hayata geri d\u00f6ner. K\u00fcrtaj sonras\u0131 kas\u0131k kramplar\u0131 ve lekelenme bir ka\u00e7 g\u00fcn s\u00fcrebilir.<\/p>\n<p>Negatif bas\u0131n\u00e7 \u00fcreten bir enjekt\u00f6r\u00fcn ucuna steril plastic kan\u00fcllerin\u00a0 yerle\u015ftirilmesi ve rahmin i\u00e7inden gebelik mateyalinin d\u0131\u015far\u0131 al\u0131nmas\u0131 i\u015flemidir. Rahim duvar\u0131 i\u00e7in atravmatik bir i\u015flemdir.<\/p>\n<h2><span style=\"font-size: 12pt;\">K\u00fcrtaja giderken ne yap\u0131lmas\u0131 gerekir?<\/span><\/h2>\n<p><strong>K\u00fcrtaj<\/strong>, lokal yada genel anestezi ile yap\u0131lmaktad\u0131r. Hasta konforu a\u00e7\u0131s\u0131ndan s\u0131kl\u0131kla sedasyon anestezisi \u015feklinde uyguland\u0131\u011f\u0131 i\u00e7in \u00f6ncesi 5 saat a\u00e7l\u0131k \u00f6nem ta\u015f\u0131r. A\u00e7l\u0131k a\u011f\u0131zdan yeme ve i\u00e7menin kesilmesi , oru\u00e7 \u015feklinde tan\u0131mlan\u0131r. Su al\u0131m\u0131 dahil a\u011f\u0131zdan hi\u00e7bir\u015fey al\u0131nmamal\u0131d\u0131r. Hastan\u0131n anestezi almas\u0131 durumunda ayn\u0131 g\u00fcn ara\u00e7 kullan\u0131m\u0131 uygun de\u011fildir. Yan\u0131nda bir refakat\u00e7i olmas\u0131 uygundur.<\/p>\n<h2><span style=\"font-size: 12pt;\">K\u00fcrtajda anestezi yap\u0131l\u0131rm\u0131?<\/span><\/h2>\n<p>K\u00fcrtaj i\u015fleminde lokal-b\u00f6lgesel yada sedasyon-genel anestezi uygulan\u0131r. Lokal anestezide Rahim a\u011fz\u0131na farkl\u0131 noktalara anestezik ila\u00e7 enjekte edilir. \u00d6zellikle sedasyon anestezi hasta konforu a\u00e7\u0131s\u0131ndan avantaj ta\u015f\u0131r. Damar yolu a\u00e7\u0131larak uygulan\u0131r.<\/p>\n<p>&nbsp;<\/p>\n<p>&nbsp;<\/p>\n<p>&nbsp;<\/p>\n<div>\n<p>Sayfa bilgilendirme ama\u00e7l\u0131d\u0131r. Tan\u0131 ve Tedavi i\u00e7in doktorunuza ba\u015fvurunuz.<\/p>\n<pre>G\u00fcncelleme Tarihi 18.11.2024<\/pre>\n<\/div>\n<div><\/div>\n<p>[\/vc_column_text][\/vc_column][\/vc_row]<\/p>\n","protected":false},"excerpt":{"rendered":"<p>[vc_row][vc_column][vc_column_text] K\u00fcrtaj Nedir? K\u00fcrtaj, t\u0131bbi olarak bir k\u00fcretin, kep\u00e7e veya kaz\u0131ma ile doku \u00e7\u0131karmaya denir. K\u00fcrtaj i\u015flemi vakum olu\u015fturan bir enjekt\u00f6r mekanizmas\u0131yla ger\u00e7ekle\u015ftirilir.\u00a0Anestezi verildikten sonra 10-15 dakika s\u00fcrer. K\u00fcrtajdan sonra yar\u0131m saatlik bir dinlenme ile hasta antibiotik ve a\u011fr\u0131 kesicisini al\u0131p g\u00fcnl\u00fck hayata geri d\u00f6ner. K\u00fcrtaj sonras\u0131 kas\u0131k kramplar\u0131 ve lekelenme bir ka\u00e7 g\u00fcn s\u00fcrebilir.&hellip;<\/p>\n","protected":false},"author":2,"featured_media":0,"parent":0,"menu_order":0,"comment_status":"closed","ping_status":"closed","template":"","meta":{"inline_featured_image":false,"_joinchat":[]},"_links":{"self":[{"href":"https:\/\/drzeynepgedikozkose.com\/index.php?rest_route=\/wp\/v2\/pages\/1853"}],"collection":[{"href":"https:\/\/drzeynepgedikozkose.com\/index.php?rest_route=\/wp\/v2\/pages"}],"about":[{"href":"https:\/\/drzeynepgedikozkose.com\/index.php?rest_route=\/wp\/v2\/types\/page"}],"author":[{"embeddable":true,"href":"https:\/\/drzeynepgedikozkose.com\/index.php?rest_route=\/wp\/v2\/users\/2"}],"replies":[{"embeddable":true,"href":"https:\/\/drzeynepgedikozkose.com\/index.php?rest_route=%2Fwp%2Fv2%2Fcomments&post=1853"}],"version-history":[{"count":4,"href":"https:\/\/drzeynepgedikozkose.com\/index.php?rest_route=\/wp\/v2\/pages\/1853\/revisions"}],"predecessor-version":[{"id":1990,"href":"https:\/\/drzeynepgedikozkose.com\/index.php?rest_route=\/wp\/v2\/pages\/1853\/revisions\/1990"}],"wp:attachment":[{"href":"https:\/\/drzeynepgedikozkose.com\/index.php?rest_route=%2Fwp%2Fv2%2Fmedia&parent=1853"}],"curies":[{"name":"wp","href":"https:\/\/api.w.org\/{rel}","templated":true}]}}