{"id":1844,"date":"2024-11-15T14:37:49","date_gmt":"2024-11-15T11:37:49","guid":{"rendered":"http:\/\/drzeynepgedikozkose.com\/?page_id=1844"},"modified":"2024-11-21T14:06:26","modified_gmt":"2024-11-21T11:06:26","slug":"hpv-tarama-testi-ve-hpv-asisi","status":"publish","type":"page","link":"https:\/\/drzeynepgedikozkose.com\/?page_id=1844","title":{"rendered":"HPV Tarama Testi ve HPV A\u015f\u0131s\u0131"},"content":{"rendered":"<p>[vc_row][vc_column][vc_column_text]<\/p>\n<div id=\"hpv-nedir\" class=\"content-description f-s-md wow fadeInUp\" data-wow-duration=\"1.0s\" data-wow-delay=\"0.15s\" data-wow-offset=\"15\">\n<h2><span style=\"font-size: 12pt;\">HPV Nedir?<\/span><\/h2>\n<p>Human Papillomavirus olarak bilinen HPV, rahim a\u011fz\u0131 kanserine ve genital b\u00f6lgede si\u011fillere (kondilom) sebep olabilen bir vir\u00fcst\u00fcr. D\u00fcnya genelinde cinsel yolla bula\u015fan en yayg\u0131n hastal\u0131k olarak bilinir.<\/p>\n<p>HPV vir\u00fcs\u00fcn\u00fcn 200\u2019den fazla tipi vard\u0131r. Bu tipler, ki\u015filerde kansere sebep olma potansiyellerine g\u00f6re y\u00fcksek riskli ve d\u00fc\u015f\u00fck riskli HPV tipleri olarak ikiye ayr\u0131l\u0131rlar.<\/p>\n<p>S\u0131kl\u0131kla g\u00f6r\u00fclen y\u00fcksek riskli HPV vir\u00fcs tipleri:<\/p>\n<ul>\n<li>HPV 16, HPV 18, HPV 31, HPV 33, HPV 45, HPV 52, HPV 58<\/li>\n<\/ul>\n<p>S\u0131kl\u0131kla g\u00f6r\u00fclen d\u00fc\u015f\u00fck riskli HPV vir\u00fcs tipleri:<\/p>\n<ul>\n<li>HPV 6 ve HPV 11<\/li>\n<\/ul>\n<p>D\u00fc\u015f\u00fck riskli HPV tipleri ki\u015filerde genital si\u011fillere sebep olurken, y\u00fcksek riskli HPV tipleri ki\u015filerde rahim a\u011fz\u0131 kanserine neden olabilir.<\/p>\n<\/div>\n<div id=\"hpv-enfeksiyonu-tanisi-nasil-konur\" class=\"content-description f-s-md wow fadeInUp\" data-wow-duration=\"1.0s\" data-wow-delay=\"0.15s\" data-wow-offset=\"15\">\n<h2><span style=\"font-size: 12pt;\">HPV Enfeksiyonu Tan\u0131s\u0131 Nas\u0131l Konur?<\/span><\/h2>\n<p>Uzman hekimler taraf\u0131ndan yap\u0131lan muayene s\u0131ras\u0131nda ki\u015filerde lezyon g\u00f6r\u00fclmesi, tan\u0131 koymak i\u00e7in yeterlidir. S\u0131k tekrarlayan, kanamal\u0131 ve koyu renkli lezyonlardan biyopsi al\u0131narak patolojik bir inceleme yap\u0131labilir. Viral hastal\u0131klar\u0131n tan\u0131s\u0131nda kullan\u0131lan PCR testi, HPV tan\u0131s\u0131n\u0131 netle\u015ftirmek amac\u0131yla kullan\u0131labilir. Al\u0131nan s\u00fcr\u00fcnt\u00fc \u00f6rnekleri ya da direkt lezyondan g\u00f6nderilen numunede PCR y\u00f6ntemiyle vir\u00fcs tipi ve tan\u0131s\u0131 kesin olarak konulabilir.<\/p>\n<\/div>\n<div id=\"hpv-nasil-bulasir\" class=\"content-description f-s-md wow fadeInUp\" data-wow-duration=\"1.0s\" data-wow-delay=\"0.15s\" data-wow-offset=\"15\">\n<h2><span style=\"font-size: 12pt;\">HPV Nas\u0131l Bula\u015f\u0131r?<\/span><\/h2>\n<p>Human Papilloma Vir\u00fcs (HPV) cinsel ili\u015fki yoluyla bula\u015fabildi\u011fi gibi tam bir cinsel birlikteli\u011fin olmad\u0131\u011f\u0131 \u00e7ok yak\u0131n fiziksel temas ile de bula\u015fabilir. Bu nedenle HPV, aktif cinsel ya\u015fam\u0131 olan bireylerde daha s\u0131k g\u00f6r\u00fclebilir.<\/p>\n<\/div>\n<div id=\"hpv-asisi-nedir\" class=\"content-description f-s-md wow fadeInUp\" data-wow-duration=\"1.0s\" data-wow-delay=\"0.15s\" data-wow-offset=\"15\">\n<h2><span style=\"font-size: 12pt;\">HPV A\u015f\u0131s\u0131 Nedir?<\/span><\/h2>\n<p>Human Papilloma Vir\u00fcs a\u015f\u0131s\u0131, genital si\u011fillere ve rahim a\u011fz\u0131 kanserine neden olan HPV vir\u00fcs\u00fcne kar\u015f\u0131 koruma sa\u011flar. Halk aras\u0131nda \u201crahim a\u011fz\u0131 kanseri a\u015f\u0131s\u0131\u201d olarak bilinen bu a\u015f\u0131, bireyleri vir\u00fcs\u00fcn sebep oldu\u011fu belirtiler olan lezyon ve enfeksiyonlardan korur.<\/p>\n<p>Vir\u00fcs nedeniyle geli\u015fen lezyonlar, ilerleyen d\u00f6nemlerde ciddi risk ta\u015f\u0131yan kanserlere d\u00f6n\u00fc\u015febilir. Bu nedenle hayati tehlike arz eden bu hastal\u0131\u011fa yakalanmamak i\u00e7in her kad\u0131n\u0131n gerekli ya\u015flarda HPV a\u015f\u0131s\u0131 olmas\u0131 tavsiye edilir.<\/p>\n<\/div>\n<p>&nbsp;<\/p>\n<p>&nbsp;<\/p>\n<div>\n<p>Sayfa bilgilendirme ama\u00e7l\u0131d\u0131r. Tan\u0131 ve Tedavi i\u00e7in doktorunuza ba\u015fvurunuz.<\/p>\n<pre>G\u00fcncelleme Tarihi 18.11.2024<\/pre>\n<\/div>\n<div><\/div>\n<p>[\/vc_column_text][\/vc_column][\/vc_row]<\/p>\n","protected":false},"excerpt":{"rendered":"<p>[vc_row][vc_column][vc_column_text] HPV Nedir? Human Papillomavirus olarak bilinen HPV, rahim a\u011fz\u0131 kanserine ve genital b\u00f6lgede si\u011fillere (kondilom) sebep olabilen bir vir\u00fcst\u00fcr. D\u00fcnya genelinde cinsel yolla bula\u015fan en yayg\u0131n hastal\u0131k olarak bilinir. HPV vir\u00fcs\u00fcn\u00fcn 200\u2019den fazla tipi vard\u0131r. Bu tipler, ki\u015filerde kansere sebep olma potansiyellerine g\u00f6re y\u00fcksek riskli ve d\u00fc\u015f\u00fck riskli HPV tipleri olarak ikiye ayr\u0131l\u0131rlar. S\u0131kl\u0131kla&hellip;<\/p>\n","protected":false},"author":2,"featured_media":0,"parent":0,"menu_order":0,"comment_status":"closed","ping_status":"closed","template":"","meta":{"inline_featured_image":false,"_joinchat":[]},"_links":{"self":[{"href":"https:\/\/drzeynepgedikozkose.com\/index.php?rest_route=\/wp\/v2\/pages\/1844"}],"collection":[{"href":"https:\/\/drzeynepgedikozkose.com\/index.php?rest_route=\/wp\/v2\/pages"}],"about":[{"href":"https:\/\/drzeynepgedikozkose.com\/index.php?rest_route=\/wp\/v2\/types\/page"}],"author":[{"embeddable":true,"href":"https:\/\/drzeynepgedikozkose.com\/index.php?rest_route=\/wp\/v2\/users\/2"}],"replies":[{"embeddable":true,"href":"https:\/\/drzeynepgedikozkose.com\/index.php?rest_route=%2Fwp%2Fv2%2Fcomments&post=1844"}],"version-history":[{"count":4,"href":"https:\/\/drzeynepgedikozkose.com\/index.php?rest_route=\/wp\/v2\/pages\/1844\/revisions"}],"predecessor-version":[{"id":1987,"href":"https:\/\/drzeynepgedikozkose.com\/index.php?rest_route=\/wp\/v2\/pages\/1844\/revisions\/1987"}],"wp:attachment":[{"href":"https:\/\/drzeynepgedikozkose.com\/index.php?rest_route=%2Fwp%2Fv2%2Fmedia&parent=1844"}],"curies":[{"name":"wp","href":"https:\/\/api.w.org\/{rel}","templated":true}]}}