{"id":1841,"date":"2024-11-15T14:37:16","date_gmt":"2024-11-15T11:37:16","guid":{"rendered":"http:\/\/drzeynepgedikozkose.com\/?page_id=1841"},"modified":"2024-11-21T14:28:48","modified_gmt":"2024-11-21T11:28:48","slug":"smear-rahim-agzi-kanser-taramasi","status":"publish","type":"page","link":"https:\/\/drzeynepgedikozkose.com\/?page_id=1841","title":{"rendered":"Smear (Rahim A\u011fz\u0131 Kanser Taramas\u0131)"},"content":{"rendered":"<p>[vc_row][vc_column][vc_column_text]<\/p>\n<h2><span style=\"font-size: 12pt;\"><b>Smear Testi Nedir?<\/b><\/span><\/h2>\n<div>Ba\u015fta (serviks) rahim a\u011fz\u0131 kanseri olmak \u00fczere rahim a\u011fz\u0131ndaki h\u00fccresel d\u00fczensizlik ve kanser \u00f6nc\u00fcs\u00fc h\u00fccrelerin ve enfeksiyonlar\u0131n saptanmas\u0131nda kullan\u0131lan i\u015flemdir. Ayr\u0131ca smear testi rahim i\u00e7 zar\u0131 ( endometrium ) kanserinin de erken te\u015fhisine yard\u0131mc\u0131 olabilir. B\u00f6ylelikle h\u00fccresel bozukluklar rahim ve rahim a\u011fz\u0131 kanserine d\u00f6n\u00fc\u015fmeden erken evrede tespit edilir. Hasta sa\u011fl\u0131\u011f\u0131na tamamen kavu\u015fabilir.<\/div>\n<div><\/div>\n<div><\/div>\n<div><\/div>\n<div>\n<div>\n<p>Sayfa bilgilendirme ama\u00e7l\u0131d\u0131r. Tan\u0131 ve Tedavi i\u00e7in doktorunuza ba\u015fvurunuz.<\/p>\n<pre>G\u00fcncelleme Tarihi 18.11.2024<\/pre>\n<\/div>\n<div><\/div>\n<\/div>\n<p>[\/vc_column_text][\/vc_column][\/vc_row]<\/p>\n","protected":false},"excerpt":{"rendered":"<p>[vc_row][vc_column][vc_column_text] Smear Testi Nedir? Ba\u015fta (serviks) rahim a\u011fz\u0131 kanseri olmak \u00fczere rahim a\u011fz\u0131ndaki h\u00fccresel d\u00fczensizlik ve kanser \u00f6nc\u00fcs\u00fc h\u00fccrelerin ve enfeksiyonlar\u0131n saptanmas\u0131nda kullan\u0131lan i\u015flemdir. Ayr\u0131ca smear testi rahim i\u00e7 zar\u0131 ( endometrium ) kanserinin de erken te\u015fhisine yard\u0131mc\u0131 olabilir. B\u00f6ylelikle h\u00fccresel bozukluklar rahim ve rahim a\u011fz\u0131 kanserine d\u00f6n\u00fc\u015fmeden erken evrede tespit edilir. Hasta sa\u011fl\u0131\u011f\u0131na tamamen&hellip;<\/p>\n","protected":false},"author":2,"featured_media":0,"parent":0,"menu_order":0,"comment_status":"closed","ping_status":"closed","template":"","meta":{"inline_featured_image":false,"_joinchat":[]},"_links":{"self":[{"href":"https:\/\/drzeynepgedikozkose.com\/index.php?rest_route=\/wp\/v2\/pages\/1841"}],"collection":[{"href":"https:\/\/drzeynepgedikozkose.com\/index.php?rest_route=\/wp\/v2\/pages"}],"about":[{"href":"https:\/\/drzeynepgedikozkose.com\/index.php?rest_route=\/wp\/v2\/types\/page"}],"author":[{"embeddable":true,"href":"https:\/\/drzeynepgedikozkose.com\/index.php?rest_route=\/wp\/v2\/users\/2"}],"replies":[{"embeddable":true,"href":"https:\/\/drzeynepgedikozkose.com\/index.php?rest_route=%2Fwp%2Fv2%2Fcomments&post=1841"}],"version-history":[{"count":4,"href":"https:\/\/drzeynepgedikozkose.com\/index.php?rest_route=\/wp\/v2\/pages\/1841\/revisions"}],"predecessor-version":[{"id":2005,"href":"https:\/\/drzeynepgedikozkose.com\/index.php?rest_route=\/wp\/v2\/pages\/1841\/revisions\/2005"}],"wp:attachment":[{"href":"https:\/\/drzeynepgedikozkose.com\/index.php?rest_route=%2Fwp%2Fv2%2Fmedia&parent=1841"}],"curies":[{"name":"wp","href":"https:\/\/api.w.org\/{rel}","templated":true}]}}