{"id":1839,"date":"2024-11-15T14:36:32","date_gmt":"2024-11-15T11:36:32","guid":{"rendered":"http:\/\/drzeynepgedikozkose.com\/?page_id=1839"},"modified":"2024-11-21T14:22:34","modified_gmt":"2024-11-21T11:22:34","slug":"rahim-icinden-parca-alinmasi-endometriyal-biyopsi","status":"publish","type":"page","link":"https:\/\/drzeynepgedikozkose.com\/?page_id=1839","title":{"rendered":"Rahim \u0130\u00e7inden Par\u00e7a Al\u0131nmas\u0131- Endometriyal Biyopsi"},"content":{"rendered":"<p>[vc_row][vc_column][vc_column_text]<\/p>\n<h2><span style=\"font-size: 12pt;\">Rahim \u0130\u00e7inden Biyopsi (Endometrial Biyopsi)<\/span><\/h2>\n<p>Endometrium\u00a0ad\u0131 verilen rahim i\u00e7 duvar\u0131ndan ufak bir doku par\u00e7as\u0131 al\u0131nmas\u0131 i\u015flemi\u00a0rahim i\u00e7inden biyopsi,\u00a0rahimden par\u00e7a al\u0131nmas\u0131\u00a0ya da\u00a0endometrial biyopsi\u00a0olarak adland\u0131r\u0131l\u0131r. Adet d\u00f6nemlerinde d\u00fczensizlik olan, adet d\u00f6nemlerinde a\u015f\u0131r\u0131 kanama ya\u015fayan, hi\u00e7 adet g\u00f6rmeyen, rahim duvar\u0131nda kal\u0131nla\u015fma olan, meme kanseri ila\u00e7lar\u0131n\u0131n kullan\u0131m\u0131ndan sonra kanamas\u0131 meydana gelen kad\u0131nlarda\u00a0PAP Smear\u00a0testlerinde \u015f\u00fcphe uyand\u0131ran sonu\u00e7lar al\u0131n\u0131yorsa zaman kaybetmeden\u00a0rahim i\u00e7i biyopsisi\u00a0yap\u0131lmal\u0131d\u0131r.<\/p>\n<h2><span style=\"font-size: 12pt;\">Rahim \u0130\u00e7i Biyopsisi Neden Yap\u0131l\u0131r?<\/span><\/h2>\n<p>Rahimde var olan anomalilerin te\u015fhis edilmesi, menopoz sonras\u0131 d\u00f6nemdeki kanamalar\u0131n nedeninin belirlenmesi, endometrial kanser taramas\u0131, do\u011furganl\u0131\u011f\u0131n artt\u0131r\u0131lmas\u0131 ve hormon terapisine g\u00f6sterilen reaksiyonu anlamak i\u00e7in endometrial biyopsi yap\u0131labilir.<\/p>\n<p>Rahim i\u00e7i biyopsisi d\u00fc\u015f\u00fcklere neden olabilece\u011fi i\u00e7in hamilelik d\u00f6neminde, kan p\u0131ht\u0131la\u015fmas\u0131 sorunu ya\u015fayanlarda; pelvik b\u00f6lgesinde iltihap oldu\u011funda, rahim boynunda ya da vajinada enfeksiyon olu\u015ftu\u011funda uygulanmaz.<\/p>\n<h2><span style=\"font-size: 12pt;\">Endometrial Biyopsi Nas\u0131l Yap\u0131l\u0131r?<\/span><\/h2>\n<p>Genellikle klinik ortam\u0131nda kad\u0131nlara anestezi verilmeden dahi uygulanabilen rahim i\u00e7i biyopsisi olduk\u00e7a kolay ger\u00e7ekle\u015ftirilen ve yakla\u015f\u0131k 10 dakika i\u00e7erisinde tamamlanabilen bir i\u015flemdir.<\/p>\n<p>Rahimden par\u00e7a al\u0131nabilmesi i\u00e7in kad\u0131nlar\u0131n muayene masas\u0131na\u00a0Smear testi\u00a0yap\u0131l\u0131rken oldu\u011fu gibi yatmas\u0131 gerekir. Uzmanlar\u00a0spekulum\u00a0ile vajina kanal\u0131n\u0131 a\u00e7ar. A\u00e7\u0131lma meydana geldikten sonra \u00f6zel bir alet ile rahim kanal\u0131na, rahime ve son olarak rahim i\u00e7 duvar\u0131na ula\u015f\u0131l\u0131r. Rahim i\u00e7 duvar\u0131ndan doku \u00f6rne\u011finin al\u0131nmas\u0131yla i\u015flem tamamlan\u0131r. Al\u0131nan doku \u00f6rne\u011fi incelenmek \u00fczere laboratuvara g\u00f6nderilir.<\/p>\n<p>Rahim i\u00e7i biyopsisi i\u015flemi tamamland\u0131ktan sonra hasta eve d\u00f6nebilir. 1 hafta boyunca lekelenme tarz\u0131nda hafif kanamalar\u0131n olu\u015fmas\u0131 m\u00fcmk\u00fcnd\u00fcr. Bu nedenle cinsel ili\u015fkiye girilmemesi \u00f6nerilir.<\/p>\n<h2><span style=\"font-size: 12pt;\">Rahim \u0130\u00e7inden Biyopsinin \u00d6nemi<\/span><\/h2>\n<p>Endometrial kanserin veya rahim duvar\u0131 kal\u0131nla\u015fmas\u0131n\u0131n te\u015fhis edilmesini sa\u011flayan rahim i\u00e7i biyopsisi; tekrarlayan d\u00fc\u015f\u00fcklerin nedenlerinin ortaya \u00e7\u0131kar\u0131lmas\u0131 ad\u0131na da \u00f6nemli bir te\u015fhis y\u00f6ntemi olarak kabul edilir. Kanama, enfeksiyon ve nadiren de olsa rahim yaralanmas\u0131 gibi komplikasyonlara neden olabilen rahim i\u00e7i biyopsisi; yaln\u0131zca alan\u0131nda deneyimli Kad\u0131n Hastal\u0131klar\u0131 ve Do\u011fum Uzmanlar\u0131 taraf\u0131ndan ger\u00e7ekle\u015ftirilmelidir.<\/p>\n<p>&nbsp;<\/p>\n<p>&nbsp;<\/p>\n<p>&nbsp;<\/p>\n<div>\n<p>Sayfa bilgilendirme ama\u00e7l\u0131d\u0131r. Tan\u0131 ve Tedavi i\u00e7in doktorunuza ba\u015fvurunuz.<\/p>\n<pre>G\u00fcncelleme Tarihi 18.11.2024<\/pre>\n<\/div>\n<div><\/div>\n<p>[\/vc_column_text][\/vc_column][\/vc_row]<\/p>\n","protected":false},"excerpt":{"rendered":"<p>[vc_row][vc_column][vc_column_text] Rahim \u0130\u00e7inden Biyopsi (Endometrial Biyopsi) Endometrium\u00a0ad\u0131 verilen rahim i\u00e7 duvar\u0131ndan ufak bir doku par\u00e7as\u0131 al\u0131nmas\u0131 i\u015flemi\u00a0rahim i\u00e7inden biyopsi,\u00a0rahimden par\u00e7a al\u0131nmas\u0131\u00a0ya da\u00a0endometrial biyopsi\u00a0olarak adland\u0131r\u0131l\u0131r. Adet d\u00f6nemlerinde d\u00fczensizlik olan, adet d\u00f6nemlerinde a\u015f\u0131r\u0131 kanama ya\u015fayan, hi\u00e7 adet g\u00f6rmeyen, rahim duvar\u0131nda kal\u0131nla\u015fma olan, meme kanseri ila\u00e7lar\u0131n\u0131n kullan\u0131m\u0131ndan sonra kanamas\u0131 meydana gelen kad\u0131nlarda\u00a0PAP Smear\u00a0testlerinde \u015f\u00fcphe uyand\u0131ran sonu\u00e7lar al\u0131n\u0131yorsa zaman&hellip;<\/p>\n","protected":false},"author":2,"featured_media":0,"parent":0,"menu_order":0,"comment_status":"closed","ping_status":"closed","template":"","meta":{"inline_featured_image":false,"_joinchat":[]},"_links":{"self":[{"href":"https:\/\/drzeynepgedikozkose.com\/index.php?rest_route=\/wp\/v2\/pages\/1839"}],"collection":[{"href":"https:\/\/drzeynepgedikozkose.com\/index.php?rest_route=\/wp\/v2\/pages"}],"about":[{"href":"https:\/\/drzeynepgedikozkose.com\/index.php?rest_route=\/wp\/v2\/types\/page"}],"author":[{"embeddable":true,"href":"https:\/\/drzeynepgedikozkose.com\/index.php?rest_route=\/wp\/v2\/users\/2"}],"replies":[{"embeddable":true,"href":"https:\/\/drzeynepgedikozkose.com\/index.php?rest_route=%2Fwp%2Fv2%2Fcomments&post=1839"}],"version-history":[{"count":3,"href":"https:\/\/drzeynepgedikozkose.com\/index.php?rest_route=\/wp\/v2\/pages\/1839\/revisions"}],"predecessor-version":[{"id":2000,"href":"https:\/\/drzeynepgedikozkose.com\/index.php?rest_route=\/wp\/v2\/pages\/1839\/revisions\/2000"}],"wp:attachment":[{"href":"https:\/\/drzeynepgedikozkose.com\/index.php?rest_route=%2Fwp%2Fv2%2Fmedia&parent=1839"}],"curies":[{"name":"wp","href":"https:\/\/api.w.org\/{rel}","templated":true}]}}