{"id":1834,"date":"2024-11-15T14:34:53","date_gmt":"2024-11-15T11:34:53","guid":{"rendered":"http:\/\/drzeynepgedikozkose.com\/?page_id=1834"},"modified":"2024-11-21T14:32:24","modified_gmt":"2024-11-21T11:32:24","slug":"yumurtalik-kistleri-ve-tedavisi","status":"publish","type":"page","link":"https:\/\/drzeynepgedikozkose.com\/?page_id=1834","title":{"rendered":"Yumurtal\u0131k Kistleri ve Tedavisi"},"content":{"rendered":"<p>[vc_row][vc_column][vc_column_text]<\/p>\n<h2><span style=\"font-size: 12pt;\">Yumurtal\u0131kta Kist Nedir?<\/span><\/h2>\n<p>Yumurtal\u0131kta kist, yumurtal\u0131\u011f\u0131n i\u00e7inde veya y\u00fczeyinde olu\u015fan genellikle i\u00e7i s\u0131v\u0131 dolu keselerdir. Bu keseler yumurtan\u0131n geli\u015fip at\u0131ld\u0131\u011f\u0131 yap\u0131dan, rahim i\u00e7ini kaplayan endometrium yap\u0131dan veya direkt yumurtan\u0131n kendisinden olu\u015fabilir. Yumurtal\u0131k kistlerinin i\u00e7i berrak s\u0131v\u0131, ak\u0131\u015fkan \u00e7ikolata\u00a0k\u0131vam\u0131nda s\u0131v\u0131 veya di\u015f, sa\u00e7, kemik, ya\u011f gibi farkl\u0131 dokular ile dolu olabilir. Yumurtal\u0131k kistlerinin pek \u00e7ok farkl\u0131 \u00e7e\u015fidi bulunur.<\/p>\n<p><u><\/u><strong><span style=\"font-size: 12pt;\">Yumurtal\u0131k Kistinin Belirtileri Nelerdir?<\/span><\/strong><\/p>\n<p>Yumurtal\u0131k kistlerinin bir\u00e7o\u011fu belirti bile vermedi\u011finden muayene esnas\u0131nda tesad\u00fcfen tespit edilir. Belirti vermeyen kistler \u00e7o\u011funlukla \u00e7ok k\u00fc\u00e7\u00fck veya ge\u00e7ici olan, zamanla kendili\u011finden yok olan, d\u00f6nemsel kistlerdir. Kistler b\u00fcy\u00fckse ve yay\u0131lma e\u011filiminde ise o zaman \u00f6nemli belirtiler verir. Yumurtal\u0131k kistlerinin en \u00e7ok kar\u015f\u0131la\u015f\u0131lan belirtileri, kas\u0131klarda ve kar\u0131nda a\u011fr\u0131, adet d\u00f6neminde ve ili\u015fki esnas\u0131nda a\u011fr\u0131, adet gecikmesi, adet d\u00fczensizli\u011fi ve gebe kalmakta s\u0131k\u0131nt\u0131d\u0131r. E\u011fer kist k\u00f6t\u00fc huylu ise \u00e7evre dokulara ve organlara bask\u0131 yapaca\u011f\u0131ndan kar\u0131n \u015fi\u015fli\u011fi, kab\u0131zl\u0131k, s\u0131k idrara \u00e7\u0131kma gibi durumlar olu\u015fturur.<\/p>\n<h2><strong><span style=\"font-size: 12pt;\">Yumurtal\u0131k Kisti Tedavisi Nas\u0131l Yap\u0131l\u0131r?<\/span><\/strong><\/h2>\n<p>Bir\u00e7ok yumurtal\u0131k kisti \u015fikayet olu\u015fturmaz ve tedavi gerektirmez. Folik\u00fcl kistleri, gebelik d\u00f6neminde olu\u015fan kistler ve fonksiyon kistler kendili\u011finden yok olaca\u011f\u0131ndan tedaviye ihtiya\u00e7 duyulmaz. \u00c7ikolata kistleri gibi agresif seyreden kistler ve k\u00f6t\u00fc huylu t\u00fcm\u00f6rler ise tedavi gerektirir. Yumurtal\u0131k kisti tedavisinde kistin b\u00fcy\u00fcmesini durdurmak i\u00e7in doktor taraf\u0131ndan do\u011fum kontrol ila\u00e7lar\u0131 \u00f6nerilebilir. Kistin b\u00fcy\u00fcmeye devam etmesi veya menopoz d\u00f6neminde g\u00f6r\u00fclmesi k\u00f6t\u00fc huylu bir hastal\u0131\u011fa d\u00f6n\u00fc\u015febilece\u011finden ameliyat ile cerrahi m\u00fcdahale gerektirebilir. Kist \u00e7ok b\u00fcy\u00fck de\u011filse laparoskopi yani kapal\u0131 ameliyat ger\u00e7ekle\u015ftirilir. Kist b\u00fcy\u00fck oldu\u011funda ve k\u00f6t\u00fc huylu oldu\u011funda ise laparotomi yani a\u00e7\u0131k ameliyat ger\u00e7ekle\u015ftirilerek bir kesi yap\u0131l\u0131r. E\u011fer kist k\u00f6t\u00fc huyluysa ve yay\u0131lma g\u00f6sterdiyse ooferektomi yap\u0131larak yumurtal\u0131klar\u0131n tamam\u0131n\u0131n al\u0131nmas\u0131 da gerekebilir.<\/p>\n<p>&nbsp;<\/p>\n<p>&nbsp;<\/p>\n<p>&nbsp;<\/p>\n<div>\n<p>Sayfa bilgilendirme ama\u00e7l\u0131d\u0131r. Tan\u0131 ve Tedavi i\u00e7in doktorunuza ba\u015fvurunuz.<\/p>\n<pre>G\u00fcncelleme Tarihi 18.11.2024<\/pre>\n<\/div>\n<div><\/div>\n<p>&nbsp;<\/p>\n<p>[\/vc_column_text][\/vc_column][\/vc_row]<\/p>\n","protected":false},"excerpt":{"rendered":"<p>[vc_row][vc_column][vc_column_text] Yumurtal\u0131kta Kist Nedir? Yumurtal\u0131kta kist, yumurtal\u0131\u011f\u0131n i\u00e7inde veya y\u00fczeyinde olu\u015fan genellikle i\u00e7i s\u0131v\u0131 dolu keselerdir. Bu keseler yumurtan\u0131n geli\u015fip at\u0131ld\u0131\u011f\u0131 yap\u0131dan, rahim i\u00e7ini kaplayan endometrium yap\u0131dan veya direkt yumurtan\u0131n kendisinden olu\u015fabilir. Yumurtal\u0131k kistlerinin i\u00e7i berrak s\u0131v\u0131, ak\u0131\u015fkan \u00e7ikolata\u00a0k\u0131vam\u0131nda s\u0131v\u0131 veya di\u015f, sa\u00e7, kemik, ya\u011f gibi farkl\u0131 dokular ile dolu olabilir. Yumurtal\u0131k kistlerinin pek \u00e7ok&hellip;<\/p>\n","protected":false},"author":2,"featured_media":0,"parent":0,"menu_order":0,"comment_status":"closed","ping_status":"closed","template":"","meta":{"inline_featured_image":false,"_joinchat":[]},"_links":{"self":[{"href":"https:\/\/drzeynepgedikozkose.com\/index.php?rest_route=\/wp\/v2\/pages\/1834"}],"collection":[{"href":"https:\/\/drzeynepgedikozkose.com\/index.php?rest_route=\/wp\/v2\/pages"}],"about":[{"href":"https:\/\/drzeynepgedikozkose.com\/index.php?rest_route=\/wp\/v2\/types\/page"}],"author":[{"embeddable":true,"href":"https:\/\/drzeynepgedikozkose.com\/index.php?rest_route=\/wp\/v2\/users\/2"}],"replies":[{"embeddable":true,"href":"https:\/\/drzeynepgedikozkose.com\/index.php?rest_route=%2Fwp%2Fv2%2Fcomments&post=1834"}],"version-history":[{"count":3,"href":"https:\/\/drzeynepgedikozkose.com\/index.php?rest_route=\/wp\/v2\/pages\/1834\/revisions"}],"predecessor-version":[{"id":2008,"href":"https:\/\/drzeynepgedikozkose.com\/index.php?rest_route=\/wp\/v2\/pages\/1834\/revisions\/2008"}],"wp:attachment":[{"href":"https:\/\/drzeynepgedikozkose.com\/index.php?rest_route=%2Fwp%2Fv2%2Fmedia&parent=1834"}],"curies":[{"name":"wp","href":"https:\/\/api.w.org\/{rel}","templated":true}]}}