{"id":1771,"date":"2024-11-15T14:09:41","date_gmt":"2024-11-15T11:09:41","guid":{"rendered":"http:\/\/drzeynepgedikozkose.com\/?page_id=1771"},"modified":"2024-11-21T14:20:15","modified_gmt":"2024-11-21T11:20:15","slug":"plasenta-previa-ve-plasenta-yapisma-anomalileri","status":"publish","type":"page","link":"https:\/\/drzeynepgedikozkose.com\/?page_id=1771","title":{"rendered":"Plasenta Previa ve Plasenta Yap\u0131\u015fma Anomalileri"},"content":{"rendered":"<p>[vc_row][vc_column][vc_column_text]<strong><span style=\"font-size: 12pt;\">D\u00f6rt Boyutlu Ultrason\u00a0<\/span><\/strong><\/p>\n<p>4 Boyutlu Ultrason, 2 boyutlu siyah-beyaz ultrasonografiden al\u0131nan kesitlerin bilgisayarda e\u015f zamanl\u0131 olarak birle\u015ftirilmesi y\u00f6ntemidir. En, uzunluk ve derinlik olmak \u00fczere 3 boyut i\u00e7eren g\u00f6r\u00fcnt\u00fcn\u00fcn e\u015f zamanl\u0131 olarak monit\u00f6rde g\u00f6r\u00fcnt\u00fclenmesine 4 boyutlu g\u00f6r\u00fcnt\u00fcleme denir.<\/p>\n<p>Ultrason cihaz\u0131n\u0131n temel prensibi, prob ad\u0131 verilen ve anneye temas eden ve bu u\u00e7tan yay\u0131lan ses dalgalar\u0131n\u0131n dokulardan yans\u0131t\u0131larak monit\u00f6rde g\u00f6r\u00fcnt\u00fc olu\u015fturmas\u0131d\u0131r.<\/p>\n<p>4D Ultrason \u00e7o\u011funlukla anne ve babalar\u0131n bebeklerini g\u00f6rmeleri i\u00e7in kullan\u0131l\u0131r. Bu g\u00f6r\u00fcnt\u00fcler aileyi \u00e7ok mutlu eder.<\/p>\n<p>4 boyutlu ultrasonografi, bebekte var olan anomalileri te\u015fhis etme konusunda da yard\u0131mc\u0131 olabilmektedir. Damak, dudak yar\u0131\u011f\u0131 te\u015fhisini koymada veya omurgadaki ufak a\u00e7\u0131kl\u0131klar\u0131 anlama hususlar\u0131nda te\u015fhis kolayl\u0131\u011f\u0131 sa\u011flayabilmektedir. Fakat 4 boyutlu ultrasonografi bir tan\u0131 arac\u0131 de\u011fil sadece siyah-beyaz detayl\u0131 ultrason yard\u0131mc\u0131 olarak g\u00f6r\u00fclmelidir.<\/p>\n<p>&nbsp;<\/p>\n<p>4D Ultrason Hamileli\u011fin Ka\u00e7\u0131nc\u0131 Haftas\u0131nda Tercih Edilmelidir?2 boyutlu ultrason gebeli\u011fin her a\u015famas\u0131nda kullan\u0131labilir. Ancak 4 boyutlu ultrason hamileli\u011fin 4. ay\u0131ndan itibaren yap\u0131labilmektedir. Bu sebeple kliniklerden, 20 haftadan sonra 4 boyutlu ultrason i\u00e7in randevu al\u0131nabilir. Ultrasonda en iyi g\u00f6r\u00fcnt\u00fcy\u00fc yakalama a\u00e7\u0131s\u0131ndan en uygun d\u00f6nemler ise hamileli\u011fin 26 ve 30 haftalar\u0131 aras\u0131d\u0131r. 26. haftadan \u00f6nce bebe\u011fin cilt alt\u0131 ya\u011f dokusu hen\u00fcz tam geli\u015fmedi\u011fi i\u00e7in net bir g\u00f6r\u00fcnt\u00fc al\u0131namaz. 30. haftadan sonra ise bebe\u011fin yeri darald\u0131\u011f\u0131 ve bebek pelvise do\u011fru indi\u011fi i\u00e7in net g\u00f6r\u00fcnt\u00fc al\u0131namayabilir.<\/p>\n<p>4 boyutlu ultrasonda iyi g\u00f6r\u00fcnt\u00fc elde edebilmek i\u00e7in gereken baz\u0131 \u015fartlar vard\u0131r. \u0130lk olarak bebe\u011fin y\u00fcz\u00fcn\u00fcn d\u0131\u015fa d\u00f6n\u00fck olmas\u0131 gerekmektedir. Bunun d\u0131\u015f\u0131nda, bebe\u011fin y\u00fcz\u00fc ile rahim duvar\u0131 aras\u0131nda yeterli miktarda s\u0131v\u0131 bulunmal\u0131d\u0131r ve bebe\u011fin y\u00fcz\u00fcn\u00fcn \u00f6n\u00fcnde eller, ayaklar kordon olmamal\u0131d\u0131r. Yani y\u00fcz\u00fc a\u00e7\u0131k olmal\u0131d\u0131r. Bu \u015fartlar sa\u011flanamad\u0131\u011f\u0131 takdirde 4 boyutlu ultrasonda net bir g\u00f6r\u00fcnt\u00fc al\u0131namamaktad\u0131r. Bu gibi durumlarla kar\u015f\u0131la\u015f\u0131ld\u0131\u011f\u0131nda bir m\u00fcddet ara verip tekrar denenebilir.<\/p>\n<p>&nbsp;<\/p>\n<p><span style=\"font-size: 12pt;\"><strong>4 Boyutlu Ultrasonun Klasik Ultrason Y\u00f6nteminden Fark\u0131 Nedir?<\/strong><\/span><\/p>\n<p>4 boyutlu ultrason teknolojisinin sahip oldu\u011fu y\u00fcksek g\u00f6r\u00fcnt\u00fc kalitesi sayesinde bebe\u011fin t\u00fcm organlar\u0131 ve hareketleri e\u015f zamanl\u0131 olarak g\u00f6r\u00fcnt\u00fclenebilmektedir. 4 boyutlu ultrason g\u00f6r\u00fcnt\u00fcleri daha yayg\u0131n olarak ailenin bebe\u011fini g\u00f6rmesinden dolay\u0131 mutluluk olu\u015fturur. Ancak 4 boyutlu ultrason muayenesinin yap\u0131l\u0131yor olmas\u0131 2 boyutlu ultrasonun gereksiz oldu\u011fu anlam\u0131na gelmez. \u00c7\u00fcnk\u00fc bebe\u011fin i\u00e7 organlar\u0131yla ilgili en iyi g\u00f6r\u00fcnt\u00fcy\u00fc 2 boyutlu ultrasonlar vermektedir, bu a\u015famada 4 boyutlu ultrasonlar yetersiz kalmaktad\u0131r. 4 boyutlu ultrason 2 boyutlu ultrasonun tamamlay\u0131c\u0131s\u0131 olarak kabul edilmelidir.<\/p>\n<p>&nbsp;<\/p>\n<p>&nbsp;<\/p>\n<p>&nbsp;<\/p>\n<div>\n<p>Sayfa bilgilendirme ama\u00e7l\u0131d\u0131r. Tan\u0131 ve Tedavi i\u00e7in doktorunuza ba\u015fvurunuz.<\/p>\n<pre>G\u00fcncelleme Tarihi 18.11.2024<\/pre>\n<\/div>\n<div><\/div>\n<p>[\/vc_column_text][\/vc_column][\/vc_row]<\/p>\n","protected":false},"excerpt":{"rendered":"<p>[vc_row][vc_column][vc_column_text]D\u00f6rt Boyutlu Ultrason\u00a0 4 Boyutlu Ultrason, 2 boyutlu siyah-beyaz ultrasonografiden al\u0131nan kesitlerin bilgisayarda e\u015f zamanl\u0131 olarak birle\u015ftirilmesi y\u00f6ntemidir. En, uzunluk ve derinlik olmak \u00fczere 3 boyut i\u00e7eren g\u00f6r\u00fcnt\u00fcn\u00fcn e\u015f zamanl\u0131 olarak monit\u00f6rde g\u00f6r\u00fcnt\u00fclenmesine 4 boyutlu g\u00f6r\u00fcnt\u00fcleme denir. Ultrason cihaz\u0131n\u0131n temel prensibi, prob ad\u0131 verilen ve anneye temas eden ve bu u\u00e7tan yay\u0131lan ses dalgalar\u0131n\u0131n dokulardan&hellip;<\/p>\n","protected":false},"author":2,"featured_media":0,"parent":0,"menu_order":0,"comment_status":"closed","ping_status":"closed","template":"","meta":{"inline_featured_image":false,"_joinchat":[]},"_links":{"self":[{"href":"https:\/\/drzeynepgedikozkose.com\/index.php?rest_route=\/wp\/v2\/pages\/1771"}],"collection":[{"href":"https:\/\/drzeynepgedikozkose.com\/index.php?rest_route=\/wp\/v2\/pages"}],"about":[{"href":"https:\/\/drzeynepgedikozkose.com\/index.php?rest_route=\/wp\/v2\/types\/page"}],"author":[{"embeddable":true,"href":"https:\/\/drzeynepgedikozkose.com\/index.php?rest_route=\/wp\/v2\/users\/2"}],"replies":[{"embeddable":true,"href":"https:\/\/drzeynepgedikozkose.com\/index.php?rest_route=%2Fwp%2Fv2%2Fcomments&post=1771"}],"version-history":[{"count":3,"href":"https:\/\/drzeynepgedikozkose.com\/index.php?rest_route=\/wp\/v2\/pages\/1771\/revisions"}],"predecessor-version":[{"id":1998,"href":"https:\/\/drzeynepgedikozkose.com\/index.php?rest_route=\/wp\/v2\/pages\/1771\/revisions\/1998"}],"wp:attachment":[{"href":"https:\/\/drzeynepgedikozkose.com\/index.php?rest_route=%2Fwp%2Fv2%2Fmedia&parent=1771"}],"curies":[{"name":"wp","href":"https:\/\/api.w.org\/{rel}","templated":true}]}}