{"id":1767,"date":"2024-11-15T14:06:32","date_gmt":"2024-11-15T11:06:32","guid":{"rendered":"http:\/\/drzeynepgedikozkose.com\/?page_id=1767"},"modified":"2024-11-21T14:03:49","modified_gmt":"2024-11-21T11:03:49","slug":"gebelikte-su-azligi-veya-su-fazlaligi-nedir","status":"publish","type":"page","link":"https:\/\/drzeynepgedikozkose.com\/?page_id=1767","title":{"rendered":"Gebelikte Su Azl\u0131\u011f\u0131 veya Su Fazlal\u0131\u011f\u0131 Nedir?"},"content":{"rendered":"<p>[vc_row][vc_column][vc_column_text]<\/p>\n<header class=\"entry-header\">\n<h1 class=\"entry-title\"><span style=\"font-size: 12pt;\">Amniyon S\u0131v\u0131s\u0131 Nedir? Gebelikte Suyun Azalmas\u0131 (Oligohidramnios)<\/span><\/h1>\n<\/header>\n<div class=\"entry-content clearfix\">\n<p>Bu yaz\u0131da; Amniyon s\u0131v\u0131s\u0131 nedir?, Gebelikte suyun azalmas\u0131 (oligohidramnios) nedir? Gebelikte suyun azalmas\u0131 belirtileri nelerdir? Amniyon s\u0131v\u0131s\u0131 neden azal\u0131r? gibi sorular\u0131n cevab\u0131n\u0131 bulacaks\u0131n\u0131z.<\/p>\n<h4 class=\"wp-block-heading\"><span style=\"font-size: 12pt;\"><strong>Amniyon s\u0131v\u0131s\u0131 nedir?<\/strong><\/span><\/h4>\n<p>Amniyon s\u0131v\u0131s\u0131 (amniyotik s\u0131v\u0131), hamilelik s\u0131ras\u0131nda rahimde bebe\u011fi \u00e7evreleyen s\u0131v\u0131d\u0131r. Ba\u015flang\u0131\u00e7ta \u00e7o\u011funlukla elektrolitli su i\u00e7erir. Ancak hamileli\u011fin ilerlemesiyle birlikte daha farkl\u0131 molek\u00fcller (proteinler, karbonhidratlar, lipitler ve \u00fcre dahil) bar\u0131nd\u0131r\u0131r.<\/p>\n<p>Amniyotik s\u0131v\u0131, amniyon kesesinin olu\u015fumundan hemen sonra \u00fcretilmeye ba\u015flar. Hamileli\u011fin ilk \u00fc\u00e7 ay\u0131nda amniyotik s\u0131v\u0131n\u0131n ana bile\u015feni, annenin plasenta yoluyla sa\u011flad\u0131\u011f\u0131 s\u0131v\u0131d\u0131r (maternal plazma, besinler ve b\u00fcy\u00fcme fakt\u00f6rleri). Hamileli\u011fin ikinci yar\u0131s\u0131nda ise bebek amniyotik s\u0131v\u0131n\u0131n ana \u00fcreticisidir. Bebe\u011fin idrar\u0131 amniyotik s\u0131v\u0131n\u0131n birinci kayna\u011f\u0131 haline gelir. Normalde idrar zararl\u0131 bile\u015fenler i\u00e7erir. Ancak fet\u00fcs idrar\u0131nda bebe\u011fe zarar verebilecek zararl\u0131 bile\u015fenler yoktur. \u00c7\u00fcnk\u00fc fet\u00fcs, v\u00fccudunda biriken toksinleri idrarla de\u011fil, g\u00f6bek kordonu yoluyla atar. \u0130drar d\u0131\u015f\u0131nda, fetal \u00a0akci\u011ferlerinden at\u0131lan s\u0131v\u0131 da amniyon s\u0131v\u0131s\u0131na katk\u0131da bulunur.<\/p>\n<\/div>\n<p>&nbsp;<\/p>\n<p>&nbsp;<\/p>\n<p>&nbsp;<\/p>\n<div>\n<p>Sayfa bilgilendirme ama\u00e7l\u0131d\u0131r. Tan\u0131 ve Tedavi i\u00e7in doktorunuza ba\u015fvurunuz.<\/p>\n<pre>G\u00fcncelleme Tarihi 18.11.2024<\/pre>\n<\/div>\n<div><\/div>\n<p>[\/vc_column_text][\/vc_column][\/vc_row]<\/p>\n","protected":false},"excerpt":{"rendered":"<p>[vc_row][vc_column][vc_column_text] Amniyon S\u0131v\u0131s\u0131 Nedir? Gebelikte Suyun Azalmas\u0131 (Oligohidramnios) Bu yaz\u0131da; Amniyon s\u0131v\u0131s\u0131 nedir?, Gebelikte suyun azalmas\u0131 (oligohidramnios) nedir? Gebelikte suyun azalmas\u0131 belirtileri nelerdir? Amniyon s\u0131v\u0131s\u0131 neden azal\u0131r? gibi sorular\u0131n cevab\u0131n\u0131 bulacaks\u0131n\u0131z. Amniyon s\u0131v\u0131s\u0131 nedir? Amniyon s\u0131v\u0131s\u0131 (amniyotik s\u0131v\u0131), hamilelik s\u0131ras\u0131nda rahimde bebe\u011fi \u00e7evreleyen s\u0131v\u0131d\u0131r. Ba\u015flang\u0131\u00e7ta \u00e7o\u011funlukla elektrolitli su i\u00e7erir. Ancak hamileli\u011fin ilerlemesiyle birlikte daha farkl\u0131&hellip;<\/p>\n","protected":false},"author":2,"featured_media":0,"parent":0,"menu_order":0,"comment_status":"closed","ping_status":"closed","template":"","meta":{"inline_featured_image":false,"_joinchat":[]},"_links":{"self":[{"href":"https:\/\/drzeynepgedikozkose.com\/index.php?rest_route=\/wp\/v2\/pages\/1767"}],"collection":[{"href":"https:\/\/drzeynepgedikozkose.com\/index.php?rest_route=\/wp\/v2\/pages"}],"about":[{"href":"https:\/\/drzeynepgedikozkose.com\/index.php?rest_route=\/wp\/v2\/types\/page"}],"author":[{"embeddable":true,"href":"https:\/\/drzeynepgedikozkose.com\/index.php?rest_route=\/wp\/v2\/users\/2"}],"replies":[{"embeddable":true,"href":"https:\/\/drzeynepgedikozkose.com\/index.php?rest_route=%2Fwp%2Fv2%2Fcomments&post=1767"}],"version-history":[{"count":3,"href":"https:\/\/drzeynepgedikozkose.com\/index.php?rest_route=\/wp\/v2\/pages\/1767\/revisions"}],"predecessor-version":[{"id":1983,"href":"https:\/\/drzeynepgedikozkose.com\/index.php?rest_route=\/wp\/v2\/pages\/1767\/revisions\/1983"}],"wp:attachment":[{"href":"https:\/\/drzeynepgedikozkose.com\/index.php?rest_route=%2Fwp%2Fv2%2Fmedia&parent=1767"}],"curies":[{"name":"wp","href":"https:\/\/api.w.org\/{rel}","templated":true}]}}