{"id":1766,"date":"2024-11-15T14:08:43","date_gmt":"2024-11-15T11:08:43","guid":{"rendered":"http:\/\/drzeynepgedikozkose.com\/?page_id=1766"},"modified":"2024-11-21T14:03:06","modified_gmt":"2024-11-21T11:03:06","slug":"gebelikte-fetal-enfeksiyonlar-nelerdir","status":"publish","type":"page","link":"https:\/\/drzeynepgedikozkose.com\/?page_id=1766","title":{"rendered":"Gebelikte Fetal Enfeksiyonlar Nelerdir?"},"content":{"rendered":"<p>[vc_row][vc_column][vc_column_text]<\/p>\n<div>Gebelikte fetal enfeksiyonlar, anne aday\u0131ndan fet\u00fcse ge\u00e7en enfeksiyonlard\u0131r. Bu enfeksiyonlar, fet\u00fcs\u00fcn geli\u015fimini olumsuz etkileyebilir ve \u00e7e\u015fitli sa\u011fl\u0131k sorunlar\u0131na yol a\u00e7abilir. Fetal enfeksiyonlara genellikle TORCH grubu enfeksiyonlar\u0131 neden olur. TORCH, enfeksiyonlar\u0131n ba\u015f harflerinden olu\u015fan bir k\u0131saltmad\u0131r ve \u015funlar\u0131 i\u00e7erir:<\/div>\n<div><\/div>\n<div><strong>1.\u2060 \u2060Toxoplasma gondii (Toksoplazmoz)<\/strong><\/div>\n<div><\/div>\n<div>\u2022Kaynak: \u00c7i\u011f ya da az pi\u015fmi\u015f et, iyi y\u0131kanmam\u0131\u015f sebze-meyve, enfekte kedi d\u0131\u015fk\u0131s\u0131.<\/div>\n<div>\u2022Sonu\u00e7lar\u0131: Hidrosefali, koryoretinit, intrakraniyal kalsifikasyonlar, d\u00fc\u015f\u00fck veya \u00f6l\u00fc do\u011fum.<\/div>\n<div><\/div>\n<div><strong>2.\u2060 \u2060Other (Di\u011ferleri)<\/strong><\/div>\n<div><\/div>\n<div>\u2022Sifiliz: Treponema pallidum bakterisi neden olur. Anemi, kemik deformasyonlar\u0131, do\u011fum sonras\u0131 d\u00f6k\u00fcnt\u00fcler.<\/div>\n<div>\u2022Hepatit B ve C: Kronik karaci\u011fer hasar\u0131 riski.<\/div>\n<div>\u2022HIV: Do\u011fum s\u0131ras\u0131nda veya emzirme ile bula\u015fabilir.<\/div>\n<div>\u2022Parvovir\u00fcs B19: Hidrops fetalis ve intrauterin \u00f6l\u00fcm.<\/div>\n<div>\u2022Varisella Zoster (Su \u00e7i\u00e7e\u011fi): Konjenital varisella sendromu.<\/div>\n<div><\/div>\n<div><strong>3.\u2060 \u2060Rubella (K\u0131zam\u0131k\u00e7\u0131k)<\/strong><\/div>\n<div><\/div>\n<div>\u2022Kaynak: Solunum yoluyla bula\u015f\u0131r.<\/div>\n<div>\u2022Sonu\u00e7lar\u0131: Konjenital rubella sendromu, kalp defektleri, katarakt, i\u015fitme kayb\u0131, mikrosefali.<\/div>\n<div><\/div>\n<div><strong>4.\u2060 \u2060Cytomegalovirus (CMV)<\/strong><\/div>\n<div><\/div>\n<div>\u2022Kaynak: V\u00fccut s\u0131v\u0131lar\u0131yla bula\u015f\u0131r.<\/div>\n<div>\u2022Sonu\u00e7lar\u0131: Mikrosefali, i\u015fitme kayb\u0131, g\u00f6rme bozukluklar\u0131, zihinsel gerilik.<\/div>\n<div><\/div>\n<div><strong>5.\u2060 \u2060Herpes Simplex Vir\u00fcs\u00fc (HSV)<\/strong><\/div>\n<div><\/div>\n<div>\u2022Kaynak: Genellikle do\u011fum s\u0131ras\u0131nda bula\u015f\u0131r.<\/div>\n<div>\u2022Sonu\u00e7lar\u0131: Cilt lezyonlar\u0131, ensefalit, neonatal \u00f6l\u00fcm.<\/div>\n<div><\/div>\n<div><strong>Belirtiler ve Tan\u0131<\/strong><\/div>\n<div><\/div>\n<div>Anne adaylar\u0131nda genellikle hafif belirtiler g\u00f6r\u00fcl\u00fcr ya da enfeksiyon sessiz seyredebilir. Tan\u0131 genellikle kan testleri, amniyosentez ya da ultrasonografi ile konur.<\/div>\n<div><\/div>\n<div><strong>\u00d6nlemler<\/strong><\/div>\n<div><\/div>\n<div>\u2022Hijyen kurallar\u0131na dikkat etmek.<\/div>\n<div>\u2022\u00c7i\u011f ya da az pi\u015fmi\u015f etlerden ka\u00e7\u0131nmak.<\/div>\n<div>\u2022A\u015f\u0131lanma (\u00d6zellikle rubella i\u00e7in).<\/div>\n<div>\u2022Gebelik \u00f6ncesi enfeksiyon taramalar\u0131.<\/div>\n<div><\/div>\n<div><strong>Tedavi<\/strong><\/div>\n<div><\/div>\n<div>Tedavi, enfeksiyona ve gebelik haftas\u0131na ba\u011fl\u0131d\u0131r. Antibiyotikler, antiviral ila\u00e7lar ya da destekleyici tedaviler uygulanabilir.<\/div>\n<div><\/div>\n<div><\/div>\n<div><\/div>\n<div><\/div>\n<div>\n<div>\n<p>Sayfa bilgilendirme ama\u00e7l\u0131d\u0131r. Tan\u0131 ve Tedavi i\u00e7in doktorunuza ba\u015fvurunuz.<\/p>\n<pre>G\u00fcncelleme Tarihi 18.11.2024<\/pre>\n<\/div>\n<div><\/div>\n<\/div>\n<p>[\/vc_column_text][\/vc_column][\/vc_row]<\/p>\n","protected":false},"excerpt":{"rendered":"<p>[vc_row][vc_column][vc_column_text] Gebelikte fetal enfeksiyonlar, anne aday\u0131ndan fet\u00fcse ge\u00e7en enfeksiyonlard\u0131r. Bu enfeksiyonlar, fet\u00fcs\u00fcn geli\u015fimini olumsuz etkileyebilir ve \u00e7e\u015fitli sa\u011fl\u0131k sorunlar\u0131na yol a\u00e7abilir. Fetal enfeksiyonlara genellikle TORCH grubu enfeksiyonlar\u0131 neden olur. TORCH, enfeksiyonlar\u0131n ba\u015f harflerinden olu\u015fan bir k\u0131saltmad\u0131r ve \u015funlar\u0131 i\u00e7erir: 1.\u2060 \u2060Toxoplasma gondii (Toksoplazmoz) \u2022Kaynak: \u00c7i\u011f ya da az pi\u015fmi\u015f et, iyi y\u0131kanmam\u0131\u015f sebze-meyve, enfekte kedi&hellip;<\/p>\n","protected":false},"author":2,"featured_media":0,"parent":0,"menu_order":0,"comment_status":"closed","ping_status":"closed","template":"","meta":{"inline_featured_image":false,"_joinchat":[]},"_links":{"self":[{"href":"https:\/\/drzeynepgedikozkose.com\/index.php?rest_route=\/wp\/v2\/pages\/1766"}],"collection":[{"href":"https:\/\/drzeynepgedikozkose.com\/index.php?rest_route=\/wp\/v2\/pages"}],"about":[{"href":"https:\/\/drzeynepgedikozkose.com\/index.php?rest_route=\/wp\/v2\/types\/page"}],"author":[{"embeddable":true,"href":"https:\/\/drzeynepgedikozkose.com\/index.php?rest_route=\/wp\/v2\/users\/2"}],"replies":[{"embeddable":true,"href":"https:\/\/drzeynepgedikozkose.com\/index.php?rest_route=%2Fwp%2Fv2%2Fcomments&post=1766"}],"version-history":[{"count":3,"href":"https:\/\/drzeynepgedikozkose.com\/index.php?rest_route=\/wp\/v2\/pages\/1766\/revisions"}],"predecessor-version":[{"id":1982,"href":"https:\/\/drzeynepgedikozkose.com\/index.php?rest_route=\/wp\/v2\/pages\/1766\/revisions\/1982"}],"wp:attachment":[{"href":"https:\/\/drzeynepgedikozkose.com\/index.php?rest_route=%2Fwp%2Fv2%2Fmedia&parent=1766"}],"curies":[{"name":"wp","href":"https:\/\/api.w.org\/{rel}","templated":true}]}}