{"id":1764,"date":"2024-11-15T14:04:33","date_gmt":"2024-11-15T11:04:33","guid":{"rendered":"http:\/\/drzeynepgedikozkose.com\/?page_id=1764"},"modified":"2024-11-21T13:57:21","modified_gmt":"2024-11-21T10:57:21","slug":"gebelik-ve-diyabet","status":"publish","type":"page","link":"https:\/\/drzeynepgedikozkose.com\/?page_id=1764","title":{"rendered":"Gebelik ve Diyabet"},"content":{"rendered":"<p>[vc_row][vc_column][vc_column_text]<\/p>\n<div>Gebelikte diyabet, hem anne hem de bebek sa\u011fl\u0131\u011f\u0131 \u00fczerinde \u00f6nemli etkiler yaratabilen bir durumdur. Gebelik s\u0131ras\u0131nda diyabet iki ana kategoriye ayr\u0131l\u0131r:<\/div>\n<div><strong>1.Gestasyonel Diyabet (Gebelik Diyabeti):<\/strong><\/div>\n<div>Gebelik s\u0131ras\u0131nda ortaya \u00e7\u0131kan ve genellikle do\u011fumdan sonra kaybolan diyabet t\u00fcr\u00fcd\u00fcr. Gestasyonel diyabet, gebelik hormonlar\u0131n\u0131n ins\u00fclinin etkisini azaltmas\u0131 sonucu olu\u015fur.<\/div>\n<div>\u2022Risk Fakt\u00f6rleri: Ailede diyabet \u00f6yk\u00fcs\u00fc, obezite, ileri ya\u015fta gebelik (35 ya\u015f \u00fcst\u00fc), \u00f6nceki gebelikte gestasyonel diyabet \u00f6yk\u00fcs\u00fc, iri bebek do\u011furma (4 kg \u00fcst\u00fc).<\/div>\n<div>\u2022Tan\u0131: Genellikle 24-28. haftalar aras\u0131nda yap\u0131lan oral glukoz tolerans testi (OGTT) ile te\u015fhis edilir.<\/div>\n<div><strong>2.Pregestasyonel Diyabet:<\/strong><\/div>\n<div>Gebelikten \u00f6nce mevcut olan Tip 1 veya Tip 2 diyabet durumudur. Bu durumdaki kad\u0131nlar gebelik \u00f6ncesinde diyabetlerini iyi bir \u015fekilde kontrol alt\u0131na almal\u0131d\u0131r.<\/div>\n<div><\/div>\n<div><strong>Gebelikte Diyabetin Riskleri<\/strong><\/div>\n<div><\/div>\n<div>\u2022Anne i\u00e7in:<\/div>\n<div>\u2022Hipertansiyon (preeklampsi),<\/div>\n<div>\u2022Do\u011fum s\u0131ras\u0131nda komplikasyonlar,<\/div>\n<div>\u2022Sezaryen gereklili\u011fi art\u0131\u015f\u0131.<\/div>\n<div>\u2022Bebek i\u00e7in:<\/div>\n<div>\u2022Makrozomi (iri bebek),<\/div>\n<div>\u2022Hipoglisemi (do\u011fum sonras\u0131 d\u00fc\u015f\u00fck kan \u015fekeri),<\/div>\n<div>\u2022Do\u011fumsal anormallikler (\u00f6zellikle pregestasyonel diyabette),<\/div>\n<div>\u2022Solunum s\u0131k\u0131nt\u0131s\u0131,<\/div>\n<div>\u2022\u0130leride diyabet veya obezite riski.<\/div>\n<div><\/div>\n<div><strong>Tedavi ve Y\u00f6netim<\/strong><\/div>\n<div><\/div>\n<div>1.Kan \u015eekeri Takibi: Gebelik boyunca d\u00fczenli kan \u015fekeri \u00f6l\u00e7\u00fcm\u00fc yap\u0131lmal\u0131d\u0131r.<\/div>\n<div>2.Beslenme D\u00fczeni: Diyetisyenle \u00e7al\u0131\u015farak ki\u015fiye \u00f6zel bir beslenme plan\u0131 olu\u015fturulur.<\/div>\n<div>3.Fiziksel Aktivite: Gebeli\u011fe uygun egzersizler \u00f6nerilir.<\/div>\n<div>4.\u0130ns\u00fclin Tedavisi: Gerekli durumlarda ins\u00fclin kullan\u0131labilir. Gestasyonel diyabetli kad\u0131nlarda genellikle oral diyabet ila\u00e7lar\u0131 tercih edilmez.<\/div>\n<div>5.D\u00fczenli Doktor Kontrolleri: Hem anne hem de bebe\u011fin sa\u011fl\u0131\u011f\u0131n\u0131 izlemek i\u00e7in s\u0131k\u0131 takip gerekir.<\/div>\n<div><\/div>\n<div><\/div>\n<div><\/div>\n<div><\/div>\n<div>\n<p>Sayfa bilgilendirme ama\u00e7l\u0131d\u0131r. Tan\u0131 ve Tedavi i\u00e7in doktorunuza ba\u015fvurunuz.<\/p>\n<pre>G\u00fcncelleme Tarihi 18.11.2024<\/pre>\n<\/div>\n<div><\/div>\n<p>[\/vc_column_text][\/vc_column][\/vc_row]<\/p>\n","protected":false},"excerpt":{"rendered":"<p>[vc_row][vc_column][vc_column_text] Gebelikte diyabet, hem anne hem de bebek sa\u011fl\u0131\u011f\u0131 \u00fczerinde \u00f6nemli etkiler yaratabilen bir durumdur. Gebelik s\u0131ras\u0131nda diyabet iki ana kategoriye ayr\u0131l\u0131r: 1.Gestasyonel Diyabet (Gebelik Diyabeti): Gebelik s\u0131ras\u0131nda ortaya \u00e7\u0131kan ve genellikle do\u011fumdan sonra kaybolan diyabet t\u00fcr\u00fcd\u00fcr. Gestasyonel diyabet, gebelik hormonlar\u0131n\u0131n ins\u00fclinin etkisini azaltmas\u0131 sonucu olu\u015fur. \u2022Risk Fakt\u00f6rleri: Ailede diyabet \u00f6yk\u00fcs\u00fc, obezite, ileri ya\u015fta gebelik&hellip;<\/p>\n","protected":false},"author":2,"featured_media":0,"parent":0,"menu_order":0,"comment_status":"closed","ping_status":"closed","template":"","meta":{"inline_featured_image":false,"_joinchat":[]},"_links":{"self":[{"href":"https:\/\/drzeynepgedikozkose.com\/index.php?rest_route=\/wp\/v2\/pages\/1764"}],"collection":[{"href":"https:\/\/drzeynepgedikozkose.com\/index.php?rest_route=\/wp\/v2\/pages"}],"about":[{"href":"https:\/\/drzeynepgedikozkose.com\/index.php?rest_route=\/wp\/v2\/types\/page"}],"author":[{"embeddable":true,"href":"https:\/\/drzeynepgedikozkose.com\/index.php?rest_route=\/wp\/v2\/users\/2"}],"replies":[{"embeddable":true,"href":"https:\/\/drzeynepgedikozkose.com\/index.php?rest_route=%2Fwp%2Fv2%2Fcomments&post=1764"}],"version-history":[{"count":3,"href":"https:\/\/drzeynepgedikozkose.com\/index.php?rest_route=\/wp\/v2\/pages\/1764\/revisions"}],"predecessor-version":[{"id":1979,"href":"https:\/\/drzeynepgedikozkose.com\/index.php?rest_route=\/wp\/v2\/pages\/1764\/revisions\/1979"}],"wp:attachment":[{"href":"https:\/\/drzeynepgedikozkose.com\/index.php?rest_route=%2Fwp%2Fv2%2Fmedia&parent=1764"}],"curies":[{"name":"wp","href":"https:\/\/api.w.org\/{rel}","templated":true}]}}