{"id":1757,"date":"2024-11-15T13:50:59","date_gmt":"2024-11-15T10:50:59","guid":{"rendered":"http:\/\/drzeynepgedikozkose.com\/?page_id=1757"},"modified":"2024-11-21T13:53:46","modified_gmt":"2024-11-21T10:53:46","slug":"gebelik-zehirlenmesi-preeklampsi","status":"publish","type":"page","link":"https:\/\/drzeynepgedikozkose.com\/?page_id=1757","title":{"rendered":"Bebekte Geli\u015fme Gerili\u011fi"},"content":{"rendered":"<p>[vc_row][vc_column][vc_column_text]<\/p>\n<div>Bebekte geli\u015fme gerili\u011fi (intrauterin b\u00fcy\u00fcme gerili\u011fi &#8211; IUGR), anne karn\u0131ndaki bebe\u011fin gebelik haftas\u0131na g\u00f6re beklenenden daha k\u00fc\u00e7\u00fck veya d\u00fc\u015f\u00fck kiloda olmas\u0131 durumudur. Bu, fet\u00fcs\u00fcn optimal \u015fekilde b\u00fcy\u00fcyemedi\u011fini g\u00f6sterir ve anne, bebek veya plasentayla ilgili sorunlardan kaynaklanabilir.<\/div>\n<div><\/div>\n<div><strong><span style=\"font-size: 12pt;\">Geli\u015fme Gerili\u011fi T\u00fcrleri<\/span><\/strong><\/div>\n<div><\/div>\n<div><strong>1.Simetrik Geli\u015fme Gerili\u011fi:<\/strong><\/div>\n<div>\u2022Bebek ba\u015ftan aya\u011fa t\u00fcm v\u00fccut oranlar\u0131yla k\u00fc\u00e7\u00fck geli\u015fir.<\/div>\n<div>\u2022Genellikle erken gebelikte (ilk trimester) olu\u015fur.<\/div>\n<div>\u2022Sebepler: Genetik bozukluklar, enfeksiyonlar (TORCH enfeksiyonlar\u0131 gibi)<\/div>\n<div><\/div>\n<div><strong>2.Asimetrik Geli\u015fme Gerili\u011fi:<\/strong><\/div>\n<div>\u2022Bebekte kafa \u00e7evresi normaldir, ancak kar\u0131n \u00e7evresi daha k\u00fc\u00e7\u00fckt\u00fcr.<\/div>\n<div>\u2022Genellikle gebeli\u011fin ikinci yar\u0131s\u0131nda (28. hafta sonras\u0131) ortaya \u00e7\u0131kar.<\/div>\n<div>\u2022Sebepler: Plasental yetmezlik, preeklampsi, anneye ait kronik hastal\u0131klar.<\/div>\n<div><\/div>\n<div><span style=\"font-size: 12pt;\"><strong>Nedenleri<\/strong><\/span><\/div>\n<div><\/div>\n<div><strong>Anneye Ba\u011fl\u0131 Nedenler:<\/strong><\/div>\n<div><\/div>\n<div>\u2022Kronik hastal\u0131klar: Hipertansiyon, diyabet, b\u00f6brek hastal\u0131klar\u0131.<\/div>\n<div>\u2022Beslenme yetersizli\u011fi: Anne aday\u0131n\u0131n k\u00f6t\u00fc beslenmesi veya yetersiz kilo al\u0131m\u0131.<\/div>\n<div>\u2022Zararl\u0131 al\u0131\u015fkanl\u0131klar: Sigara, alkol, uyu\u015fturucu kullan\u0131m\u0131.<\/div>\n<div>\u2022Enfeksiyonlar: Toksoplazma, rubella, sitomegalovir\u00fcs, herpes (TORCH).<\/div>\n<div>\u2022Rahim sorunlar\u0131: Rahim \u015fekil bozukluklar\u0131, miyomlar.<\/div>\n<div><\/div>\n<div><strong>Plasentaya Ba\u011fl\u0131 Nedenler:<\/strong><\/div>\n<div><\/div>\n<div>\u2022Plasental yetmezlik (bebe\u011fe yeterince kan ve besin gitmemesi).<\/div>\n<div>\u2022Plasenta previa veya abrupsiyo (plasentan\u0131n erken ayr\u0131lmas\u0131).<\/div>\n<div><\/div>\n<div><strong>Bebe\u011fe Ba\u011fl\u0131 Nedenler:<\/strong><\/div>\n<div><\/div>\n<div>\u2022Kromozomal anomaliler: Down sendromu, Trizomi 18.<\/div>\n<div>\u2022Genetik hastal\u0131klar: Kistik fibrozis, metabolik bozukluklar.<\/div>\n<div>\u2022\u00c7o\u011ful gebelik: \u0130kiz veya \u00fc\u00e7\u00fcz gebeliklerde bir bebe\u011fin di\u011ferine g\u00f6re daha az b\u00fcy\u00fcmesi.<\/div>\n<div><\/div>\n<div><strong>Tan\u0131s\u0131<\/strong><\/div>\n<div><\/div>\n<div>1.Anne karn\u0131ndaki \u00f6l\u00e7\u00fcmler:<\/div>\n<div>\u2022Ultrason: Bebe\u011fin ba\u015f \u00e7evresi, kar\u0131n \u00e7evresi ve uyluk kemi\u011fi uzunlu\u011fu \u00f6l\u00e7\u00fclerek fetal a\u011f\u0131rl\u0131k hesaplan\u0131r.<\/div>\n<div>\u2022Doppler Ultrason: Bebekteki kan ak\u0131\u015f\u0131 ve plasenta fonksiyonlar\u0131 de\u011ferlendirilir.<\/div>\n<div>2.Amniyotik s\u0131v\u0131 miktar\u0131: Azalm\u0131\u015f amniyotik s\u0131v\u0131 (oligohidramnios) geli\u015fme gerili\u011fine i\u015faret edebilir.<\/div>\n<div>3.Non-invaziv testler: NST (Non-stress test) ile bebe\u011fin kalp at\u0131\u015flar\u0131 ve hareketleri izlenir.<\/div>\n<div><\/div>\n<div><\/div>\n<div><\/div>\n<div><\/div>\n<div><\/div>\n<div>\n<p>Sayfa bilgilendirme ama\u00e7l\u0131d\u0131r. Tan\u0131 ve Tedavi i\u00e7in doktorunuza ba\u015fvurunuz.<\/p>\n<pre>G\u00fcncelleme Tarihi 18.11.2024<\/pre>\n<\/div>\n<p>[\/vc_column_text][\/vc_column][\/vc_row]<\/p>\n","protected":false},"excerpt":{"rendered":"<p>[vc_row][vc_column][vc_column_text] Bebekte geli\u015fme gerili\u011fi (intrauterin b\u00fcy\u00fcme gerili\u011fi &#8211; IUGR), anne karn\u0131ndaki bebe\u011fin gebelik haftas\u0131na g\u00f6re beklenenden daha k\u00fc\u00e7\u00fck veya d\u00fc\u015f\u00fck kiloda olmas\u0131 durumudur. Bu, fet\u00fcs\u00fcn optimal \u015fekilde b\u00fcy\u00fcyemedi\u011fini g\u00f6sterir ve anne, bebek veya plasentayla ilgili sorunlardan kaynaklanabilir. Geli\u015fme Gerili\u011fi T\u00fcrleri 1.Simetrik Geli\u015fme Gerili\u011fi: \u2022Bebek ba\u015ftan aya\u011fa t\u00fcm v\u00fccut oranlar\u0131yla k\u00fc\u00e7\u00fck geli\u015fir. \u2022Genellikle erken gebelikte (ilk&hellip;<\/p>\n","protected":false},"author":2,"featured_media":0,"parent":0,"menu_order":0,"comment_status":"closed","ping_status":"closed","template":"","meta":{"inline_featured_image":false,"_joinchat":[]},"_links":{"self":[{"href":"https:\/\/drzeynepgedikozkose.com\/index.php?rest_route=\/wp\/v2\/pages\/1757"}],"collection":[{"href":"https:\/\/drzeynepgedikozkose.com\/index.php?rest_route=\/wp\/v2\/pages"}],"about":[{"href":"https:\/\/drzeynepgedikozkose.com\/index.php?rest_route=\/wp\/v2\/types\/page"}],"author":[{"embeddable":true,"href":"https:\/\/drzeynepgedikozkose.com\/index.php?rest_route=\/wp\/v2\/users\/2"}],"replies":[{"embeddable":true,"href":"https:\/\/drzeynepgedikozkose.com\/index.php?rest_route=%2Fwp%2Fv2%2Fcomments&post=1757"}],"version-history":[{"count":5,"href":"https:\/\/drzeynepgedikozkose.com\/index.php?rest_route=\/wp\/v2\/pages\/1757\/revisions"}],"predecessor-version":[{"id":1975,"href":"https:\/\/drzeynepgedikozkose.com\/index.php?rest_route=\/wp\/v2\/pages\/1757\/revisions\/1975"}],"wp:attachment":[{"href":"https:\/\/drzeynepgedikozkose.com\/index.php?rest_route=%2Fwp%2Fv2%2Fmedia&parent=1757"}],"curies":[{"name":"wp","href":"https:\/\/api.w.org\/{rel}","templated":true}]}}