{"id":1754,"date":"2024-11-15T13:50:00","date_gmt":"2024-11-15T10:50:00","guid":{"rendered":"http:\/\/drzeynepgedikozkose.com\/?page_id=1754"},"modified":"2024-11-21T14:02:23","modified_gmt":"2024-11-21T11:02:23","slug":"gebelik-ve-hipertansiyon","status":"publish","type":"page","link":"https:\/\/drzeynepgedikozkose.com\/?page_id=1754","title":{"rendered":"Gebelik ve Hipertansiyon"},"content":{"rendered":"<p>[vc_row][vc_column][vc_column_text]<\/p>\n<div>Gebelik ve hipertansiyon (y\u00fcksek tansiyon), anne ve bebek sa\u011fl\u0131\u011f\u0131 a\u00e7\u0131s\u0131ndan dikkatle izlenmesi gereken bir durumdur. Gebelik s\u0131ras\u0131nda hipertansiyon genellikle d\u00f6rt ana kategoride de\u011ferlendirilir:<\/div>\n<div><\/div>\n<div><strong>1.\u2060 \u2060Kronik Hipertansiyon<\/strong><\/div>\n<div><\/div>\n<div>Gebelikten \u00f6nce var olan ya da gebeli\u011fin 20. haftas\u0131ndan \u00f6nce tespit edilen y\u00fcksek tansiyondur. Gebelik s\u00fcresince devam edebilir ve anne ile bebek sa\u011fl\u0131\u011f\u0131 \u00fczerinde etkileri olabilir.<\/div>\n<div><\/div>\n<div><strong>2.\u2060 \u2060Gestasyonel Hipertansiyon<\/strong><\/div>\n<div><\/div>\n<div>Gebeli\u011fin 20. haftas\u0131ndan sonra ortaya \u00e7\u0131kar ve genellikle do\u011fumdan sonra normale d\u00f6ner. Bu durum preeklampsiye d\u00f6n\u00fc\u015fme riski ta\u015f\u0131r.<\/div>\n<div><\/div>\n<div><strong>3.\u2060 \u2060Preeklampsi<\/strong><\/div>\n<div><\/div>\n<div>Gebeli\u011fin 20. haftas\u0131ndan sonra y\u00fcksek tansiyonla birlikte organ hasar\u0131n\u0131n (\u00f6rne\u011fin, b\u00f6brek veya karaci\u011fer) veya idrarda protein (protein\u00fcri) varl\u0131\u011f\u0131n\u0131n e\u015flik etti\u011fi durumdur. Tedavi edilmezse hem anne hem de bebek i\u00e7in ciddi komplikasyonlara yol a\u00e7abilir.<\/div>\n<div><\/div>\n<div><strong>4.\u2060 \u2060Eklampsi<\/strong><\/div>\n<div><\/div>\n<div>Preeklampsinin n\u00f6betlerle komplike olmu\u015f halidir. Hayat\u0131 tehdit edici bir durumdur ve acil t\u0131bbi m\u00fcdahale gerektirir.<\/div>\n<div><\/div>\n<div><strong>Belirtiler<\/strong><\/div>\n<div><\/div>\n<div>\u2022Ba\u015f a\u011fr\u0131s\u0131<\/div>\n<div>\u2022G\u00f6rme bozukluklar\u0131 (bulan\u0131k g\u00f6rme, \u0131\u015f\u0131k \u00e7akmalar\u0131)<\/div>\n<div>\u2022Mide bulant\u0131s\u0131 veya kusma<\/div>\n<div>\u2022Y\u00fczde, ellerde veya ayaklarda \u015fiddetli \u00f6dem<\/div>\n<div>\u2022Kar\u0131n a\u011fr\u0131s\u0131, \u00f6zellikle sa\u011f \u00fcst kadranda<\/div>\n<div>\u2022H\u0131zl\u0131 kilo al\u0131m\u0131<\/div>\n<div><\/div>\n<div><strong>Risk Fakt\u00f6rleri<\/strong><\/div>\n<div><\/div>\n<div>\u2022\u0130lk gebelik<\/div>\n<div>\u2022Ailede hipertansiyon veya preeklampsi \u00f6yk\u00fcs\u00fc<\/div>\n<div>\u2022\u00c7o\u011ful gebelik<\/div>\n<div>\u202235 ya\u015f \u00fcst\u00fc gebelik<\/div>\n<div>\u2022Obezite<\/div>\n<div>\u2022Diyabet veya kronik b\u00f6brek hastal\u0131\u011f\u0131<\/div>\n<div><\/div>\n<div><strong>Tedavi ve Y\u00f6netim<\/strong><\/div>\n<div><\/div>\n<div>Tedavi, hipertansiyonun \u015fiddetine ve gebeli\u011fin haftas\u0131na ba\u011fl\u0131 olarak de\u011fi\u015fir:<\/div>\n<div>\u2022Hafif hipertansiyon genellikle yak\u0131n takip ile y\u00f6netilir.<\/div>\n<div>\u2022\u015eiddetli hipertansiyonda tansiyonu kontrol etmek i\u00e7in g\u00fcvenli ila\u00e7lar kullan\u0131labilir.<\/div>\n<div>\u2022Preeklampsi veya eklampsi durumunda erken do\u011fum gerekebilir.<\/div>\n<div><\/div>\n<div><\/div>\n<div><\/div>\n<div>Gebelik s\u0131ras\u0131nda tansiyon sorunlar\u0131, d\u00fczenli prenatal kontroller ve doktor takibi ile y\u00f6netilmelidir. Erken te\u015fhis ve uygun tedavi, hem anne hem de bebe\u011fin sa\u011fl\u0131kl\u0131 bir \u015fekilde gebelik s\u00fcrecini tamamlamas\u0131na yard\u0131mc\u0131 olur.<\/div>\n<div><\/div>\n<div><\/div>\n<div><\/div>\n<div>\n<div>\n<p>Sayfa bilgilendirme ama\u00e7l\u0131d\u0131r. Tan\u0131 ve Tedavi i\u00e7in doktorunuza ba\u015fvurunuz.<\/p>\n<pre>G\u00fcncelleme Tarihi 18.11.2024<\/pre>\n<\/div>\n<div><\/div>\n<\/div>\n<p>[\/vc_column_text][\/vc_column][\/vc_row]<\/p>\n","protected":false},"excerpt":{"rendered":"<p>[vc_row][vc_column][vc_column_text] Gebelik ve hipertansiyon (y\u00fcksek tansiyon), anne ve bebek sa\u011fl\u0131\u011f\u0131 a\u00e7\u0131s\u0131ndan dikkatle izlenmesi gereken bir durumdur. Gebelik s\u0131ras\u0131nda hipertansiyon genellikle d\u00f6rt ana kategoride de\u011ferlendirilir: 1.\u2060 \u2060Kronik Hipertansiyon Gebelikten \u00f6nce var olan ya da gebeli\u011fin 20. haftas\u0131ndan \u00f6nce tespit edilen y\u00fcksek tansiyondur. Gebelik s\u00fcresince devam edebilir ve anne ile bebek sa\u011fl\u0131\u011f\u0131 \u00fczerinde etkileri olabilir. 2.\u2060 \u2060Gestasyonel&hellip;<\/p>\n","protected":false},"author":2,"featured_media":0,"parent":0,"menu_order":0,"comment_status":"closed","ping_status":"closed","template":"","meta":{"inline_featured_image":false,"_joinchat":[]},"_links":{"self":[{"href":"https:\/\/drzeynepgedikozkose.com\/index.php?rest_route=\/wp\/v2\/pages\/1754"}],"collection":[{"href":"https:\/\/drzeynepgedikozkose.com\/index.php?rest_route=\/wp\/v2\/pages"}],"about":[{"href":"https:\/\/drzeynepgedikozkose.com\/index.php?rest_route=\/wp\/v2\/types\/page"}],"author":[{"embeddable":true,"href":"https:\/\/drzeynepgedikozkose.com\/index.php?rest_route=\/wp\/v2\/users\/2"}],"replies":[{"embeddable":true,"href":"https:\/\/drzeynepgedikozkose.com\/index.php?rest_route=%2Fwp%2Fv2%2Fcomments&post=1754"}],"version-history":[{"count":4,"href":"https:\/\/drzeynepgedikozkose.com\/index.php?rest_route=\/wp\/v2\/pages\/1754\/revisions"}],"predecessor-version":[{"id":1981,"href":"https:\/\/drzeynepgedikozkose.com\/index.php?rest_route=\/wp\/v2\/pages\/1754\/revisions\/1981"}],"wp:attachment":[{"href":"https:\/\/drzeynepgedikozkose.com\/index.php?rest_route=%2Fwp%2Fv2%2Fmedia&parent=1754"}],"curies":[{"name":"wp","href":"https:\/\/api.w.org\/{rel}","templated":true}]}}