{"id":1747,"date":"2024-11-15T13:47:09","date_gmt":"2024-11-15T10:47:09","guid":{"rendered":"http:\/\/drzeynepgedikozkose.com\/?page_id=1747"},"modified":"2024-11-21T14:21:37","modified_gmt":"2024-11-21T11:21:37","slug":"rahim-agzi-yetmezligi","status":"publish","type":"page","link":"https:\/\/drzeynepgedikozkose.com\/?page_id=1747","title":{"rendered":"Rahim A\u011fz\u0131 Yetmezli\u011fi"},"content":{"rendered":"<p>[vc_row][vc_column][vc_column_text]Rahimin alt k\u0131sm\u0131ndaki dar b\u00f6l\u00fcm ise serviks veya rahim a\u011fz\u0131 olarak adland\u0131r\u0131l\u0131r. D\u00f6llenmi\u015f yumurtan\u0131n implante olmas\u0131 ve gebeli\u011fin ger\u00e7ekle\u015fmesi i\u00e7in birinci derecede \u00f6nemlidir. Rahim a\u011fz\u0131 yetmezli\u011fi, rahim a\u011fz\u0131n\u0131n normalden daha erken ve belirgin bir \u015fekilde a\u00e7\u0131lmas\u0131d\u0131r. Rahim a\u011fz\u0131 hamilelik s\u0131ras\u0131nda do\u011fum sanc\u0131lar\u0131 s\u0131ras\u0131nda a\u00e7\u0131l\u0131r, ancak rahim a\u011fz\u0131 yetmezli\u011fi durumunda bu a\u00e7\u0131lma normalden daha erken ve istenmeyen bir \u015fekilde ger\u00e7ekle\u015fir.<\/p>\n<p>\u00c7o\u011funlukla hamileli\u011fin ikinci trimesterinde, yakla\u015f\u0131k 16 ila 24. haftalar aras\u0131nda ortaya \u00e7\u0131kar ve rahim a\u011fz\u0131n\u0131n normalde s\u0131k\u0131 olmas\u0131 gereken kollajen ve elastin liflerinin zay\u0131flamas\u0131 sonucu meydana gelmektedir.\u00a0 Zay\u0131flama, rahim a\u011fz\u0131n\u0131n beklenenden daha erken a\u00e7\u0131lmas\u0131na neden olur ve bu da \u00f6nceden do\u011fum riskini art\u0131r\u0131r.<\/p>\n<p>Rahim a\u011fz\u0131 yetmezli\u011fi, bazen bir \u00f6nceki gebelikte ge\u00e7irilmi\u015f olan rahim a\u011fz\u0131 cerrahisi veya travma gibi fakt\u00f6rlere ba\u011fl\u0131d\u0131r. Di\u011fer risk fakt\u00f6rleri aras\u0131nda rahim a\u011fz\u0131 enfeksiyonlar\u0131, servikal konizasyon gibi cerrahi prosed\u00fcrler, genetik yatk\u0131nl\u0131k ve rahim anomalileri bulunmaktad\u0131r. Tan\u0131 konuldu\u011funda, cerrahi veya di\u011fer tedavi y\u00f6ntemleriyle rahim a\u011fz\u0131n\u0131 desteklemek ve gebeli\u011fi s\u00fcrd\u00fcrmek i\u00e7in m\u00fcdahale edilebilir. Bu durumun fark\u0131ndal\u0131\u011f\u0131, risk alt\u0131ndaki hamile kad\u0131nlar\u0131n d\u00fczenli olarak izlenmesi ve gerekirse tedavi edilmesi a\u00e7\u0131s\u0131ndan \u00e7ok \u00f6nemlidir.<\/p>\n<h2><span id=\"Rahim_Agzi_Yetmezligi_Belirtileri_Nelerdir\" class=\"ez-toc-section\"><\/span><span style=\"font-size: 12pt;\">Rahim A\u011fz\u0131 Yetmezli\u011fi Belirtileri Nelerdir?<\/span><\/h2>\n<p>Bu durumda, rahim a\u011fz\u0131 normalden daha erken a\u00e7\u0131l\u0131r ve k\u0131sal\u0131r. belirtiler aras\u0131nda vajinal ak\u0131nt\u0131, kar\u0131n a\u011fr\u0131s\u0131 veya kas\u0131lmalar, pelvik bask\u0131 hissi ve bazen idrar ka\u00e7\u0131rma yer al\u0131r. e\u011fer bu belirtilerden \u00e7o\u011funu ya\u015f\u0131yorsan\u0131z mutlaka k\u0131sa s\u00fcrede doktorunuza ba\u015fvurmal\u0131s\u0131n\u0131z.<\/p>\n<h2><span id=\"Rahim_Agzi_Yetmezligi_Tanisi_Nasil_Koyulur\" class=\"ez-toc-section\"><\/span><span style=\"font-size: 12pt;\">Rahim A\u011fz\u0131 Yetmezli\u011fi Tan\u0131s\u0131 Nas\u0131l Koyulur?<\/span><\/h2>\n<p>Ultrasonografi ile rahim a\u011fz\u0131n\u0131n uzunlu\u011funun \u00f6l\u00e7\u00fclmesi ve vajinal muayene gibi fiziksel de\u011ferlendirmeler tan\u0131 koymaya yard\u0131mc\u0131d\u0131r, servikal \u00f6l\u00e7\u00fcm gibi belirli testler de kullan\u0131labilir. Ultrasonografi, ses dalgalar\u0131n\u0131n kullan\u0131larak v\u00fccut i\u00e7indeki yap\u0131lar\u0131n g\u00f6r\u00fcnt\u00fclenmesini sa\u011flayan bir t\u0131bbi g\u00f6r\u00fcnt\u00fcleme y\u00f6ntemidir. Bu y\u00f6ntemde, y\u00fcksek frekansta ses dalgalar\u0131 v\u00fccut dokular\u0131na g\u00f6nderilir.\u00a0 Ses dalgalar\u0131, v\u00fccut dokular\u0131ndan yans\u0131r ve bir al\u0131c\u0131 taraf\u0131ndan alg\u0131lanarak bilgisayar taraf\u0131ndan i\u015flenir.<\/p>\n<p>Ultrasonografi, non-invaziv bir y\u00f6ntemdir, yani v\u00fccuda herhangi bir cerrahi m\u00fcdahale gerektirmez. Radyasyon kullan\u0131lmad\u0131\u011f\u0131 i\u00e7in di\u011fer g\u00f6r\u00fcnt\u00fcleme tekniklerine k\u0131yasla daha g\u00fcvenlidir. Servikal \u00f6l\u00e7\u00fcm de\u00a0 vajinal ultrasonografi ile yap\u0131l\u0131r. \u0130\u015flem s\u0131ras\u0131nda hastan\u0131n s\u0131rt\u00fcst\u00fc yatar pozisyonda olmas\u0131 istenir, ince bir ultrason probu, steril bir jel ile kaplanarak vajinaya yerle\u015ftirilir. Prob, rahim a\u011fz\u0131n\u0131 ve rahim boynunu net bir \u015fekilde g\u00f6r\u00fcnt\u00fclemek i\u00e7in kullan\u0131l\u0131r.<\/p>\n<p>Rahim a\u011fz\u0131n\u0131n \u00f6l\u00e7\u00fcm\u00fc, rahim a\u011fz\u0131n\u0131n d\u0131\u015f a\u00e7\u0131kl\u0131\u011f\u0131ndan i\u00e7 a\u00e7\u0131kl\u0131\u011f\u0131na kadar olan mesafeyi i\u00e7erir. Normalde, hamileli\u011fin ilerlemesiyle birlikte rahim a\u011fz\u0131 uzar ve incelir fakat rahim a\u011fz\u0131 yetmezli\u011fi durumunda, bu uzama ve incelme normalden daha erkendir. Servikal \u00f6l\u00e7\u00fcm, hamileli\u011fin 16 ila 24. haftalar\u0131 aras\u0131nda yap\u0131labilecek bir testtir.<\/p>\n<p>&nbsp;<\/p>\n<p>&nbsp;<\/p>\n<p>&nbsp;<\/p>\n<div>\n<p>Sayfa bilgilendirme ama\u00e7l\u0131d\u0131r. Tan\u0131 ve Tedavi i\u00e7in doktorunuza ba\u015fvurunuz.<\/p>\n<pre>G\u00fcncelleme Tarihi 18.11.2024<\/pre>\n<\/div>\n<div><\/div>\n<p>[\/vc_column_text][\/vc_column][\/vc_row]<\/p>\n","protected":false},"excerpt":{"rendered":"<p>[vc_row][vc_column][vc_column_text]Rahimin alt k\u0131sm\u0131ndaki dar b\u00f6l\u00fcm ise serviks veya rahim a\u011fz\u0131 olarak adland\u0131r\u0131l\u0131r. D\u00f6llenmi\u015f yumurtan\u0131n implante olmas\u0131 ve gebeli\u011fin ger\u00e7ekle\u015fmesi i\u00e7in birinci derecede \u00f6nemlidir. Rahim a\u011fz\u0131 yetmezli\u011fi, rahim a\u011fz\u0131n\u0131n normalden daha erken ve belirgin bir \u015fekilde a\u00e7\u0131lmas\u0131d\u0131r. Rahim a\u011fz\u0131 hamilelik s\u0131ras\u0131nda do\u011fum sanc\u0131lar\u0131 s\u0131ras\u0131nda a\u00e7\u0131l\u0131r, ancak rahim a\u011fz\u0131 yetmezli\u011fi durumunda bu a\u00e7\u0131lma normalden daha erken ve&hellip;<\/p>\n","protected":false},"author":2,"featured_media":0,"parent":0,"menu_order":0,"comment_status":"closed","ping_status":"closed","template":"","meta":{"inline_featured_image":false,"_joinchat":[]},"_links":{"self":[{"href":"https:\/\/drzeynepgedikozkose.com\/index.php?rest_route=\/wp\/v2\/pages\/1747"}],"collection":[{"href":"https:\/\/drzeynepgedikozkose.com\/index.php?rest_route=\/wp\/v2\/pages"}],"about":[{"href":"https:\/\/drzeynepgedikozkose.com\/index.php?rest_route=\/wp\/v2\/types\/page"}],"author":[{"embeddable":true,"href":"https:\/\/drzeynepgedikozkose.com\/index.php?rest_route=\/wp\/v2\/users\/2"}],"replies":[{"embeddable":true,"href":"https:\/\/drzeynepgedikozkose.com\/index.php?rest_route=%2Fwp%2Fv2%2Fcomments&post=1747"}],"version-history":[{"count":3,"href":"https:\/\/drzeynepgedikozkose.com\/index.php?rest_route=\/wp\/v2\/pages\/1747\/revisions"}],"predecessor-version":[{"id":1999,"href":"https:\/\/drzeynepgedikozkose.com\/index.php?rest_route=\/wp\/v2\/pages\/1747\/revisions\/1999"}],"wp:attachment":[{"href":"https:\/\/drzeynepgedikozkose.com\/index.php?rest_route=%2Fwp%2Fv2%2Fmedia&parent=1747"}],"curies":[{"name":"wp","href":"https:\/\/api.w.org\/{rel}","templated":true}]}}