{"id":1741,"date":"2024-11-15T13:42:46","date_gmt":"2024-11-15T10:42:46","guid":{"rendered":"http:\/\/drzeynepgedikozkose.com\/?page_id=1741"},"modified":"2024-11-21T13:52:38","modified_gmt":"2024-11-21T10:52:38","slug":"amniyosentez","status":"publish","type":"page","link":"https:\/\/drzeynepgedikozkose.com\/?page_id=1741","title":{"rendered":"Amniyosentez"},"content":{"rendered":"<p>[vc_row][vc_column][vc_column_text]Amniosentez, 16-18.haftalar aras\u0131nda \u00f6zel amniosentez i\u011fneleriyle anne aday\u0131n\u0131n karn\u0131ndan girilerek, uterusa buradan da bebe\u011fin i\u00e7inde y\u00fczd\u00fc\u011f\u00fc amnios s\u0131v\u0131s\u0131na ula\u015f\u0131lmas\u0131 ve bu s\u0131v\u0131dan yakla\u015f\u0131k 20 ml kadar s\u0131v\u0131 al\u0131nmas\u0131 i\u015flemidir. Bu s\u0131v\u0131 k\u00fclt\u00fcr ortam\u0131nda b\u0131rak\u0131larak i\u00e7indeki bebe\u011fe ait h\u00fccrelerin \u00fcremesi ve incelenmesi i\u00e7in yeterli say\u0131ya ula\u015fmas\u0131 beklenir. Daha sonra h\u00fccrelerin kromozomlar\u0131 incelenerek, kromozomlar\u0131n muhtemel say\u0131sal ve yap\u0131sal anomalileri saptan\u0131r. Kromozom anomalisi saptanmas\u0131 durumunda da aileye durum ayr\u0131nt\u0131l\u0131 olarak a\u00e7\u0131klan\u0131r. Bebe\u011fi ald\u0131rma ya da ald\u0131rmama karar\u0131 aileye aittirAmniyosentez, hamilelikte yap\u0131lan bir testtir. Bebekteki genetik yap\u0131y\u0131 \u00f6\u011frenmek ve genetik bozukluklar\u0131n varl\u0131\u011f\u0131n\u0131 belirlemek i\u00e7in yap\u0131l\u0131r. \u00c7o\u011funlukla tarama testlerinde \u015f\u00fcphelenilen bir durum oldu\u011funda anne adaylar\u0131na amniyosentez testi \u00f6nerilir. Bu test ile bebe\u011fin sa\u011fl\u0131k durumu hakk\u0131nda bir\u00e7ok i\u015fe yarar bilgi elde edilir.<\/p>\n<h2 id=\"amniyosentez-nasil-yapilir\"><span style=\"font-size: 12pt;\">Amniyosentez Nas\u0131l Yap\u0131l\u0131r?<\/span><\/h2>\n<p>Amniyosentez testi i\u00e7in \u00f6zel bir i\u011fne yoluyla annenin karn\u0131na girilir. Ayn\u0131 zamanda ultrason e\u015fli\u011finde de g\u00f6r\u00fcnt\u00fcleme yap\u0131lan bu i\u015flem s\u0131ras\u0131nda, bebe\u011fin i\u00e7erisinde bulundu\u011fu amniyon s\u0131v\u0131s\u0131ndan bir miktar al\u0131n\u0131r. Bu \u00f6rnek al\u0131nan s\u0131v\u0131, incelenmek i\u00e7in laboratuvara g\u00f6nderilir. Bu s\u0131v\u0131 i\u00e7erisindeki bebe\u011fe ait h\u00fccrelerin \u00fcremesi i\u00e7in bir s\u00fcre beklemek gerekir. H\u00fccrelerin kromozomlar\u0131 incelenir, say\u0131s\u0131 ve anomalileri saptan\u0131r.<\/p>\n<h2 id=\"ne-zaman-amniosentez-uygulanir\"><span style=\"font-size: 12pt;\">Ne Zaman Amniosentez Uygulan\u0131r?<\/span><\/h2>\n<ul>\n<li>35 ya\u015f ve \u00fcst\u00fc gebelerde,<\/li>\n<li>\u0130kili ya da \u00fc\u00e7l\u00fc testte risk saptanmas\u0131 durumunda,<\/li>\n<li>Daha \u00f6nce kromozomal bozuklu\u011fu olan bebek do\u011furanlarda,<\/li>\n<li>Tekrarlayan d\u00fc\u015f\u00fcklerde,<\/li>\n<li>Anne ve babada kal\u0131tsal hastal\u0131k varl\u0131\u011f\u0131 veya \u015f\u00fcphesi gibi durumlarda,<\/li>\n<li>Ebeveynlerin genetik ge\u00e7i\u015fli hastal\u0131k ta\u015f\u0131y\u0131c\u0131s\u0131 olmalar\u0131,<\/li>\n<li>Rutin veya ayr\u0131nt\u0131l\u0131 ultrasonda bebekte bozukluk saptanmas\u0131 durumunda,<\/li>\n<\/ul>\n<h3 id=\"amniyosentez-hangi-durumlarda-yapilir\">Amniyosentez Hangi Durumlarda Yap\u0131l\u0131r?<\/h3>\n<p>Amniyosentez yap\u0131lan durumlar a\u015fa\u011f\u0131daki gibi s\u0131ralanabilir. Bu s\u0131ralanan durumlarda da her zaman bu testin yap\u0131lmas\u0131 gerekmeyebilir. Hamilelik s\u00fcrecindeki bu karar\u0131 doktorla birlikte vermek \u00f6nemlidir.<\/p>\n<p>&nbsp;<\/p>\n<p>&nbsp;<\/p>\n<p>&nbsp;<\/p>\n<p>&nbsp;<\/p>\n<p>Sayfa bilgilendirme ama\u00e7l\u0131d\u0131r. Tan\u0131 ve Tedavi i\u00e7in doktorunuza ba\u015fvurunuz.<\/p>\n<pre>G\u00fcncelleme Tarihi 18.11.2024<\/pre>\n<p>[\/vc_column_text][\/vc_column][\/vc_row]<\/p>\n","protected":false},"excerpt":{"rendered":"<p>[vc_row][vc_column][vc_column_text]Amniosentez, 16-18.haftalar aras\u0131nda \u00f6zel amniosentez i\u011fneleriyle anne aday\u0131n\u0131n karn\u0131ndan girilerek, uterusa buradan da bebe\u011fin i\u00e7inde y\u00fczd\u00fc\u011f\u00fc amnios s\u0131v\u0131s\u0131na ula\u015f\u0131lmas\u0131 ve bu s\u0131v\u0131dan yakla\u015f\u0131k 20 ml kadar s\u0131v\u0131 al\u0131nmas\u0131 i\u015flemidir. Bu s\u0131v\u0131 k\u00fclt\u00fcr ortam\u0131nda b\u0131rak\u0131larak i\u00e7indeki bebe\u011fe ait h\u00fccrelerin \u00fcremesi ve incelenmesi i\u00e7in yeterli say\u0131ya ula\u015fmas\u0131 beklenir. Daha sonra h\u00fccrelerin kromozomlar\u0131 incelenerek, kromozomlar\u0131n muhtemel say\u0131sal ve&hellip;<\/p>\n","protected":false},"author":2,"featured_media":0,"parent":0,"menu_order":0,"comment_status":"closed","ping_status":"closed","template":"","meta":{"inline_featured_image":false,"_joinchat":[]},"_links":{"self":[{"href":"https:\/\/drzeynepgedikozkose.com\/index.php?rest_route=\/wp\/v2\/pages\/1741"}],"collection":[{"href":"https:\/\/drzeynepgedikozkose.com\/index.php?rest_route=\/wp\/v2\/pages"}],"about":[{"href":"https:\/\/drzeynepgedikozkose.com\/index.php?rest_route=\/wp\/v2\/types\/page"}],"author":[{"embeddable":true,"href":"https:\/\/drzeynepgedikozkose.com\/index.php?rest_route=\/wp\/v2\/users\/2"}],"replies":[{"embeddable":true,"href":"https:\/\/drzeynepgedikozkose.com\/index.php?rest_route=%2Fwp%2Fv2%2Fcomments&post=1741"}],"version-history":[{"count":3,"href":"https:\/\/drzeynepgedikozkose.com\/index.php?rest_route=\/wp\/v2\/pages\/1741\/revisions"}],"predecessor-version":[{"id":1973,"href":"https:\/\/drzeynepgedikozkose.com\/index.php?rest_route=\/wp\/v2\/pages\/1741\/revisions\/1973"}],"wp:attachment":[{"href":"https:\/\/drzeynepgedikozkose.com\/index.php?rest_route=%2Fwp%2Fv2%2Fmedia&parent=1741"}],"curies":[{"name":"wp","href":"https:\/\/api.w.org\/{rel}","templated":true}]}}