{"id":1736,"date":"2024-11-15T13:34:33","date_gmt":"2024-11-15T10:34:33","guid":{"rendered":"http:\/\/drzeynepgedikozkose.com\/?page_id=1736"},"modified":"2024-11-21T14:04:23","modified_gmt":"2024-11-21T11:04:23","slug":"genetik-tarama-testleri","status":"publish","type":"page","link":"https:\/\/drzeynepgedikozkose.com\/?page_id=1736","title":{"rendered":"Genetik Tarama Testleri"},"content":{"rendered":"<p>[vc_row][vc_column][vc_column_text]<\/p>\n<h2><span style=\"font-size: 12pt;\"><strong id=\"genetik-test-nedir\">Genetik test nedir?<\/strong><\/span><\/h2>\n<p>Genetik hastal\u0131klar\u0131 ya da \u00e7e\u015fitli hastal\u0131klara yatk\u0131nl\u0131klar\u0131 ortaya \u00e7\u0131karmak \u00fczere yap\u0131lan testlere Genetik Testler denir. Bu testler kan, t\u00fck\u00fcr\u00fck, kemik ili\u011fi, amniyon s\u0131v\u0131s\u0131, idrar ve benzeri v\u00fccut s\u0131v\u0131lar\u0131ndan yap\u0131labilece\u011fi gibi, kanserli dokulardan da yap\u0131labilir. Al\u0131nan v\u00fccut \u00f6rne\u011finden \u00a0izole edilir ve o hastal\u0131\u011fa y\u00f6nelik olarak ilgili gen ya da genlerde bir mutasyon yani de\u011fi\u015fiklik olup olmad\u0131\u011f\u0131 taran\u0131r.<\/p>\n<h2><span style=\"font-size: 12pt;\"><strong id=\"genetik-testler-nelerdir\">Genetik testler nelerdir?<\/strong><\/span><\/h2>\n<ul>\n<li>Kromozom analizi,<\/li>\n<li>FISH (Floresan in Situ Hibridizasyon)<\/li>\n<li>Array CGH(Molek\u00fcler Karyotipleme)<\/li>\n<li>PCR (Polimeraz Zincir Reaksiyonu)<\/li>\n<li>Ara\u015ft\u0131r\u0131lan hastal\u0131\u011f\u0131n \u00e7e\u015fidine g\u00f6re bu gen testi y\u00f6ntemlerinden bir ya da birka\u00e7\u0131 uygulanabilir. \u00d6zellikle tan\u0131s\u0131 konulamayan sendromik durumlarda bu genetik y\u00f6ntemlerden birka\u00e7\u0131 birden tan\u0131y\u0131 kesinle\u015ftirmek i\u00e7in kullan\u0131labilir.<\/li>\n<\/ul>\n<h2><span style=\"font-size: 12pt;\"><strong id=\"genetik-testler-kimler-icin-gereklidir\">Genetik testler kimler i\u00e7in gereklidir?<\/strong><\/span><\/h2>\n<ul>\n<li>Zeka gerili\u011fi, geli\u015fme gerili\u011fi, y\u00fcz\u00fcnde ya da bedeninde anormallikler olan sendromik \u00e7ocuklar<\/li>\n<li>Tekrarlayan gebelik kayb\u0131, \u00f6l\u00fc ya da anomalili bebek \u00f6yk\u00fcs\u00fc olan \u00e7iftler<\/li>\n<li>\u0130nfertilite durumunda bebek sahibi olamayan \u00e7iftler<\/li>\n<li>Ailesinden 2 ve daha fazla ki\u015fide kanser hikayesi olan kad\u0131n ya da erkekler<\/li>\n<li>Ailesinde \u201cKal\u0131tsal kanser hastal\u0131\u011f\u0131\u201d ve gen mutasyonu tespit edilmi\u015f bireyler<\/li>\n<li>Epilepsi,otizm kas hastal\u0131klar\u0131, n\u00f6rolojik hastal\u0131klar ta\u015f\u0131yan ki\u015filer<\/li>\n<li>Evlenme \u00f6ncesi genetik ge\u00e7i\u015fli hastal\u0131klar\u0131n taramas\u0131n\u0131 yapt\u0131rmak isteyenler<\/li>\n<li>Konvasiyonel yani rutin tedavi y\u00f6ntemleri ve kemoterapi ila\u00e7lar\u0131 ile yeterince iyi sonu\u00e7 al\u0131namayan tedavi edilemeyen kanser hastalar\u0131,<\/li>\n<li>\u00c7e\u015fitli kanserlerde, kanser dokusuna spesifik ila\u00e7lar\u0131n belirlenmesi, kanserin prognozunu ve kullan\u0131lacak uygun ila\u00e7lar\u0131n belirlenmesi i\u00e7in<\/li>\n<li>35 ya\u015f\u0131ndan sonra gebe kalan kad\u0131nlar\u0131n ve 65 ya\u015f sonras\u0131nda e\u015fi gebe kalan erkeklerin anne karn\u0131ndaki bebeklerine amniyosentez\u00a0uygulamas\u0131 i\u00e7in gerekli testler yap\u0131lmaktad\u0131r.<\/li>\n<\/ul>\n<p>&nbsp;<\/p>\n<p>&nbsp;<\/p>\n<p>&nbsp;<\/p>\n<div>\n<p>Sayfa bilgilendirme ama\u00e7l\u0131d\u0131r. Tan\u0131 ve Tedavi i\u00e7in doktorunuza ba\u015fvurunuz.<\/p>\n<pre>G\u00fcncelleme Tarihi 18.11.2024<\/pre>\n<\/div>\n<div><\/div>\n<p>[\/vc_column_text][\/vc_column][\/vc_row]<\/p>\n","protected":false},"excerpt":{"rendered":"<p>[vc_row][vc_column][vc_column_text] Genetik test nedir? Genetik hastal\u0131klar\u0131 ya da \u00e7e\u015fitli hastal\u0131klara yatk\u0131nl\u0131klar\u0131 ortaya \u00e7\u0131karmak \u00fczere yap\u0131lan testlere Genetik Testler denir. Bu testler kan, t\u00fck\u00fcr\u00fck, kemik ili\u011fi, amniyon s\u0131v\u0131s\u0131, idrar ve benzeri v\u00fccut s\u0131v\u0131lar\u0131ndan yap\u0131labilece\u011fi gibi, kanserli dokulardan da yap\u0131labilir. Al\u0131nan v\u00fccut \u00f6rne\u011finden \u00a0izole edilir ve o hastal\u0131\u011fa y\u00f6nelik olarak ilgili gen ya da genlerde bir mutasyon&hellip;<\/p>\n","protected":false},"author":2,"featured_media":0,"parent":0,"menu_order":0,"comment_status":"closed","ping_status":"closed","template":"","meta":{"inline_featured_image":false,"_joinchat":[]},"_links":{"self":[{"href":"https:\/\/drzeynepgedikozkose.com\/index.php?rest_route=\/wp\/v2\/pages\/1736"}],"collection":[{"href":"https:\/\/drzeynepgedikozkose.com\/index.php?rest_route=\/wp\/v2\/pages"}],"about":[{"href":"https:\/\/drzeynepgedikozkose.com\/index.php?rest_route=\/wp\/v2\/types\/page"}],"author":[{"embeddable":true,"href":"https:\/\/drzeynepgedikozkose.com\/index.php?rest_route=\/wp\/v2\/users\/2"}],"replies":[{"embeddable":true,"href":"https:\/\/drzeynepgedikozkose.com\/index.php?rest_route=%2Fwp%2Fv2%2Fcomments&post=1736"}],"version-history":[{"count":4,"href":"https:\/\/drzeynepgedikozkose.com\/index.php?rest_route=\/wp\/v2\/pages\/1736\/revisions"}],"predecessor-version":[{"id":1984,"href":"https:\/\/drzeynepgedikozkose.com\/index.php?rest_route=\/wp\/v2\/pages\/1736\/revisions\/1984"}],"wp:attachment":[{"href":"https:\/\/drzeynepgedikozkose.com\/index.php?rest_route=%2Fwp%2Fv2%2Fmedia&parent=1736"}],"curies":[{"name":"wp","href":"https:\/\/api.w.org\/{rel}","templated":true}]}}