{"id":1730,"date":"2024-11-15T13:28:42","date_gmt":"2024-11-15T10:28:42","guid":{"rendered":"http:\/\/drzeynepgedikozkose.com\/?page_id=1730"},"modified":"2024-11-21T13:55:17","modified_gmt":"2024-11-21T10:55:17","slug":"doppler-ultrason","status":"publish","type":"page","link":"https:\/\/drzeynepgedikozkose.com\/?page_id=1730","title":{"rendered":"Doppler Ultrason"},"content":{"rendered":"<p>[vc_row][vc_column][vc_column_text]<span style=\"font-size: 12pt;\"><strong>Doppler Ultrason Nedir?<\/strong><\/span><\/p>\n<p>G\u00f6r\u00fcnt\u00fcleme testleri, v\u00fccudun d\u0131\u015far\u0131dan g\u00f6r\u00fcnmeyen k\u0131s\u0131mlar\u0131n veya tamam\u0131n\u0131n bir g\u00f6r\u00fcnt\u00fcs\u00fcn\u00fc olu\u015fturan testlerdir. Hekimler bir hastal\u0131\u011f\u0131 te\u015fhis ederken bir\u00e7ok y\u00f6ntemden faydalan\u0131rlar. Bunlardan baz\u0131lar\u0131 fiziksel muayene, lab bulgular\u0131 veya hasta \u00f6yk\u00fcs\u00fc olabilir. Ancak bazen bu y\u00f6ntemler yeterli gelmez ve hekimin v\u00fccudun i\u00e7erisinde ne oldu\u011funa dair bi fikir sahibi olmas\u0131 gerekir. G\u00f6r\u00fcnt\u00fcleme testleri bu ama\u00e7 do\u011frultusunda geli\u015ftirilmi\u015ftir. Te\u015fhise olan katk\u0131s\u0131n\u0131n yan\u0131 s\u0131ra tedavi s\u00fcrecinde izlem i\u00e7in de olduk\u00e7a \u00f6nemlidir. \u00c7ok \u00e7e\u015fitli g\u00f6r\u00fcnt\u00fcleme testleri bulunmakla birlikte \u00e7o\u011fu a\u011fr\u0131s\u0131z ve g\u00fcvenilir y\u00f6ntemlerdir.Doppler ultrason da bir \u00e7e\u015fit g\u00f6r\u00fcnt\u00fcleme testidir. Kan\u0131n damar i\u00e7indeki hareketini ses dalgas\u0131 kullanarak g\u00f6r\u00fcnt\u00fcleyen bir testtir. Asl\u0131nda ultrason denildi\u011finde akla gelen geleneksel ultrason v\u00fccut i\u00e7erisindeki yap\u0131lar\u0131n g\u00f6r\u00fcnt\u00fclerini olu\u015fturur. Ancak kan\u0131n hareketinin g\u00f6r\u00fcnt\u00fclenme ihtiyac\u0131 doppler ultrasonun geli\u015ftirilmesini sa\u011flam\u0131\u015ft\u0131r. Bu ultrason, k\u0131rm\u0131z\u0131 kan h\u00fccresi gibi v\u00fccut i\u00e7erisinde hareketli olan maddelerin yans\u0131yan ses dalgalar\u0131n\u0131 \u00f6l\u00e7erek g\u00f6r\u00fcnt\u00fcye d\u00f6n\u00fc\u015ft\u00fcr\u00fcr. Bu nedenle genellikle damarlarda geli\u015febilen p\u0131ht\u0131 veya t\u0131kan\u0131kl\u0131k gibi kan ak\u0131\u015f\u0131yla ilgili bir sorunu i\u00e7eren hastal\u0131klar\u0131n takip veya te\u015fhisinde kullan\u0131labilir.<\/p>\n<p>Doppler ultrasonun birden fazla \u00e7e\u015fidi vard\u0131r. Doppler ultrason \u00e7e\u015fitleri \u015funlard\u0131r:<br \/>\n<strong>Renkli Doppler Ultrason<span style=\"font-size: 12pt;\">:<\/span><\/strong> Normal Doppler\u2019den farkl\u0131 olarak ses dalgalar\u0131n\u0131n g\u00f6r\u00fcnt\u00fcye d\u00f6n\u00fc\u015fmesine ek olarak bilgisayar yard\u0131m\u0131 ile farkl\u0131 renklere elde edilir. Bu renkler sayesinde kan ak\u0131\u015f\u0131n\u0131n h\u0131z ve y\u00f6n\u00fc hakk\u0131nda bilgi sahibi olunabilir.<br \/>\n<strong>Power Doppler Ultrason:<\/strong> Yeni geli\u015ftirilen bir \u00e7e\u015fididir. Renkli Doppler gibi renkli bir g\u00f6r\u00fcnt\u00fc sa\u011flar. Farkl\u0131 olarak kan ak\u0131\u015f\u0131 ile ilgili daha detayl\u0131 bilgi sa\u011flayabilir.<br \/>\nSpektral Doppler Ultrason: Kan ak\u0131\u015f\u0131 ile ilgili bilgileri renkli resimler \u015feklinde de\u011fil bir grafik \u00fczerinde g\u00f6steren \u00e7e\u015fididir. Bu ultrason ile damar\u0131n ne derece t\u0131kal\u0131 oldu\u011fu ile ilgili bilgi sahibi olunabilir.<br \/>\n<strong>Dubleks Doppler Ultrason:<\/strong> Bu \u00e7e\u015fidinde ilk olarak normal ultrason ile kan damar\u0131 veya organlar\u0131n g\u00f6r\u00fcnt\u00fcleri elde edilir. Ard\u0131ndan ise elde edilen g\u00f6r\u00fcnt\u00fcler bilgisayar yard\u0131m\u0131 ile grafi\u011fe d\u00f6n\u00fc\u015ft\u00fcr\u00fcl\u00fcr.<br \/>\nS\u00fcrekli Dalga Doppler Ultrason: S\u00fcrekli g\u00f6nderilen ses dalgalar\u0131n\u0131n g\u00f6nderilip al\u0131nmas\u0131 ile ger\u00e7ekle\u015ftirilir. H\u0131zl\u0131 kan ak\u0131\u015f\u0131n\u0131n oldu\u011fu durumlarda daha do\u011fru bir \u00f6l\u00e7\u00fcm imkan\u0131 sa\u011flar.<\/p>\n<p>&nbsp;<\/p>\n<p>&nbsp;<\/p>\n<p>&nbsp;<\/p>\n<p>Sayfa bilgilendirme ama\u00e7l\u0131d\u0131r. Tan\u0131 ve Tedavi i\u00e7in doktorunuza ba\u015fvurunuz.<\/p>\n<pre>G\u00fcncelleme Tarihi 18.11.2024<\/pre>\n<p>[\/vc_column_text][\/vc_column][\/vc_row]<\/p>\n","protected":false},"excerpt":{"rendered":"<p>[vc_row][vc_column][vc_column_text]Doppler Ultrason Nedir? G\u00f6r\u00fcnt\u00fcleme testleri, v\u00fccudun d\u0131\u015far\u0131dan g\u00f6r\u00fcnmeyen k\u0131s\u0131mlar\u0131n veya tamam\u0131n\u0131n bir g\u00f6r\u00fcnt\u00fcs\u00fcn\u00fc olu\u015fturan testlerdir. Hekimler bir hastal\u0131\u011f\u0131 te\u015fhis ederken bir\u00e7ok y\u00f6ntemden faydalan\u0131rlar. Bunlardan baz\u0131lar\u0131 fiziksel muayene, lab bulgular\u0131 veya hasta \u00f6yk\u00fcs\u00fc olabilir. Ancak bazen bu y\u00f6ntemler yeterli gelmez ve hekimin v\u00fccudun i\u00e7erisinde ne oldu\u011funa dair bi fikir sahibi olmas\u0131 gerekir. G\u00f6r\u00fcnt\u00fcleme testleri bu ama\u00e7&hellip;<\/p>\n","protected":false},"author":2,"featured_media":0,"parent":0,"menu_order":0,"comment_status":"closed","ping_status":"closed","template":"","meta":{"inline_featured_image":false,"_joinchat":[]},"_links":{"self":[{"href":"https:\/\/drzeynepgedikozkose.com\/index.php?rest_route=\/wp\/v2\/pages\/1730"}],"collection":[{"href":"https:\/\/drzeynepgedikozkose.com\/index.php?rest_route=\/wp\/v2\/pages"}],"about":[{"href":"https:\/\/drzeynepgedikozkose.com\/index.php?rest_route=\/wp\/v2\/types\/page"}],"author":[{"embeddable":true,"href":"https:\/\/drzeynepgedikozkose.com\/index.php?rest_route=\/wp\/v2\/users\/2"}],"replies":[{"embeddable":true,"href":"https:\/\/drzeynepgedikozkose.com\/index.php?rest_route=%2Fwp%2Fv2%2Fcomments&post=1730"}],"version-history":[{"count":4,"href":"https:\/\/drzeynepgedikozkose.com\/index.php?rest_route=\/wp\/v2\/pages\/1730\/revisions"}],"predecessor-version":[{"id":1977,"href":"https:\/\/drzeynepgedikozkose.com\/index.php?rest_route=\/wp\/v2\/pages\/1730\/revisions\/1977"}],"wp:attachment":[{"href":"https:\/\/drzeynepgedikozkose.com\/index.php?rest_route=%2Fwp%2Fv2%2Fmedia&parent=1730"}],"curies":[{"name":"wp","href":"https:\/\/api.w.org\/{rel}","templated":true}]}}