{"id":1728,"date":"2024-11-15T13:26:33","date_gmt":"2024-11-15T10:26:33","guid":{"rendered":"http:\/\/drzeynepgedikozkose.com\/?page_id=1728"},"modified":"2024-11-21T13:56:32","modified_gmt":"2024-11-21T10:56:32","slug":"fetal-ekokardiyografi","status":"publish","type":"page","link":"https:\/\/drzeynepgedikozkose.com\/?page_id=1728","title":{"rendered":"Fetal Ekokardiyografi"},"content":{"rendered":"<p>[vc_row][vc_column][vc_column_text]<span style=\"font-size: 12pt;\"><strong>Fetal EKO (Ekokardiyografi) Nedir?<\/strong><\/span><\/p>\n<p>Fetal EKO, gebelik d\u00f6neminde anne karn\u0131ndaki bebe\u011fin kalp yap\u0131s\u0131n\u0131 ve fonksiyonlar\u0131n\u0131 de\u011ferlendirmek i\u00e7in kullan\u0131lan bir g\u00f6r\u00fcnt\u00fcleme y\u00f6ntemi olarak bilinir. Bu incelemede ultrason cihaz\u0131 kullan\u0131l\u0131r ve ses dalgalar\u0131 kullan\u0131larak yap\u0131lan bir i\u015flemdir. Anne karn\u0131ndaki bebe\u011fin kalbi 11. Haftadan itibaren de\u011ferlendirilebilir. Normal gebelerde fetal EKO iki kez yap\u0131lmas\u0131 \u00f6nerilir. \u0130lki 11 ve 14 aras\u0131 ikincisi ise 20-24 hafta aras\u0131d\u0131r. Ancak y\u00fcksek riskli gebeliklerde fetal EKO 11. Haftadan itibaren her hafta yap\u0131labilir. Bu nedenle fet\u00fcse bir zarar\u0131 yoktur. Bu yaz\u0131m\u0131zda sizin i\u00e7in fetal EKO hakk\u0131nda bilinmesi gerekenleri derledik.<\/p>\n<p><span style=\"font-size: 12pt;\"><strong>Fetal EKO (Ekokardiyografi) Hangi Durumlar\u0131 De\u011ferlendirir?<\/strong><\/span><\/p>\n<p>Fetal ekokardiyografi ile de\u011ferlendirilebilen durumlar a\u015fa\u011f\u0131daki gibi s\u0131ralanabilir:<\/p>\n<ul>\n<li><strong>Kalbin anatomik geli\u015fimsel anomalileri:<\/strong> Bunlar aras\u0131nda kalbin bo\u015fluklar\u0131 kapaklar\u0131 ve damar ba\u011flant\u0131lar\u0131n\u0131 ilgilendiren anomaliler yer al\u0131r. \u00d6rne\u011fin B\u00fcy\u00fck arter transpozisyonu damar ba\u011flant\u0131 anomalisidir. Ebstein anomalisi kapak hastal\u0131klar\u0131na verilebilecek \u00f6rnektir. Hipoplastik sol kalp sendromunda ise kalbin bo\u015fluklar\u0131n\u0131n geli\u015f kusuruna \u00f6rnek olu\u015fturur.<\/li>\n<li><strong>Kabin Kas\u0131ndan kaynakl\u0131 hastal\u0131klar:<\/strong> Kalp kas\u0131n\u0131n a\u015f\u0131r\u0131 b\u00fcy\u00fcmesi ile ortaya \u00e7\u0131kan hipertrofik obstruktif kardiyomyopati en \u00f6nemli \u00f6rnektir. Ayn\u0131 zamanda kalp kas\u0131ndan kaynaklanan rabdomyom ve kardiyak miksoma gibi t\u00fcm\u00f6rleri vard\u0131r.<\/li>\n<li><strong>Kan ak\u0131m\u0131n\u0131 ilgilendiren sorunlar:<\/strong> Esasen kan ak\u0131m\u0131 problemlerinin alt\u0131nda anatomik geli\u015fim kusuru vard\u0131r. \u00d6rne\u011fin kalbin en s\u0131k anomalisi kalp delikli\u011fidir t\u0131bbi ad\u0131yla VSD (ventrik\u00fcller septal defekt) de kalbin bo\u015fluklar\u0131 aras\u0131nda olmamas\u0131 gereken bir kan ak\u0131m\u0131 ortaya \u00e7\u0131kar.<\/li>\n<li><strong>Kalbin ritim bozukluklar\u0131:<\/strong> Kalbin ayn\u0131 zaman elektrik kablolar\u0131n\u0131 and\u0131ran bir ileti sistemi vard\u0131r. Anne karn\u0131ndaki bebe\u011fin kalbi dakikada 110 ile 160 aras\u0131nda atar. \u00c7e\u015fitli hastal\u0131klara ba\u011fl\u0131 kabin h\u0131z\u0131 100 at\u0131m dakika alt\u0131na inebilir veya 200 at\u0131m dakika \u00fczerine \u00e7\u0131kabilir. Bunlara s\u0131ras\u0131yla bradikardi ve ta\u015fikardi denir.<\/li>\n<\/ul>\n<p>Fetal EKO g\u00fcvenli bir i\u015flemdir ve anne ve veya bebe\u011fe zarar vermez. Yine de uzmanl\u0131k ve deneyim gerektiren bir inceleme oldu\u011funu alt\u0131n\u0131 \u00e7izmek gerekir.<\/p>\n<p>&nbsp;<\/p>\n<p>&nbsp;<\/p>\n<p>&nbsp;<\/p>\n<p>Sayfa bilgilendirme ama\u00e7l\u0131d\u0131r. Tan\u0131 ve Tedavi i\u00e7in doktorunuza ba\u015fvurunuz.<\/p>\n<pre>G\u00fcncelleme Tarihi 18.11.2024<\/pre>\n<p>[\/vc_column_text][\/vc_column][\/vc_row]<\/p>\n","protected":false},"excerpt":{"rendered":"<p>[vc_row][vc_column][vc_column_text]Fetal EKO (Ekokardiyografi) Nedir? Fetal EKO, gebelik d\u00f6neminde anne karn\u0131ndaki bebe\u011fin kalp yap\u0131s\u0131n\u0131 ve fonksiyonlar\u0131n\u0131 de\u011ferlendirmek i\u00e7in kullan\u0131lan bir g\u00f6r\u00fcnt\u00fcleme y\u00f6ntemi olarak bilinir. Bu incelemede ultrason cihaz\u0131 kullan\u0131l\u0131r ve ses dalgalar\u0131 kullan\u0131larak yap\u0131lan bir i\u015flemdir. Anne karn\u0131ndaki bebe\u011fin kalbi 11. Haftadan itibaren de\u011ferlendirilebilir. Normal gebelerde fetal EKO iki kez yap\u0131lmas\u0131 \u00f6nerilir. \u0130lki 11 ve 14&hellip;<\/p>\n","protected":false},"author":2,"featured_media":0,"parent":0,"menu_order":0,"comment_status":"closed","ping_status":"closed","template":"","meta":{"inline_featured_image":false,"_joinchat":[]},"_links":{"self":[{"href":"https:\/\/drzeynepgedikozkose.com\/index.php?rest_route=\/wp\/v2\/pages\/1728"}],"collection":[{"href":"https:\/\/drzeynepgedikozkose.com\/index.php?rest_route=\/wp\/v2\/pages"}],"about":[{"href":"https:\/\/drzeynepgedikozkose.com\/index.php?rest_route=\/wp\/v2\/types\/page"}],"author":[{"embeddable":true,"href":"https:\/\/drzeynepgedikozkose.com\/index.php?rest_route=\/wp\/v2\/users\/2"}],"replies":[{"embeddable":true,"href":"https:\/\/drzeynepgedikozkose.com\/index.php?rest_route=%2Fwp%2Fv2%2Fcomments&post=1728"}],"version-history":[{"count":3,"href":"https:\/\/drzeynepgedikozkose.com\/index.php?rest_route=\/wp\/v2\/pages\/1728\/revisions"}],"predecessor-version":[{"id":1978,"href":"https:\/\/drzeynepgedikozkose.com\/index.php?rest_route=\/wp\/v2\/pages\/1728\/revisions\/1978"}],"wp:attachment":[{"href":"https:\/\/drzeynepgedikozkose.com\/index.php?rest_route=%2Fwp%2Fv2%2Fmedia&parent=1728"}],"curies":[{"name":"wp","href":"https:\/\/api.w.org\/{rel}","templated":true}]}}