{"id":1721,"date":"2024-11-15T13:23:58","date_gmt":"2024-11-15T10:23:58","guid":{"rendered":"http:\/\/drzeynepgedikozkose.com\/?page_id=1721"},"modified":"2024-11-21T14:07:43","modified_gmt":"2024-11-21T11:07:43","slug":"ikinci-duzey-ultrason-detayli-ultrason","status":"publish","type":"page","link":"https:\/\/drzeynepgedikozkose.com\/?page_id=1721","title":{"rendered":"\u0130kinci D\u00fczey Ultrason (Detayl\u0131 Ultrason)"},"content":{"rendered":"<p>[vc_row][vc_column][vc_column_text]<\/p>\n<div>\u0130kinci d\u00fczey ultrason, gebelik s\u0131ras\u0131nda yap\u0131lan detayl\u0131 bir ultrason incelemesidir. Bu tarama genellikle 18-23. gebelik haftalar\u0131 aras\u0131nda yap\u0131l\u0131r ve fet\u00fcs\u00fcn anatomik yap\u0131s\u0131n\u0131 ayr\u0131nt\u0131l\u0131 bir \u015fekilde de\u011ferlendirmeyi ama\u00e7lar.<\/div>\n<div><\/div>\n<div><strong>\u0130kinci D\u00fczey Ultrasonun Amac\u0131:<\/strong><\/div>\n<div><\/div>\n<div>\u2022Bebe\u011fin anatomik geli\u015fimini de\u011ferlendirme: Beyin, kalp, omurga, b\u00f6brekler, mide, karaci\u011fer ve di\u011fer organlar ayr\u0131nt\u0131l\u0131 bir \u015fekilde incelenir.<\/div>\n<div>\u2022Bebe\u011fin b\u00fcy\u00fcme ve geli\u015fimi: Ba\u015f \u00e7evresi, kar\u0131n \u00e7evresi ve bacak kemi\u011fi gibi \u00f6l\u00e7\u00fcmler yap\u0131l\u0131r.<\/div>\n<div>\u2022Do\u011fumsal anomalileri tespit etme: Yar\u0131k damak, spina bifida, kalp kusurlar\u0131 gibi yap\u0131sal sorunlar saptanabilir.<\/div>\n<div>\u2022Amniyon s\u0131v\u0131s\u0131 ve plasenta: Amniyon s\u0131v\u0131s\u0131n\u0131n miktar\u0131 ve plasentan\u0131n durumu de\u011ferlendirilir.<\/div>\n<div>\u2022Rahim ve serviks durumu: Anneye ait rahim ve serviks yap\u0131lar\u0131na da bak\u0131larak gebeli\u011fin seyrine dair bilgi al\u0131n\u0131r.<\/div>\n<div><\/div>\n<div><strong>Kimlere Yap\u0131l\u0131r?<\/strong><\/div>\n<div><\/div>\n<div>\u0130kinci d\u00fczey ultrason genellikle her gebe kad\u0131na \u00f6nerilir. Ancak a\u015fa\u011f\u0131daki durumlarda \u00f6zellikle \u00f6nerilebilir:<\/div>\n<div>\u2022Ailede genetik hastal\u0131k \u00f6yk\u00fcs\u00fc varsa.<\/div>\n<div>\u2022Daha \u00f6nceki gebeliklerde anomalili bebek \u00f6yk\u00fcs\u00fc varsa.<\/div>\n<div>\u2022Anne aday\u0131n\u0131n ya\u015f\u0131 35 \u00fczerindeyse.<\/div>\n<div>\u2022Tarama testlerinde (ikili ya da \u00fc\u00e7l\u00fc test) riskli sonu\u00e7lar \u00e7\u0131km\u0131\u015fsa.<\/div>\n<div><\/div>\n<div>Bu ultrason a\u011fr\u0131s\u0131z ve g\u00fcvenlidir. Yap\u0131lan de\u011ferlendirmeler sonucunda daha ileri testlerin (\u00f6r. amniyosentez) gerekli olup olmad\u0131\u011f\u0131na karar verilebilir.<\/div>\n<div><\/div>\n<div><\/div>\n<div><\/div>\n<div>\n<div>\n<p>Sayfa bilgilendirme ama\u00e7l\u0131d\u0131r. Tan\u0131 ve Tedavi i\u00e7in doktorunuza ba\u015fvurunuz.<\/p>\n<pre>G\u00fcncelleme Tarihi 18.11.2024<\/pre>\n<\/div>\n<div><\/div>\n<\/div>\n<p>[\/vc_column_text][\/vc_column][\/vc_row]<\/p>\n","protected":false},"excerpt":{"rendered":"<p>[vc_row][vc_column][vc_column_text] \u0130kinci d\u00fczey ultrason, gebelik s\u0131ras\u0131nda yap\u0131lan detayl\u0131 bir ultrason incelemesidir. Bu tarama genellikle 18-23. gebelik haftalar\u0131 aras\u0131nda yap\u0131l\u0131r ve fet\u00fcs\u00fcn anatomik yap\u0131s\u0131n\u0131 ayr\u0131nt\u0131l\u0131 bir \u015fekilde de\u011ferlendirmeyi ama\u00e7lar. \u0130kinci D\u00fczey Ultrasonun Amac\u0131: \u2022Bebe\u011fin anatomik geli\u015fimini de\u011ferlendirme: Beyin, kalp, omurga, b\u00f6brekler, mide, karaci\u011fer ve di\u011fer organlar ayr\u0131nt\u0131l\u0131 bir \u015fekilde incelenir. \u2022Bebe\u011fin b\u00fcy\u00fcme ve geli\u015fimi: Ba\u015f \u00e7evresi,&hellip;<\/p>\n","protected":false},"author":2,"featured_media":0,"parent":0,"menu_order":0,"comment_status":"closed","ping_status":"closed","template":"","meta":{"inline_featured_image":false,"_joinchat":[]},"_links":{"self":[{"href":"https:\/\/drzeynepgedikozkose.com\/index.php?rest_route=\/wp\/v2\/pages\/1721"}],"collection":[{"href":"https:\/\/drzeynepgedikozkose.com\/index.php?rest_route=\/wp\/v2\/pages"}],"about":[{"href":"https:\/\/drzeynepgedikozkose.com\/index.php?rest_route=\/wp\/v2\/types\/page"}],"author":[{"embeddable":true,"href":"https:\/\/drzeynepgedikozkose.com\/index.php?rest_route=\/wp\/v2\/users\/2"}],"replies":[{"embeddable":true,"href":"https:\/\/drzeynepgedikozkose.com\/index.php?rest_route=%2Fwp%2Fv2%2Fcomments&post=1721"}],"version-history":[{"count":4,"href":"https:\/\/drzeynepgedikozkose.com\/index.php?rest_route=\/wp\/v2\/pages\/1721\/revisions"}],"predecessor-version":[{"id":1989,"href":"https:\/\/drzeynepgedikozkose.com\/index.php?rest_route=\/wp\/v2\/pages\/1721\/revisions\/1989"}],"wp:attachment":[{"href":"https:\/\/drzeynepgedikozkose.com\/index.php?rest_route=%2Fwp%2Fv2%2Fmedia&parent=1721"}],"curies":[{"name":"wp","href":"https:\/\/api.w.org\/{rel}","templated":true}]}}