{"id":1635,"date":"2023-03-10T08:57:26","date_gmt":"2023-03-10T05:57:26","guid":{"rendered":"http:\/\/drzeynepgedikozkose.com\/?page_id=1635"},"modified":"2024-11-21T14:16:56","modified_gmt":"2024-11-21T11:16:56","slug":"cocuklarda-asilama","status":"publish","type":"page","link":"https:\/\/drzeynepgedikozkose.com\/?page_id=1635","title":{"rendered":"Perinatoloji (Riskli Gebelik)"},"content":{"rendered":"<p>[vc_row][vc_column][vc_column_text]<\/p>\n<div><strong>Perinatoloji<\/strong>, anne ve fet\u00fcs sa\u011fl\u0131\u011f\u0131na odaklanan bir t\u0131p dal\u0131d\u0131r. Kad\u0131n hastal\u0131klar\u0131 ve do\u011fum uzmanl\u0131\u011f\u0131n\u0131n bir yan dal\u0131 olarak, gebelik s\u00fcrecindeki riskli durumlar\u0131 ve komplikasyonlar\u0131 te\u015fhis, takip ve tedavi etmeyi ama\u00e7lar.<\/div>\n<div><\/div>\n<div><strong>Perinatolojinin \u0130lgi Alanlar\u0131:<\/strong><\/div>\n<div>\u2022Y\u00fcksek riskli gebelikler: Anne aday\u0131nda diyabet, hipertansiyon, tiroid hastal\u0131klar\u0131 gibi durumlar\u0131n olmas\u0131.<\/div>\n<div>\u2022Fetal anomaliler: Ultrasonda tespit edilen yap\u0131sal ya da genetik sorunlar\u0131n de\u011ferlendirilmesi.<\/div>\n<div>\u2022Erken do\u011fum riski: Gebeli\u011fin erken sonlanma ihtimali olan durumlar.<\/div>\n<div>\u2022\u00c7o\u011ful gebelikler: \u0130kiz ya da daha fazla bebe\u011fin bulundu\u011fu gebeliklerin y\u00f6netimi.<\/div>\n<div>\u2022Plasenta sorunlar\u0131: Plasenta previa, plasental abrupsiyon gibi durumlar.<\/div>\n<div>\u2022Do\u011fum \u00f6ncesi testler: Amniyosentez, koryon villus \u00f6rneklemesi (CVS) gibi genetik testler.<\/div>\n<div><\/div>\n<div>Perinatologlar, kad\u0131n do\u011fum uzmanlar\u0131yla i\u015f birli\u011fi yaparak hem anne hem de bebe\u011fin sa\u011fl\u0131kl\u0131 bir \u015fekilde do\u011fumu ger\u00e7ekle\u015ftirmesini sa\u011flamaya \u00e7al\u0131\u015f\u0131rlar.<\/div>\n<div><\/div>\n<div><\/div>\n<div><\/div>\n<div>\n<div>\n<p>Sayfa bilgilendirme ama\u00e7l\u0131d\u0131r. Tan\u0131 ve Tedavi i\u00e7in doktorunuza ba\u015fvurunuz.<\/p>\n<pre>G\u00fcncelleme Tarihi 18.11.2024<\/pre>\n<\/div>\n<div><\/div>\n<\/div>\n<p>[\/vc_column_text][\/vc_column][\/vc_row]<\/p>\n","protected":false},"excerpt":{"rendered":"<p>[vc_row][vc_column][vc_column_text] Perinatoloji, anne ve fet\u00fcs sa\u011fl\u0131\u011f\u0131na odaklanan bir t\u0131p dal\u0131d\u0131r. Kad\u0131n hastal\u0131klar\u0131 ve do\u011fum uzmanl\u0131\u011f\u0131n\u0131n bir yan dal\u0131 olarak, gebelik s\u00fcrecindeki riskli durumlar\u0131 ve komplikasyonlar\u0131 te\u015fhis, takip ve tedavi etmeyi ama\u00e7lar. Perinatolojinin \u0130lgi Alanlar\u0131: \u2022Y\u00fcksek riskli gebelikler: Anne aday\u0131nda diyabet, hipertansiyon, tiroid hastal\u0131klar\u0131 gibi durumlar\u0131n olmas\u0131. \u2022Fetal anomaliler: Ultrasonda tespit edilen yap\u0131sal ya da genetik&hellip;<\/p>\n","protected":false},"author":1,"featured_media":0,"parent":0,"menu_order":0,"comment_status":"closed","ping_status":"closed","template":"","meta":{"inline_featured_image":false,"_joinchat":[]},"_links":{"self":[{"href":"https:\/\/drzeynepgedikozkose.com\/index.php?rest_route=\/wp\/v2\/pages\/1635"}],"collection":[{"href":"https:\/\/drzeynepgedikozkose.com\/index.php?rest_route=\/wp\/v2\/pages"}],"about":[{"href":"https:\/\/drzeynepgedikozkose.com\/index.php?rest_route=\/wp\/v2\/types\/page"}],"author":[{"embeddable":true,"href":"https:\/\/drzeynepgedikozkose.com\/index.php?rest_route=\/wp\/v2\/users\/1"}],"replies":[{"embeddable":true,"href":"https:\/\/drzeynepgedikozkose.com\/index.php?rest_route=%2Fwp%2Fv2%2Fcomments&post=1635"}],"version-history":[{"count":10,"href":"https:\/\/drzeynepgedikozkose.com\/index.php?rest_route=\/wp\/v2\/pages\/1635\/revisions"}],"predecessor-version":[{"id":1997,"href":"https:\/\/drzeynepgedikozkose.com\/index.php?rest_route=\/wp\/v2\/pages\/1635\/revisions\/1997"}],"wp:attachment":[{"href":"https:\/\/drzeynepgedikozkose.com\/index.php?rest_route=%2Fwp%2Fv2%2Fmedia&parent=1635"}],"curies":[{"name":"wp","href":"https:\/\/api.w.org\/{rel}","templated":true}]}}