{"id":154,"date":"2016-06-23T11:12:53","date_gmt":"2016-06-23T10:12:53","guid":{"rendered":"https:\/\/the7.io\/construction\/?page_id=154"},"modified":"2024-11-25T11:47:11","modified_gmt":"2024-11-25T08:47:11","slug":"hakkimzida","status":"publish","type":"page","link":"https:\/\/drzeynepgedikozkose.com\/?page_id=154","title":{"rendered":"Hakk\u0131m\u0131zda"},"content":{"rendered":"<p>[vc_row type=&#8221;vc_default&#8221; margin_top=&#8221;5&#8243; margin_bottom=&#8221;15&#8243; css=&#8221;.vc_custom_1493829267800{padding-top: 70px !important;}&#8221;][vc_column offset=&#8221;vc_col-lg-6 vc_col-md-6 vc_col-xs-12&#8243; css=&#8221;.vc_custom_1493829169670{padding-bottom: 70px !important;}&#8221;]<style type=\"text\/css\" data-type=\"the7_shortcodes-inline-css\">.shortcode-single-image-wrap.shortcode-single-image-42c9b16a80734d43f0abd0f9535eab1c.enable-bg-rollover .rollover i,\n.shortcode-single-image-wrap.shortcode-single-image-42c9b16a80734d43f0abd0f9535eab1c.enable-bg-rollover .rollover-video i {\n  background: -webkit-linear-gradient();\n  background: linear-gradient();\n}\n.shortcode-single-image-wrap.shortcode-single-image-42c9b16a80734d43f0abd0f9535eab1c .rollover-icon {\n  font-size: 32px;\n  color: #ffffff;\n  min-width: 44px;\n  min-height: 44px;\n  line-height: 44px;\n  border-radius: 100px;\n  border-style: solid;\n  border-width: 0px;\n}\n.dt-icon-bg-on.shortcode-single-image-wrap.shortcode-single-image-42c9b16a80734d43f0abd0f9535eab1c .rollover-icon {\n  background: rgba(255,255,255,0.3);\n  box-shadow: none;\n}\n<\/style><div class=\"shortcode-single-image-wrap shortcode-single-image-42c9b16a80734d43f0abd0f9535eab1c alignnone  vc_custom_1731674162868 enable-bg-rollover dt-icon-bg-off\" ><div class=\"shortcode-single-image\"><div class=\"fancy-media-wrap  layzr-bg\" style=\"\"><img class=\"preload-me lazy-load\" src=\"data:image\/svg+xml,%3Csvg%20xmlns%3D&#39;http%3A%2F%2Fwww.w3.org%2F2000%2Fsvg&#39;%20viewBox%3D&#39;0%200%201014%201090&#39;%2F%3E\" data-src=\"https:\/\/drzeynepgedikozkose.com\/wp-content\/uploads\/2024\/11\/Ekran-Resmi-2024-11-15-15.33.44.png\" data-srcset=\"https:\/\/drzeynepgedikozkose.com\/wp-content\/uploads\/2024\/11\/Ekran-Resmi-2024-11-15-15.33.44.png 1014w\" width=\"1014\" height=\"1090\"  data-dt-location=\"https:\/\/drzeynepgedikozkose.com\/?attachment_id=1911\" style=\"\" alt=\"\" \/><\/div><\/div><\/div>[\/vc_column][vc_column offset=&#8221;vc_col-lg-6 vc_col-md-6 vc_col-xs-12&#8243; css=&#8221;.vc_custom_1493829183360{padding-bottom: 70px !important;}&#8221;][vc_column_text]17.11.1987 \u0130stanbul do\u011fumlu Zeynep Gedik \u00d6zk\u00f6se ilk ve orta \u00f6\u011frenimini Mustafa Itri \u0130lkokulu, lise \u00f6\u011frenimini ise Gaziosmanpa\u015fa Anadolu Lisesi\u2019nde tamamlam\u0131\u015ft\u0131r. 2010 y\u0131l\u0131nda Adnan Menderes \u00dcniversitesi T\u0131p Fak\u00fcltesi\u2019ni bitiren Zeynep Gedik \u00d6zk\u00f6se ayn\u0131 y\u0131l t\u0131pta uzmanl\u0131k s\u0131nav\u0131nda \u0130stanbul Bak\u0131rk\u00f6y Kad\u0131n Do\u011fum ve \u00c7ocuk Hastal\u0131klar\u0131 E\u011fitim Ara\u015ft\u0131rma Hastanesi\u2019ni kazanm\u0131\u015f ve Kad\u0131n Hastal\u0131klar\u0131 ve Do\u011fum Asistan\u0131 olarak g\u00f6reve ba\u015flam\u0131\u015ft\u0131r. 2015 y\u0131l\u0131nda riskli gebelikler alan\u0131nda \u201cErken ve Ge\u00e7 Ba\u015flang\u0131\u00e7l\u0131 Preeklampside Plasental Histopatolojik Bulgular\u0131n \u0130ncelenmesi\u201d konusundaki tezini sunarak Kad\u0131n Do\u011fum Uzman\u0131 \u00fcnvan\u0131n\u0131 alm\u0131\u015ft\u0131r.<br \/>\n2015\u2013 2016 y\u0131llar\u0131nda \u0130stanbul Bah\u00e7elievler Devlet Hastanesi\u2019nde Kad\u0131n Hastal\u0131klar\u0131 ve Do\u011fum Uzman\u0131 olarak \u00e7al\u0131\u015farak mecburi hizmetini tamamlayan Zeynep Gedik \u00d6zk\u00f6se yan dal s\u0131nav\u0131nda T\u00fcrkiye 10\u2019uncusu olarak eski Bak\u0131rk\u00f6y Do\u011fum Evi olan \u0130stanbul Kanuni Sultan S\u00fcleyman E\u011fitim Ara\u015ft\u0131rma Hastanesi Perinatoloji Riskli Gebelik B\u00f6l\u00fcm\u00fc\u2019n\u00fc kazanm\u0131\u015ft\u0131r. 2016-2022 y\u0131llar\u0131 aras\u0131nda \u0130stanbul Kanuni Sultan S\u00fcleyman E\u011fitim Ara\u015ft\u0131rma Hastanesi Perinatoloji Riskli Gebelik biriminde Kad\u0131n Hastal\u0131klar\u0131 ve Do\u011fum\/ Perinatoloji Uzman\u0131 olarak hizmet vermi\u015f olan Zeynep Gedik \u00d6zk\u00f6se \u00e7ok say\u0131da ulusal ve uluslararas\u0131 kongre, sempozyuma kat\u0131lm\u0131\u015f ve \u00e7ok say\u0131da uluslararas\u0131 ve ulusal yay\u0131na sahiptir. Evli ve iki erkek \u00e7ocuk annesi olan Zeynep Gedik \u00d6zk\u00f6se \u0130ngilizce ve Almanca bilmekte olup, \u00e7ocuklar\u0131yla birlikte yurt i\u00e7i ve d\u0131\u015f\u0131 gezileri yapmaktan keyif al\u0131r. E\u015fi de Kad\u0131n Hastal\u0131klar\u0131 ve Do\u011fum Uzman\u0131 olan Zeynep Gedik \u00d6zk\u00f6se \u0130stanbul Ni\u015fanta\u015f\u0131\u2019nda kurduklar\u0131 \u00f6zel kliniklerinde hastalar\u0131na hizmet vermeye ve bilimsel \u00e7al\u0131\u015fmalar\u0131na devam etmektedir.[\/vc_column_text][\/vc_column][\/vc_row][vc_row disable_element=&#8221;yes&#8221;][vc_column][vc_column_text]<\/p>\n<div class=\"av-special-heading av-special-heading-h2 avia-builder-el-22 el_before_av_textblock avia-builder-el-first \"><\/div>\n<section class=\"av_textblock_section \">\n<div class=\"avia_textblock \">\n<p>&nbsp;<\/p>\n<\/div>\n<\/section>\n<div class=\"av-special-heading av-special-heading-h2 avia-builder-el-24 el_after_av_textblock el_before_av_textblock \">\n<h2 class=\"av-special-heading-tag \">\u00d6zge\u00e7mi\u015f<\/h2>\n<div class=\"special-heading-border\">\n<div class=\"special-heading-inner-border\"><\/div>\n<\/div>\n<\/div>\n<section class=\"av_textblock_section \">\n<div class=\"avia_textblock \">\n<ul>\n<li>2008 \u2013 Bak\u0131rk\u00f6y Kad\u0131n Do\u011fum ve \u00c7ocuk Hastal\u0131klar\u0131 E\u011fitim Ara\u015ft\u0131rma Hastanesi \u00c7ocuk Sa\u011fl\u0131\u011f\u0131 ve Hastal\u0131klar\u0131<\/li>\n<li>2001 \u2013 \u0130stanbul \u00dcniversitesi \u0130stanbul T\u0131p Fak\u00fcltesi<\/li>\n<\/ul>\n<\/div>\n<\/section>\n<div class=\"av-special-heading av-special-heading-h2 avia-builder-el-26 el_after_av_textblock el_before_av_textblock \">\n<h2 class=\"av-special-heading-tag \">\u0130\u015f Deneyimi<\/h2>\n<div class=\"special-heading-border\">\n<div class=\"special-heading-inner-border\"><\/div>\n<\/div>\n<\/div>\n<section class=\"av_textblock_section \">\n<div class=\"avia_textblock \">\n<ul>\n<li>2015 \u2013 Halen Ac\u0131badem Sa\u011fl\u0131k Grubu<\/li>\n<li>2015 \u2013 2016: \u00d6zel Derindere Hastanesi<\/li>\n<li>2014 \u2013 2015: Kurtk\u00f6y \u00d6zel Emsey Hastanesi<\/li>\n<li>2011 \u2013 2014: \u00d6zel Yenibosna Safa Hastanesi<\/li>\n<li>2011 \u2013 2011: \u00d6zel Meltem Hastanesi<\/li>\n<li>2009 \u2013 2011: Mardin K\u0131z\u0131ltepe Devlet Hastanesi<\/li>\n<\/ul>\n<\/div>\n<\/section>\n<div class=\"av-special-heading av-special-heading-h2 avia-builder-el-28 el_after_av_textblock el_before_av_textblock \">\n<h2 class=\"av-special-heading-tag \">\u00dcyelikler<\/h2>\n<div class=\"special-heading-border\">\n<div class=\"special-heading-inner-border\"><\/div>\n<\/div>\n<\/div>\n<section class=\"av_textblock_section \">\n<div class=\"avia_textblock \">\n<ul>\n<li>Haseki T\u0131p B\u00fclteni<\/li>\n<li>Internatiional Pediatric Association<\/li>\n<li>T\u00fcrk Pediatri Kurumu<\/li>\n<li>Merck Medicus<\/li>\n<\/ul>\n<\/div>\n<\/section>\n<div class=\"av-special-heading av-special-heading-h2 avia-builder-el-30 el_after_av_textblock el_before_av_textblock \">\n<h2 class=\"av-special-heading-tag \">Bilimsel Yay\u0131nlar<\/h2>\n<div class=\"special-heading-border\">\n<div class=\"special-heading-inner-border\"><\/div>\n<\/div>\n<\/div>\n<section class=\"av_textblock_section \">\n<div class=\"avia_textblock \">\n<p><strong>\u00dcnitemizde bir y\u0131l i\u00e7inde do\u011fan t\u00fcm yenido\u011fanlar\u0131n demografik da\u011f\u0131l\u0131m\u0131, mortalite ve morbidity sonu\u00e7lar\u0131<\/strong><br \/>\n2010; 2(3):106-115<\/p>\n<p><strong>Acil \u00c7ocuk Klini\u011fi 2005 Y\u0131l\u0131 Akut Zehirlenme Olgular\u0131n\u0131n De\u011ferlendirilmesi<\/strong><br \/>\nMarmara M\u00e9dical Journal; 2007, Cilt 20, Say\u0131 1, Sayfa(lar) 012-020<\/p>\n<p><strong>Zehirlenme Olgular\u0131nda Takip ve Tedavi Yakla\u015f\u0131m\u0131m\u0131z<\/strong><br \/>\nBak\u0131rk\u00f6y T\u0131p Dergisi 2006;2:82-87<\/p>\n<\/div>\n<\/section>\n<p>[\/vc_column_text][\/vc_column][\/vc_row]<\/p>\n","protected":false},"excerpt":{"rendered":"<p>[vc_row type=&#8221;vc_default&#8221; margin_top=&#8221;5&#8243; margin_bottom=&#8221;15&#8243; css=&#8221;.vc_custom_1493829267800{padding-top: 70px !important;}&#8221;][vc_column offset=&#8221;vc_col-lg-6 vc_col-md-6 vc_col-xs-12&#8243; css=&#8221;.vc_custom_1493829169670{padding-bottom: 70px !important;}&#8221;][\/vc_column][vc_column offset=&#8221;vc_col-lg-6 vc_col-md-6 vc_col-xs-12&#8243; css=&#8221;.vc_custom_1493829183360{padding-bottom: 70px !important;}&#8221;][vc_column_text]17.11.1987 \u0130stanbul do\u011fumlu Zeynep Gedik \u00d6zk\u00f6se ilk ve orta \u00f6\u011frenimini Mustafa Itri \u0130lkokulu, lise \u00f6\u011frenimini ise Gaziosmanpa\u015fa Anadolu Lisesi\u2019nde tamamlam\u0131\u015ft\u0131r. 2010 y\u0131l\u0131nda Adnan Menderes \u00dcniversitesi T\u0131p Fak\u00fcltesi\u2019ni bitiren Zeynep Gedik \u00d6zk\u00f6se ayn\u0131 y\u0131l t\u0131pta uzmanl\u0131k s\u0131nav\u0131nda \u0130stanbul&hellip;<\/p>\n","protected":false},"author":1,"featured_media":0,"parent":0,"menu_order":1,"comment_status":"closed","ping_status":"closed","template":"","meta":{"inline_featured_image":false,"_joinchat":[]},"_links":{"self":[{"href":"https:\/\/drzeynepgedikozkose.com\/index.php?rest_route=\/wp\/v2\/pages\/154"}],"collection":[{"href":"https:\/\/drzeynepgedikozkose.com\/index.php?rest_route=\/wp\/v2\/pages"}],"about":[{"href":"https:\/\/drzeynepgedikozkose.com\/index.php?rest_route=\/wp\/v2\/types\/page"}],"author":[{"embeddable":true,"href":"https:\/\/drzeynepgedikozkose.com\/index.php?rest_route=\/wp\/v2\/users\/1"}],"replies":[{"embeddable":true,"href":"https:\/\/drzeynepgedikozkose.com\/index.php?rest_route=%2Fwp%2Fv2%2Fcomments&post=154"}],"version-history":[{"count":9,"href":"https:\/\/drzeynepgedikozkose.com\/index.php?rest_route=\/wp\/v2\/pages\/154\/revisions"}],"predecessor-version":[{"id":2009,"href":"https:\/\/drzeynepgedikozkose.com\/index.php?rest_route=\/wp\/v2\/pages\/154\/revisions\/2009"}],"wp:attachment":[{"href":"https:\/\/drzeynepgedikozkose.com\/index.php?rest_route=%2Fwp%2Fv2%2Fmedia&parent=154"}],"curies":[{"name":"wp","href":"https:\/\/api.w.org\/{rel}","templated":true}]}}